{"id":237,"date":"2025-07-30T17:55:19","date_gmt":"2025-07-30T10:55:19","guid":{"rendered":"https:\/\/atlanticmedical.vn\/?post_type=product&#038;p=237"},"modified":"2026-03-16T09:15:55","modified_gmt":"2026-03-16T02:15:55","slug":"sat-bot-ferrolip-bo-sung-sat-huu-co","status":"publish","type":"product","link":"https:\/\/atlanticmedical.vn\/en\/product\/sat-bot-ferrolip-bo-sung-sat-huu-co\/","title":{"rendered":"S\u1eaft B\u1ed9t FERROLIP B\u1ed5 Sung S\u1eaft H\u1eefu C\u01a1"},"content":{"rendered":"<p>S\u1eaft B\u1ed9t FERROLIP B\u1ed5 Sung S\u1eaft H\u1eefu C\u01a1 Kh\u00f4ng T\u00e1o B\u00f3n Kh\u00f4ng Tanh V\u1ecb Chanh Cho B\u00e0 B\u1ea7u V\u00e0 Ng\u01b0\u1eddi Thi\u1ebfu S\u1eaft H\u1ed9p 20 G\u00f3i<\/p>\n<p>1. TH\u00d4NG TIN S\u1ea2N PH\u1ea8M<\/p>\n<p>&#8211; T\u00ean s\u1ea3n ph\u1ea9m: FERROLIP<\/p>\n<p>&#8211; Th\u01b0\u01a1ng hi\u1ec7u : Ferrolip<\/p>\n<p>&#8211; Xu\u1ea5t X\u1ee9: Italia<\/p>\n<p>&#8211; Quy c\u00e1ch: H\u1ed9p 20 g\u00f3i<\/p>\n<p>2. \u0110\u1eb6C \u0110I\u1ec2M N\u1ed4I B\u1eacT<\/p>\n<p>&#8211; Ch\u1ee9a 30mg s\u1eaft nguy\u00ean t\u1ed1, \u0111\u1ea3m b\u1ea3o nhu c\u1ea7u s\u1eaft h\u00e0ng ng\u00e0y cho m\u1eb9 b\u1ea7u (theo WHO) v\u00e0 \u0111\u1ed1i t\u01b0\u1ee3ng c\u1ea7n b\u1ed5 sung s\u1eaft.<\/p>\n<p>&#8211; \u1ee8ng d\u1ee5ng c\u00f4ng ngh\u1ec7 vi bao gi\u00fap s\u1eaft kh\u00f4ng tanh, h\u1ea1n ch\u1ebf t\u00ecnh tr\u1ea1ng n\u00f3ng trong, t\u00e1o b\u00f3n.<\/p>\n<p>&#8211; D\u1ea1ng buccal tan ngay trong mi\u1ec7ng, d\u1ec5 s\u1eed d\u1ee5ng cho t\u1ea5t c\u1ea3 m\u1ecdi ng\u01b0\u1eddi.<\/p>\n<p>&#8211; Kh\u00f4ng tanh, h\u01b0\u01a1ng chanh thanh m\u00e1t, \u0111\u1ea1t ch\u1ee9ng nh\u1eadn H\u01b0\u01a1ng v\u1ecb n\u1ed5i tr\u1ed9i (Superior Taste Award) c\u1ee7a Vi\u1ec7n Th\u1ea9m \u0111\u1ecbnh H\u01b0\u01a1ng v\u1ecb qu\u1ed1c t\u1ebf<\/p>","protected":false},"excerpt":{"rendered":"<p>Ch\u1ee9a 30mg s\u1eaft nguy\u00ean t\u1ed1, \u0111\u1ea3m b\u1ea3o nhu c\u1ea7u s\u1eaft h\u00e0ng ng\u00e0y cho m\u1eb9 b\u1ea7u (theo WHO) v\u00e0 \u0111\u1ed1i t\u01b0\u1ee3ng c\u1ea7n b\u1ed5 sung s\u1eaft.<\/p>\n<p>\u1ee8ng d\u1ee5ng c\u00f4ng ngh\u1ec7 vi bao gi\u00fap s\u1eaft kh\u00f4ng tanh, h\u1ea1n ch\u1ebf t\u00ecnh tr\u1ea1ng n\u00f3ng trong, t\u00e1o b\u00f3n.<\/p>","protected":false},"featured_media":238,"comment_status":"open","ping_status":"closed","template":"","meta":{"_acf_changed":false},"product_brand":[],"product_cat":[108],"product_tag":[],"class_list":{"0":"post-237","1":"product","2":"type-product","3":"status-publish","4":"has-post-thumbnail","6":"product_cat-thuc-pham-chuc-nang","8":"first","9":"instock","10":"sale","11":"shipping-taxable","12":"purchasable","13":"product-type-simple"},"acf":[],"_links":{"self":[{"href":"https:\/\/atlanticmedical.vn\/en\/wp-json\/wp\/v2\/product\/237","targetHints":{"allow":["GET"]}}],"collection":[{"href":"https:\/\/atlanticmedical.vn\/en\/wp-json\/wp\/v2\/product"}],"about":[{"href":"https:\/\/atlanticmedical.vn\/en\/wp-json\/wp\/v2\/types\/product"}],"replies":[{"embeddable":true,"href":"https:\/\/atlanticmedical.vn\/en\/wp-json\/wp\/v2\/comments?post=237"}],"wp:featuredmedia":[{"embeddable":true,"href":"https:\/\/atlanticmedical.vn\/en\/wp-json\/wp\/v2\/media\/238"}],"wp:attachment":[{"href":"https:\/\/atlanticmedical.vn\/en\/wp-json\/wp\/v2\/media?parent=237"}],"wp:term":[{"taxonomy":"product_brand","embeddable":true,"href":"https:\/\/atlanticmedical.vn\/en\/wp-json\/wp\/v2\/product_brand?post=237"},{"taxonomy":"product_cat","embeddable":true,"href":"https:\/\/atlanticmedical.vn\/en\/wp-json\/wp\/v2\/product_cat?post=237"},{"taxonomy":"product_tag","embeddable":true,"href":"https:\/\/atlanticmedical.vn\/en\/wp-json\/wp\/v2\/product_tag?post=237"}],"curies":[{"name":"wp","href":"https:\/\/api.w.org\/{rel}","templated":true}]}}