{"id":217,"date":"2025-07-30T17:37:29","date_gmt":"2025-07-30T10:37:29","guid":{"rendered":"https:\/\/atlanticmedical.vn\/?post_type=product&#038;p=217"},"modified":"2026-03-16T09:16:45","modified_gmt":"2026-03-16T02:16:45","slug":"befoma-bo-sung-5mthf-sat-vitamin-thiet-yeu","status":"publish","type":"product","link":"https:\/\/atlanticmedical.vn\/en\/product\/befoma-bo-sung-5mthf-sat-vitamin-thiet-yeu\/","title":{"rendered":"BEFOMA B\u1ed5 Sung 5MTHF S\u1eaft Vitamin Thi\u1ebft Y\u1ebfu"},"content":{"rendered":"<p class=\"QN2lPu\">B\u1ed5 B\u1ea7u BEFOMA B\u1ed5 Sung 5MTHF S\u1eaft Vitamin Thi\u1ebft Y\u1ebfu Tr\u01b0\u1edbc B\u1ea7u M\u1eb9 B\u1ea7u M\u1eb9 Sau Sinh H\u1ed9p 30 Vi\u00ean<\/p>\n<p class=\"QN2lPu\">1. TH\u00d4NG TIN S\u1ea2N PH\u1ea8M<\/p>\n<p class=\"QN2lPu\">&#8211; T\u00ean s\u1ea3n ph\u1ea9m: BEFOMA<\/p>\n<p class=\"QN2lPu\">&#8211; Th\u01b0\u01a1ng hi\u1ec7u : Aplicaps by clover<\/p>\n<p class=\"QN2lPu\">&#8211; Xu\u1ea5t X\u1ee9: T\u00e2y Ban Nha<\/p>\n<p class=\"QN2lPu\">&#8211; Quy c\u00e1ch: H\u1ed9p 3 v\u1ec9 x 10 vi\u00ean<\/p>\n<p class=\"QN2lPu\">&#8211; HSD: 3 n\u0103m k\u1ec3 t\u1eeb ng\u00e0y s\u1ea3n xu\u1ea5t<\/p>\n<p class=\"QN2lPu\">2. \u0110\u1eb6C \u0110I\u1ec2M N\u1ed4I B\u1eacT<\/p>\n<p class=\"QN2lPu\">&#8211; B\u1ed5 b\u1ea7u Befoma ch\u1ee9a: 600mg acid folic d\u01b0\u1edbi d\u1ea1ng Quatrefolic gi\u00fap m\u1eb9 d\u1ec5 d\u00e0ng h\u1ea5p thu, ng\u0103n ng\u1eeba nguy c\u01a1 d\u1ecb t\u1eadt \u1ed1ng th\u1ea7n kinh thai nhi, t\u0103ng kh\u1ea3 n\u0103ng gi\u1eef thai<\/p>\n<p class=\"QN2lPu\">&#8211; B\u1ed5 b\u1ea7u Befoma ch\u1ee9a 18 lo\u1ea1i vitamin v\u00e0 kho\u00e1ng ch\u1ea5t cung c\u1ea5p dinh d\u01b0\u1ee1ng cho m\u1eb9 tr\u01b0\u1edbc khi c\u00f3 b\u1ea7u, m\u1eb9 b\u1ea7u v\u00e0 sau sinh<\/p>\n<p class=\"QN2lPu\">&#8211; B\u1ed5 b\u1ea7u Befoma ch\u1ee9a 30mg s\u1eaft h\u1eefu c\u01a1 \u0111\u1ee7 nhu c\u1ea7u cho m\u1eb9 b\u1ea7u trong su\u1ed1t thai k\u1ef3<\/p>\n<p class=\"QN2lPu\">&#8211; B\u1ed5 b\u1ea7u Befoma ch\u1ee9a d\u1ea1ng vi\u00ean ti\u1ec7n d\u00f9ng<\/p>\n<p class=\"QN2lPu\">&#8211; B\u1ed5 b\u1ea7u Befoma \u0111\u01b0\u1ee3c s\u1ea3n xu\u1ea5t t\u1ea1i T\u00e2y Ban Nha v\u00e0 \u0111\u01b0\u1ee3c ph\u00e2n ph\u1ed1i to\u00e0n c\u1ea7u b\u1edfi Aplicaps by Clover \u2013 C\u00f4ng ty \u0111\u00e3 c\u00f3 h\u01a1n 1.250 s\u1ea3n ph\u1ea9m v\u00e0 \u0111\u01b0\u1ee3c ph\u00e2n ph\u1ed1i t\u1ea1i h\u01a1n 45 qu\u1ed1c gia tr\u00ean to\u00e0n th\u1ebf gi\u1edbi<\/p>\n<p class=\"QN2lPu\">","protected":false},"excerpt":{"rendered":"<p>B\u1ed5 B\u1ea7u BEFOMA B\u1ed5 Sung 5MTHF S\u1eaft Vitamin Thi\u1ebft Y\u1ebfu Tr\u01b0\u1edbc B\u1ea7u M\u1eb9 B\u1ea7u M\u1eb9 Sau Sinh H\u1ed9p 30 Vi\u00ean 1. TH\u00d4NG TIN S\u1ea2N PH\u1ea8M &#8211; T\u00ean s\u1ea3n ph\u1ea9m: BEFOMA &#8211; Th\u01b0\u01a1ng hi\u1ec7u : Aplicaps by clover &#8211; Xu\u1ea5t X\u1ee9: T\u00e2y Ban Nha &#8211; Quy c\u00e1ch: H\u1ed9p 3 v\u1ec9 x 10 vi\u00ean &#8211; HSD: 3 [&hellip;]<\/p>","protected":false},"featured_media":218,"comment_status":"open","ping_status":"closed","template":"","meta":{"_acf_changed":false},"product_brand":[],"product_cat":[108],"product_tag":[],"class_list":{"0":"post-217","1":"product","2":"type-product","3":"status-publish","4":"has-post-thumbnail","6":"product_cat-thuc-pham-chuc-nang","8":"first","9":"instock","10":"sale","11":"shipping-taxable","12":"purchasable","13":"product-type-simple"},"acf":[],"_links":{"self":[{"href":"https:\/\/atlanticmedical.vn\/en\/wp-json\/wp\/v2\/product\/217","targetHints":{"allow":["GET"]}}],"collection":[{"href":"https:\/\/atlanticmedical.vn\/en\/wp-json\/wp\/v2\/product"}],"about":[{"href":"https:\/\/atlanticmedical.vn\/en\/wp-json\/wp\/v2\/types\/product"}],"replies":[{"embeddable":true,"href":"https:\/\/atlanticmedical.vn\/en\/wp-json\/wp\/v2\/comments?post=217"}],"wp:featuredmedia":[{"embeddable":true,"href":"https:\/\/atlanticmedical.vn\/en\/wp-json\/wp\/v2\/media\/218"}],"wp:attachment":[{"href":"https:\/\/atlanticmedical.vn\/en\/wp-json\/wp\/v2\/media?parent=217"}],"wp:term":[{"taxonomy":"product_brand","embeddable":true,"href":"https:\/\/atlanticmedical.vn\/en\/wp-json\/wp\/v2\/product_brand?post=217"},{"taxonomy":"product_cat","embeddable":true,"href":"https:\/\/atlanticmedical.vn\/en\/wp-json\/wp\/v2\/product_cat?post=217"},{"taxonomy":"product_tag","embeddable":true,"href":"https:\/\/atlanticmedical.vn\/en\/wp-json\/wp\/v2\/product_tag?post=217"}],"curies":[{"name":"wp","href":"https:\/\/api.w.org\/{rel}","templated":true}]}}