{"id":171,"date":"2025-07-30T16:03:20","date_gmt":"2025-07-30T09:03:20","guid":{"rendered":"https:\/\/atlanticmedical.vn\/?post_type=product&#038;p=171"},"modified":"2026-03-16T09:16:51","modified_gmt":"2026-03-16T02:16:51","slug":"ladysavior-vien-uong-noi-tiet-to-nu","status":"publish","type":"product","link":"https:\/\/atlanticmedical.vn\/en\/product\/ladysavior-vien-uong-noi-tiet-to-nu\/","title":{"rendered":"Ladysavior &#8211; Vi\u00ean u\u1ed1ng n\u1ed9i ti\u1ebft t\u1ed1 n\u1eef"},"content":{"rendered":"<p class=\"QN2lPu\">Vi\u00ean U\u1ed1ng B\u1ed5 Sung N\u1ed9i Ti\u1ebft T\u1ed1 Ladysavior C\u1ea3i Thi\u1ec7n S.i.n.h L\u00fd Gi\u1ea3m K.h.\u00f4 H.\u1ea1.n Ng\u0103n Ng\u1eeba L\u00e3o H\u00f3a Cho Ph\u00e1i N\u1eef H\u1ed9p 3 V\u1ec9 x 10 Vi\u00ean<\/p>\n<p class=\"QN2lPu\">1. TH\u00d4NG TIN S\u1ea2N PH\u1ea8M<\/p>\n<p class=\"QN2lPu\">&#8211; T\u00ean s\u1ea3n ph\u1ea9m: Vi\u00ean U\u1ed1ng B\u1ed5 Sung N\u1ed9i Ti\u1ebft T\u1ed1 Ladysavior<\/p>\n<p class=\"QN2lPu\">&#8211; Xu\u1ea5t X\u1ee9: Bulgaria<\/p>\n<p class=\"QN2lPu\">&#8211; Quy c\u00e1ch: H\u1ed9p 3 v\u1ec9 x 10 vi\u00ean nang c\u1ee9ng<\/p>\n<p class=\"QN2lPu\">&#8211; Tr\u1ecdng l\u01b0\u1ee3ng: 50g<\/p>\n<p class=\"QN2lPu\">&#8211; HSD: 3 n\u0103m k\u1ec3 t\u1eeb ng\u00e0y s\u1ea3n xu\u1ea5t<\/p>\n<p class=\"QN2lPu\">2. \u0110\u1eb6C \u0110I\u1ec2M N\u1ed4I B\u1eacT<\/p>\n<p class=\"QN2lPu\">&#8211; S\u1ea3n ph\u1ea9m ch\u1ee9a Libifem &#8211; th\u00e0nh ph\u1ea7n \u0111\u1ed9c \u0111\u00e1o, c\u00f3 b\u1eb1ng s\u00e1ng \u0111.\u1ed9.c q.u.y.\u1ec1.n s\u00e1ng ch\u1ebf do ch\u00e2u \u00c2u v\u00e0 Hoa K\u1ef3 c\u00f4ng nh\u1eadn Chi\u1ebft xu\u1ea5t t\u1eeb h\u1ea1t c\u1ecf c\u00e0 ri (Fenugreek), \u0111\u01b0\u1ee3c T\u1eadp \u0111o\u00e0n Gencor Pacific nghi\u00ean c\u1ee9u &amp; chu\u1ea9n h\u00f3a h\u00e0m l\u01b0\u1ee3ng v\u1edbi th\u00e0nh ph\u1ea7n ch\u00ednh l\u00e0 c\u00e1c saponin (c\u00f3 c\u1ea5u tr\u00fac t\u01b0\u01a1ng t\u1ef1 nh\u01b0 n\u1ed9i ti\u1ebft t\u1ed1) \u0111\u01b0\u1ee3c ch\u1ee9ng minh hi\u1ec7u qu\u1ea3 l\u00e2m s\u00e0ng<\/p>\n<p class=\"QN2lPu\">&#8211; S\u1ea3n ph\u1ea9m an to\u00e0n, kh\u00f4ng l\u00e0m ph\u00e1t tri\u1ec3n kh\u1ed1i x.\u01a1, kh\u1ed1i nang \u1edf c\u00e1c \u0111\u1ed1i t\u01b0\u1ee3ng nguy c\u01a1 nh\u01b0 c\u00e1c s\u1ea3n ph\u1ea9m ch\u1ee9a isoflavone<\/p>\n<p class=\"QN2lPu\">&#8211; C\u00f4ng ngh\u1ec7 b\u00e0o ch\u1ebf &#8220;Micropellets in oil&#8221; gi\u00fap t\u0103ng h\u1ea5p thu, b\u1ea3o v\u1ec7 ho\u1ea1t ch\u1ea5t kh\u1ecfi t\u00e1c \u0111\u1ed9ng c\u1ee7a m\u00f4i tr\u01b0\u1eddng<\/p>\n<p class=\"QN2lPu\">&#8211; C\u00f4ng th\u1ee9c to\u00e0n di\u1ec7n v\u1edbi nhi\u1ec1u th\u00e0nh ph\u1ea7n l\u00e0m \u0111\u1eb9p da, ch\u1ed1ng l\u00e3o h\u00f3a da (d\u1ea7u hoa anh th\u1ea3o, vitamin E, selen, coenzyme Q10, L-arginine, biotin&#8230;)<\/p>\n<p class=\"QN2lPu\">","protected":false},"excerpt":{"rendered":"<p>S\u1ea3n ph\u1ea9m ch\u1ee9a Libifem &#8211; th\u00e0nh ph\u1ea7n \u0111\u1ed9c \u0111\u00e1o, c\u00f3 b\u1eb1ng s\u00e1ng \u0111.\u1ed9.c q.u.y.\u1ec1.n s\u00e1ng ch\u1ebf do ch\u00e2u \u00c2u v\u00e0 Hoa K\u1ef3 c\u00f4ng nh\u1eadn Chi\u1ebft xu\u1ea5t t\u1eeb h\u1ea1t c\u1ecf c\u00e0 ri (Fenugreek), \u0111\u01b0\u1ee3c T\u1eadp \u0111o\u00e0n Gencor Pacific nghi\u00ean c\u1ee9u &amp; chu\u1ea9n h\u00f3a h\u00e0m l\u01b0\u1ee3ng v\u1edbi th\u00e0nh ph\u1ea7n ch\u00ednh l\u00e0 c\u00e1c saponin (c\u00f3 c\u1ea5u tr\u00fac t\u01b0\u01a1ng t\u1ef1 nh\u01b0 n\u1ed9i ti\u1ebft t\u1ed1) \u0111\u01b0\u1ee3c ch\u1ee9ng minh hi\u1ec7u qu\u1ea3 l\u00e2m s\u00e0ng<\/p>","protected":false},"featured_media":209,"comment_status":"open","ping_status":"closed","template":"","meta":{"_acf_changed":false},"product_brand":[],"product_cat":[108],"product_tag":[],"class_list":{"0":"post-171","1":"product","2":"type-product","3":"status-publish","4":"has-post-thumbnail","6":"product_cat-thuc-pham-chuc-nang","8":"first","9":"instock","10":"sale","11":"shipping-taxable","12":"purchasable","13":"product-type-simple"},"acf":[],"_links":{"self":[{"href":"https:\/\/atlanticmedical.vn\/en\/wp-json\/wp\/v2\/product\/171","targetHints":{"allow":["GET"]}}],"collection":[{"href":"https:\/\/atlanticmedical.vn\/en\/wp-json\/wp\/v2\/product"}],"about":[{"href":"https:\/\/atlanticmedical.vn\/en\/wp-json\/wp\/v2\/types\/product"}],"replies":[{"embeddable":true,"href":"https:\/\/atlanticmedical.vn\/en\/wp-json\/wp\/v2\/comments?post=171"}],"wp:featuredmedia":[{"embeddable":true,"href":"https:\/\/atlanticmedical.vn\/en\/wp-json\/wp\/v2\/media\/209"}],"wp:attachment":[{"href":"https:\/\/atlanticmedical.vn\/en\/wp-json\/wp\/v2\/media?parent=171"}],"wp:term":[{"taxonomy":"product_brand","embeddable":true,"href":"https:\/\/atlanticmedical.vn\/en\/wp-json\/wp\/v2\/product_brand?post=171"},{"taxonomy":"product_cat","embeddable":true,"href":"https:\/\/atlanticmedical.vn\/en\/wp-json\/wp\/v2\/product_cat?post=171"},{"taxonomy":"product_tag","embeddable":true,"href":"https:\/\/atlanticmedical.vn\/en\/wp-json\/wp\/v2\/product_tag?post=171"}],"curies":[{"name":"wp","href":"https:\/\/api.w.org\/{rel}","templated":true}]}}