{"id":1605,"date":"2026-03-23T16:19:59","date_gmt":"2026-03-23T09:19:59","guid":{"rendered":"https:\/\/atlanticmedical.vn\/?post_type=product&#038;p=1605"},"modified":"2026-03-23T16:19:59","modified_gmt":"2026-03-23T09:19:59","slug":"neo-kids-growth-bo-sung-19-vitamin-khoang-chat-cho-be-cao-lon","status":"publish","type":"product","link":"https:\/\/atlanticmedical.vn\/en\/product\/neo-kids-growth-bo-sung-19-vitamin-khoang-chat-cho-be-cao-lon\/","title":{"rendered":"NEO KIDS GROWTH &#8211; B\u1ed5 Sung 19 Vitamin Kho\u00e1ng Ch\u1ea5t Cho B\u00e9 Cao L\u1edbn"},"content":{"rendered":"<p class=\"QN2lPu\">Siro \u0103n ngon Neo Kids Growth B\u1ed5 Sung 19 Vitamin Kho\u00e1ng Ch\u1ea5t Cho B\u00e9 Y\u00eau Cao L\u1edbn Kho\u1ebb M\u1ea1nh 150ml<\/p>\n<p class=\"QN2lPu\">\n<p class=\"QN2lPu\">1. TH\u00d4NG TIN S\u1ea2N PH\u1ea8M<\/p>\n<p class=\"QN2lPu\">&#8211; T\u00ean s\u1ea3n ph\u1ea9m: Neo Kids Growth<\/p>\n<p class=\"QN2lPu\">&#8211; Th\u01b0\u01a1ng hi\u1ec7u: Neo Kids<\/p>\n<p class=\"QN2lPu\">&#8211; Xu\u1ea5t x\u1ee9: T\u00e2y Ban Nha<\/p>\n<p class=\"QN2lPu\">&#8211; Quy c\u00e1ch: H\u1ed9p 1 l\u1ecd 150 mld\u1ea1ng siro u\u1ed1ng<\/p>\n<p class=\"QN2lPu\">&#8211; HSD: 36 th\u00e1ng k\u1ec3 t\u1eeb ng\u00e0y s\u1ea3n xu\u1ea5t<\/p>\n<p class=\"QN2lPu\">\n<p class=\"QN2lPu\">2. \u0110\u1eb6C \u0110I\u1ec2M N\u1ed4I B\u1eacT<\/p>\n<p class=\"QN2lPu\">&#8211; Neo Kids Growth b\u1ed5 sung 19 vitamin v\u00e0 kho\u00e1ng ch\u1ea5t thi\u1ebft y\u1ebfu cho b\u00e9 y\u00eau<\/p>\n<p class=\"QN2lPu\">&#8211; Neo Kids Growth c\u00f3 c\u00f4ng th\u1ee9c k\u1ebft h\u1ee3p chi\u1ebft xu\u1ea5t rau c\u1ee7 t\u1ef1 nhi\u00ean (c\u00e0 r\u1ed1t, rau bina, c\u1ee7 c\u1ea3i \u0111\u01b0\u1eddng, c\u1ea3i xoong)<\/p>\n<p class=\"QN2lPu\">&#8211; Neo Kids Growth gi\u00fap b\u1ed5 sung nh\u00f3m vitamin B, A, D3, E c\u00f9ng kho\u00e1ng ch\u1ea5t vi l\u01b0\u1ee3ng<\/p>\n<p class=\"QN2lPu\">&#8211; Neo Kids Growth \u0111\u01b0\u1ee3c b\u00e0o ch\u1ebf \u1edf d\u1ea1ng siro, d\u1ec5 u\u1ed1ng, ph\u00f9 h\u1ee3p cho tr\u1ebb nh\u1ecf<\/p>\n<p class=\"QN2lPu\">&#8211; Neo Kids l\u00e0 th\u01b0\u01a1ng hi\u1ec7u uy t\u00edn c\u1ee7a T\u00e2y Ban Nha, nh\u1eadp kh\u1ea9u v\u00e0 ph\u00e2n ph\u1ed1i ch\u00ednh h\u00e3ng t\u1ea1i Vi\u1ec7t Nam<\/p>","protected":false},"excerpt":{"rendered":"<p>Siro \u0103n ngon Neo Kids Growth B\u1ed5 Sung 19 Vitamin Kho\u00e1ng Ch\u1ea5t Cho B\u00e9 Y\u00eau Cao L\u1edbn Kho\u1ebb M\u1ea1nh 150ml 1. TH\u00d4NG TIN S\u1ea2N PH\u1ea8M &#8211; T\u00ean s\u1ea3n ph\u1ea9m: Neo Kids Growth &#8211; Th\u01b0\u01a1ng hi\u1ec7u: Neo Kids &#8211; Xu\u1ea5t x\u1ee9: T\u00e2y Ban Nha &#8211; Quy c\u00e1ch: H\u1ed9p 1 l\u1ecd 150 mld\u1ea1ng siro u\u1ed1ng &#8211; HSD: [&hellip;]<\/p>","protected":false},"featured_media":1606,"comment_status":"open","ping_status":"closed","template":"","meta":{"_acf_changed":false},"product_brand":[],"product_cat":[108],"product_tag":[],"class_list":{"0":"post-1605","1":"product","2":"type-product","3":"status-publish","4":"has-post-thumbnail","6":"product_cat-thuc-pham-chuc-nang","8":"first","9":"instock","10":"shipping-taxable","11":"purchasable","12":"product-type-simple"},"acf":[],"_links":{"self":[{"href":"https:\/\/atlanticmedical.vn\/en\/wp-json\/wp\/v2\/product\/1605","targetHints":{"allow":["GET"]}}],"collection":[{"href":"https:\/\/atlanticmedical.vn\/en\/wp-json\/wp\/v2\/product"}],"about":[{"href":"https:\/\/atlanticmedical.vn\/en\/wp-json\/wp\/v2\/types\/product"}],"replies":[{"embeddable":true,"href":"https:\/\/atlanticmedical.vn\/en\/wp-json\/wp\/v2\/comments?post=1605"}],"wp:featuredmedia":[{"embeddable":true,"href":"https:\/\/atlanticmedical.vn\/en\/wp-json\/wp\/v2\/media\/1606"}],"wp:attachment":[{"href":"https:\/\/atlanticmedical.vn\/en\/wp-json\/wp\/v2\/media?parent=1605"}],"wp:term":[{"taxonomy":"product_brand","embeddable":true,"href":"https:\/\/atlanticmedical.vn\/en\/wp-json\/wp\/v2\/product_brand?post=1605"},{"taxonomy":"product_cat","embeddable":true,"href":"https:\/\/atlanticmedical.vn\/en\/wp-json\/wp\/v2\/product_cat?post=1605"},{"taxonomy":"product_tag","embeddable":true,"href":"https:\/\/atlanticmedical.vn\/en\/wp-json\/wp\/v2\/product_tag?post=1605"}],"curies":[{"name":"wp","href":"https:\/\/api.w.org\/{rel}","templated":true}]}}