{"id":1590,"date":"2026-03-23T15:36:13","date_gmt":"2026-03-23T08:36:13","guid":{"rendered":"https:\/\/atlanticmedical.vn\/?post_type=product&#038;p=1590"},"modified":"2026-03-23T15:36:13","modified_gmt":"2026-03-23T08:36:13","slug":"tonimer-lab-baby-100ml-xit-mui-nuoc-bien-sau-dang-truong-cho-be-tu-so-sinh","status":"publish","type":"product","link":"https:\/\/atlanticmedical.vn\/en\/product\/tonimer-lab-baby-100ml-xit-mui-nuoc-bien-sau-dang-truong-cho-be-tu-so-sinh\/","title":{"rendered":"TONIMER lab baby 100ml &#8211; X\u1ecbt M\u0169i N\u01b0\u1edbc Bi\u1ec3n S\u00e2u \u0110\u1eb3ng Tr\u01b0\u01a1ng Cho B\u00e9 T\u1eeb S\u01a1 Sinh"},"content":{"rendered":"<p class=\"QN2lPu\">X\u1ecbt M\u0169i Bi\u1ec3n S\u00e2u \u0110\u1eb3ng Tr\u01b0\u01a1ng TONIMERr Lab Baby Cho B\u00e9 T\u1eeb S\u01a1 Sinh L\u1ecd 100ml<\/p>\n<p class=\"QN2lPu\">\n<p class=\"QN2lPu\">1. TH\u00d4NG TIN S\u1ea2N PH\u1ea8M<\/p>\n<p class=\"QN2lPu\">&#8211; T\u00ean s\u1ea3n ph\u1ea9m: Tonimer 5ml<\/p>\n<p class=\"QN2lPu\">&#8211; Th\u01b0\u01a1ng hi\u1ec7u: Tonimer<\/p>\n<p class=\"QN2lPu\">&#8211; N\u01b0\u1edbc s\u1ea3n xu\u1ea5t: Italia<\/p>\n<p class=\"QN2lPu\">&#8211; Quy c\u00e1ch \u0111\u00f3ng g\u00f3i: H\u1ed9p 30 t\u00e9p 5ml<\/p>\n<p class=\"QN2lPu\">\n<p class=\"QN2lPu\">2. \u0110\u1eb6C \u0110I\u1ec2M N\u1ed4I B\u1eacT<\/p>\n<p class=\"QN2lPu\">&#8211; X\u1ecbt m\u0169i bi\u1ec3n s\u00e2u v\u00f4 tr\u00f9ng, c\u00f3 h\u00e0m l\u01b0\u1ee3ng natri th\u1ea5p v\u00e0 \u0111\u1ed9 pH nh\u1eb9<\/p>\n<p class=\"QN2lPu\">&#8211; X\u1ecbt m\u0169i bi\u1ec3n s\u00e2u \u0111\u1eb3ng tr\u01b0\u01a1ng s\u1eed d\u1ee5ng \u0111\u1ec3 l\u00e0m s\u1ea1ch, d\u01b0\u1ee1ng \u1ea9m m\u0169i v\u1edbi \u0111\u1ea7u xoay 360 \u0111\u1ed9<\/p>\n<p class=\"QN2lPu\">&#8211; X\u1ecbt m\u0169i bi\u1ec3n s\u00e2u \u0111\u1eb3ng tr\u01b0\u01a1ng s\u1eed d\u1ee5ng an to\u00e0n v\u1edbi tr\u1ebb s\u01a1 sinh<\/p>\n<p class=\"QN2lPu\">&#8211; Tonimer dung t\u00edch 100ml ti\u1ebft ki\u1ec7m chi ph\u00ed h\u01a1n so v\u1edbi c\u00e1c lo\u1ea1i x\u1ecbt m\u0169i kh\u00e1c tr\u00ean th\u1ecb tr\u01b0\u1eddng<\/p>","protected":false},"excerpt":{"rendered":"<p>X\u1ecbt M\u0169i Bi\u1ec3n S\u00e2u \u0110\u1eb3ng Tr\u01b0\u01a1ng TONIMERr Lab Baby Cho B\u00e9 T\u1eeb S\u01a1 Sinh L\u1ecd 100ml 1. TH\u00d4NG TIN S\u1ea2N PH\u1ea8M &#8211; T\u00ean s\u1ea3n ph\u1ea9m: Tonimer 5ml &#8211; Th\u01b0\u01a1ng hi\u1ec7u: Tonimer &#8211; N\u01b0\u1edbc s\u1ea3n xu\u1ea5t: Italia &#8211; Quy c\u00e1ch \u0111\u00f3ng g\u00f3i: H\u1ed9p 30 t\u00e9p 5ml 2. \u0110\u1eb6C \u0110I\u1ec2M N\u1ed4I B\u1eacT &#8211; X\u1ecbt m\u0169i bi\u1ec3n s\u00e2u [&hellip;]<\/p>","protected":false},"featured_media":1595,"comment_status":"open","ping_status":"closed","template":"","meta":{"_acf_changed":false},"product_brand":[],"product_cat":[108],"product_tag":[],"class_list":{"0":"post-1590","1":"product","2":"type-product","3":"status-publish","4":"has-post-thumbnail","6":"product_cat-thuc-pham-chuc-nang","8":"first","9":"instock","10":"shipping-taxable","11":"purchasable","12":"product-type-simple"},"acf":[],"_links":{"self":[{"href":"https:\/\/atlanticmedical.vn\/en\/wp-json\/wp\/v2\/product\/1590","targetHints":{"allow":["GET"]}}],"collection":[{"href":"https:\/\/atlanticmedical.vn\/en\/wp-json\/wp\/v2\/product"}],"about":[{"href":"https:\/\/atlanticmedical.vn\/en\/wp-json\/wp\/v2\/types\/product"}],"replies":[{"embeddable":true,"href":"https:\/\/atlanticmedical.vn\/en\/wp-json\/wp\/v2\/comments?post=1590"}],"wp:featuredmedia":[{"embeddable":true,"href":"https:\/\/atlanticmedical.vn\/en\/wp-json\/wp\/v2\/media\/1595"}],"wp:attachment":[{"href":"https:\/\/atlanticmedical.vn\/en\/wp-json\/wp\/v2\/media?parent=1590"}],"wp:term":[{"taxonomy":"product_brand","embeddable":true,"href":"https:\/\/atlanticmedical.vn\/en\/wp-json\/wp\/v2\/product_brand?post=1590"},{"taxonomy":"product_cat","embeddable":true,"href":"https:\/\/atlanticmedical.vn\/en\/wp-json\/wp\/v2\/product_cat?post=1590"},{"taxonomy":"product_tag","embeddable":true,"href":"https:\/\/atlanticmedical.vn\/en\/wp-json\/wp\/v2\/product_tag?post=1590"}],"curies":[{"name":"wp","href":"https:\/\/api.w.org\/{rel}","templated":true}]}}