{"id":1580,"date":"2026-03-23T15:31:46","date_gmt":"2026-03-23T08:31:46","guid":{"rendered":"https:\/\/atlanticmedical.vn\/?post_type=product&#038;p=1580"},"modified":"2026-03-23T15:31:46","modified_gmt":"2026-03-23T08:31:46","slug":"okinawa-kassou-fucoidan-genki-fami-vien-uong-ho-tro-suc-khoe","status":"publish","type":"product","link":"https:\/\/atlanticmedical.vn\/en\/product\/okinawa-kassou-fucoidan-genki-fami-vien-uong-ho-tro-suc-khoe\/","title":{"rendered":"OKINAWA KASSOU FUCOIDAN Genki Fami &#8211; Vi\u00ean U\u1ed1ng H\u1ed7 Tr\u1ee3 S\u1ee9c Kho\u1ebb"},"content":{"rendered":"<p class=\"QN2lPu\">Vi\u00ean U\u1ed1ng T\u0103ng \u0110\u1ec1 Kh\u00e1ng Okinawa Kassou Fucoidan GENKI FAMI Gi\u00fap Ng\u0103n Ng\u1eeba Oxi H\u00f3a, B\u1ea3o V\u1ec7 S\u1ee9c Kh\u1ecfe H\u1ed9p 1 L\u1ecd 150 Vi\u00ean<\/p>\n<p class=\"QN2lPu\">\n<p class=\"QN2lPu\">1. TH\u00d4NG TIN S\u1ea2N PH\u1ea8M<\/p>\n<p class=\"QN2lPu\">&#8211; T\u00ean s\u1ea3n ph\u1ea9m: Vi\u00ean U\u1ed1ng T\u0103ng \u0110\u1ec1 Kh\u00e1ng Okinawa Kassou Fucoidan<\/p>\n<p class=\"QN2lPu\">&#8211; Th\u01b0\u01a1ng hi\u1ec7u : GENKI FAMI<\/p>\n<p class=\"QN2lPu\">&#8211; Xu\u1ea5t X\u1ee9: Nh\u1eadt B\u1ea3n<\/p>\n<p class=\"QN2lPu\">&#8211; Quy c\u00e1ch: H\u1ed9p 1 L\u1ecd 150 Vi\u00ean n\u00e9n<\/p>\n<p class=\"QN2lPu\">&#8211; Tr\u1ecdng l\u01b0\u1ee3ng: 300g<\/p>\n<p class=\"QN2lPu\">&#8211; HSD: 3 n\u0103m k\u1ec3 t\u1eeb ng\u00e0y s\u1ea3n xu\u1ea5t<\/p>\n<p class=\"QN2lPu\">\n<p class=\"QN2lPu\">2. \u0110\u1eb6C \u0110I\u1ec2M N\u1ed4I B\u1eacT<\/p>\n<p class=\"QN2lPu\">&#8211; 100% chi\u1ebft xu\u1ea5t Fucoidan t\u1eeb t\u1ea3o Mozuku \u1edf bi\u1ec3n Okinawa c\u00f3 h\u00e0m l\u01b0\u1ee3ng Fucoidan cao nh\u1ea5t v\u00e0 ch\u1ea5t l\u01b0\u1ee3ng t\u1ed1t nh\u1ea5t trong c\u00e1c lo\u1ea1i t\u1ea3o<\/p>\n<p class=\"QN2lPu\">&#8211; H\u00e0m l\u01b0\u1ee3ng Fucoidan tinh khi\u1ebft \u0111\u1eb7c bi\u1ec7t cao &gt; 95%, nh\u1edd quy tr\u00ecnh tinh ch\u1ebf \u0111\u1ed9c quy\u1ec1n (C\u00e1c s\u1ea3n ph\u1ea9m t\u01b0\u01a1ng t\u1ef1 tr\u00ean th\u1ecb tr\u01b0\u1eddng ch\u1ec9 ch\u1ee9a 80-85%)<\/p>\n<p class=\"QN2lPu\">&#8211; C\u00f3 nhi\u1ec1u nghi\u00ean c\u1ee9u khoa h\u1ecdc ch\u1ec9 ra t\u00e1c d\u1ee5ng c\u1ee7a Fucoidan v\u1edbi t\u1ebf b\u00e0o u.ng th.\u01b0:<\/p>\n<p class=\"QN2lPu\">+ L\u00e0m cho t\u1ebf b\u00e0o ung th\u01b0 t\u1ef1 ch\u1ebft theo ch\u01b0\u01a1ng tr\u00ecnh (Apostosis)<\/p>\n<p class=\"QN2lPu\">+ \u1ee8c ch\u1ebf s\u1ef1 h\u00ecnh th\u00e0nh m\u1ea1ch m\u00e1u v\u00e0 h\u1ea1n ch\u1ebf di c\u0103n<\/p>\n<p class=\"QN2lPu\">+ C\u1ea3i thi\u1ec7n kh\u1ea3 n\u0103ng mi\u1ec5n d\u1ecbch do l\u00e0m t\u0103ng s\u1ed1 l\u01b0\u1ee3ng t\u1ebf b\u00e0o NK<\/p>\n<p class=\"QN2lPu\">+ T\u0103ng ho\u1ea1t t\u00ednh c\u1ee7a th.u\u1ed1c \u0111.i\u1ec1u tr.\u1ecb v\u00e0 c\u00e1c lo\u1ea1i th.u\u1ed1c \u0111\u1ecbnh h\u01b0\u1edbng ph\u00e2n t\u1eed (K\u1ebft qu\u1ea3 c\u00f4ng b\u1ed1 tr\u00ean t\u1ea1p ch\u00ed Evidence Based Complement Alternative Medicine (2014; 2014:865375) cho th\u1ea5y Fucoidan l\u00e0m t\u0103ng ho\u1ea1t t\u00ednh \u1ee9c ch\u1ebf t\u1ebf b\u00e0o ung th\u01b0 c\u1ee7a thu\u1ed1c Lapatinib, d\u00f9ng trong \u0111.i\u1ec1u tr.\u1ecb u.ng th.\u01b0 v\u00fa)<\/p>\n<p class=\"QN2lPu\">+ Gi\u1ea3m thi\u1ec3u m\u1ec7t m\u1ecfi<\/p>\n<p class=\"QN2lPu\">&#8211; S\u1ea3n ph\u1ea9m n\u1ed9i \u0111\u1ecba Nh\u1eadt B\u1ea3n<\/p>","protected":false},"excerpt":{"rendered":"<p>Vi\u00ean U\u1ed1ng T\u0103ng \u0110\u1ec1 Kh\u00e1ng Okinawa Kassou Fucoidan GENKI FAMI Gi\u00fap Ng\u0103n Ng\u1eeba Oxi H\u00f3a, B\u1ea3o V\u1ec7 S\u1ee9c Kh\u1ecfe H\u1ed9p 1 L\u1ecd 150 Vi\u00ean 1. TH\u00d4NG TIN S\u1ea2N PH\u1ea8M &#8211; T\u00ean s\u1ea3n ph\u1ea9m: Vi\u00ean U\u1ed1ng T\u0103ng \u0110\u1ec1 Kh\u00e1ng Okinawa Kassou Fucoidan &#8211; Th\u01b0\u01a1ng hi\u1ec7u : GENKI FAMI &#8211; Xu\u1ea5t X\u1ee9: Nh\u1eadt B\u1ea3n &#8211; Quy c\u00e1ch: [&hellip;]<\/p>","protected":false},"featured_media":1589,"comment_status":"open","ping_status":"closed","template":"","meta":{"_acf_changed":false},"product_brand":[],"product_cat":[108],"product_tag":[],"class_list":{"0":"post-1580","1":"product","2":"type-product","3":"status-publish","4":"has-post-thumbnail","6":"product_cat-thuc-pham-chuc-nang","8":"first","9":"instock","10":"shipping-taxable","11":"purchasable","12":"product-type-simple"},"acf":[],"_links":{"self":[{"href":"https:\/\/atlanticmedical.vn\/en\/wp-json\/wp\/v2\/product\/1580","targetHints":{"allow":["GET"]}}],"collection":[{"href":"https:\/\/atlanticmedical.vn\/en\/wp-json\/wp\/v2\/product"}],"about":[{"href":"https:\/\/atlanticmedical.vn\/en\/wp-json\/wp\/v2\/types\/product"}],"replies":[{"embeddable":true,"href":"https:\/\/atlanticmedical.vn\/en\/wp-json\/wp\/v2\/comments?post=1580"}],"wp:featuredmedia":[{"embeddable":true,"href":"https:\/\/atlanticmedical.vn\/en\/wp-json\/wp\/v2\/media\/1589"}],"wp:attachment":[{"href":"https:\/\/atlanticmedical.vn\/en\/wp-json\/wp\/v2\/media?parent=1580"}],"wp:term":[{"taxonomy":"product_brand","embeddable":true,"href":"https:\/\/atlanticmedical.vn\/en\/wp-json\/wp\/v2\/product_brand?post=1580"},{"taxonomy":"product_cat","embeddable":true,"href":"https:\/\/atlanticmedical.vn\/en\/wp-json\/wp\/v2\/product_cat?post=1580"},{"taxonomy":"product_tag","embeddable":true,"href":"https:\/\/atlanticmedical.vn\/en\/wp-json\/wp\/v2\/product_tag?post=1580"}],"curies":[{"name":"wp","href":"https:\/\/api.w.org\/{rel}","templated":true}]}}