{"id":1571,"date":"2026-03-23T16:16:28","date_gmt":"2026-03-23T09:16:28","guid":{"rendered":"https:\/\/atlanticmedical.vn\/?post_type=product&#038;p=1571"},"modified":"2026-03-23T16:16:28","modified_gmt":"2026-03-23T09:16:28","slug":"imochild-siro-an-ngon-tang-de-khang-cho-be-6-thang-tuoi","status":"publish","type":"product","link":"https:\/\/atlanticmedical.vn\/en\/product\/imochild-siro-an-ngon-tang-de-khang-cho-be-6-thang-tuoi\/","title":{"rendered":"IMOCHILD &#8211; Siro \u0102n Ngon T\u0103ng \u0110\u1ec1 Kh\u00e1ng Cho B\u00e9 > 6 Th\u00e1ng Tu\u1ed5i"},"content":{"rendered":"<p class=\"QN2lPu\">Siro IMOCHILD B\u1ed5 Sung K\u1ebdm Lysine Gi\u00fapTr\u1ebb \u0102n Ngon Mi\u1ec7ng H\u1ed7 Tr\u1ee3 Ti\u00eau H\u00f3a T\u0103ng \u0110\u1ec1 Kh\u00e1ng 125ml<\/p>\n<p class=\"QN2lPu\">\n<p class=\"QN2lPu\">1.\u00a0TH\u00d4NG TIN S\u1ea2N PH\u1ea8M<\/p>\n<p class=\"QN2lPu\">&#8211;\u00a0T\u00ean s\u1ea3n ph\u1ea9m: Siro \u0103n ngon t\u0103ng \u0111\u1ec1 kh\u00e1ng Imochild<\/p>\n<p class=\"QN2lPu\">&#8211;\u00a0Th\u01b0\u01a1ng hi\u1ec7u: Imochild<\/p>\n<p class=\"QN2lPu\">&#8211;\u00a0Xu\u1ea5t x\u1ee9: Ph\u00e1p<\/p>\n<p class=\"QN2lPu\">&#8211;\u00a0Quy c\u00e1ch: H\u1ed9p 1 chai 125 ml<\/p>\n<p class=\"QN2lPu\">&#8211;\u00a0HSD: 3 n\u0103m k\u1ec3 t\u1eeb ng\u00e0y s\u1ea3n xu\u1ea5t<\/p>\n<p class=\"QN2lPu\">\n<p class=\"QN2lPu\">2.\u00a0\u0110\u1eb6C \u0110I\u1ec2M N\u1ed4I B\u1eacT<\/p>\n<p class=\"QN2lPu\">&#8211;\u00a0\u00a0Imochild \u0103n ngon t\u0103ng \u0111\u1ec1 kh\u00e1ng b\u1ed5 sung k\u1ebdm, lysine, taurine v\u00e0 vitamin nh\u00f3m B gi\u00fap b\u00e9 \u0103n ngon mi\u1ec7ng, c\u1ea3i thi\u1ec7n bi\u1ebfng \u0103n v\u00e0 h\u1ed7<\/p>\n<p class=\"QN2lPu\">tr\u1ee3 b\u00e9 nhanh l\u1edbn<\/p>\n<p class=\"QN2lPu\">\u00a0\u00a0\u00a0 + K\u1ebdm: h\u1ed7 tr\u1ee3 k\u00edch th\u00edch gai v\u1ecb gi\u00e1c gi\u00fap b\u00e9 c\u1ea3i thi\u1ec7n v\u1ecb gi\u00e1c v\u00e0 \u0103n ngon mi\u1ec7ng h\u01a1n<\/p>\n<p class=\"QN2lPu\">\u00a0\u00a0\u00a0 + Lysine, Taurine v\u00e0 Vitamin nh\u00f3m B: h\u1ed7 tr\u1ee3 t\u0103ng c\u01b0\u1eddng ti\u1ebft men ti\u00eau ho\u00e1 v\u00e0 t\u0103ng c\u01b0\u1eddng chuy\u1ec3n ho\u00e1<\/p>\n<p class=\"QN2lPu\">gi\u00fap b\u00e9 h\u1ea5p thu dinh d\u01b0\u1ee1ng t\u1ed1t h\u01a1n, nhanh \u0111\u00f3i h\u01a1n t\u1eeb \u0111\u00f3 b\u00e9 s\u1ebd \u0103n t\u1ed1t h\u01a1n v\u00e0 h\u1ed7<\/p>\n<p class=\"QN2lPu\">tr\u1ee3 t\u0103ng c\u00e2n<\/p>\n<p class=\"QN2lPu\">&#8211;\u00a0\u00a0Imochild \u0103n ngon t\u0103ng \u0111\u1ec1 kh\u00e1ng gi\u00fap t\u0103ng \u0111\u1ec1 kh\u00e1ng cho tr\u1ebb t\u1eeb 6 th\u00e1ng tu\u1ed5i \u0111a c\u01a1 ch\u1ebf v\u1edbi beta glucans, k\u1ebdm, d\u1ecbch chi\u1ebft c\u1ecf<\/p>\n<p class=\"QN2lPu\">c\u00e0 ri<\/p>\n<p class=\"QN2lPu\">&#8211;\u00a0\u00a0Imochild c\u00f3 h\u01b0\u01a1ng v\u1ecb chanh th\u01a1m ngon, ng\u1ecdt nh\u1eb9, d\u1ec5 u\u1ed1ng<\/p>\n<p class=\"QN2lPu\">&#8211;\u00a0\u00a0S\u1ea3n ph\u1ea9m nh\u1eadp kh\u1ea9u ch\u00ednh h\u00e3ng t\u1eeb Ph\u00e1p, \u0111\u1ea7y \u0111\u1ee7 ho\u00e1 \u0111\u01a1n VAT<\/p>","protected":false},"excerpt":{"rendered":"<p>Siro IMOCHILD B\u1ed5 Sung K\u1ebdm Lysine Gi\u00fapTr\u1ebb \u0102n Ngon Mi\u1ec7ng H\u1ed7 Tr\u1ee3 Ti\u00eau H\u00f3a T\u0103ng \u0110\u1ec1 Kh\u00e1ng 125ml 1.\u00a0TH\u00d4NG TIN S\u1ea2N PH\u1ea8M &#8211;\u00a0T\u00ean s\u1ea3n ph\u1ea9m: Siro \u0103n ngon t\u0103ng \u0111\u1ec1 kh\u00e1ng Imochild &#8211;\u00a0Th\u01b0\u01a1ng hi\u1ec7u: Imochild &#8211;\u00a0Xu\u1ea5t x\u1ee9: Ph\u00e1p &#8211;\u00a0Quy c\u00e1ch: H\u1ed9p 1 chai 125 ml &#8211;\u00a0HSD: 3 n\u0103m k\u1ec3 t\u1eeb ng\u00e0y s\u1ea3n xu\u1ea5t 2.\u00a0\u0110\u1eb6C \u0110I\u1ec2M [&hellip;]<\/p>","protected":false},"featured_media":1596,"comment_status":"open","ping_status":"closed","template":"","meta":{"_acf_changed":false},"product_brand":[],"product_cat":[108],"product_tag":[],"class_list":{"0":"post-1571","1":"product","2":"type-product","3":"status-publish","4":"has-post-thumbnail","6":"product_cat-thuc-pham-chuc-nang","8":"first","9":"instock","10":"shipping-taxable","11":"purchasable","12":"product-type-simple"},"acf":[],"_links":{"self":[{"href":"https:\/\/atlanticmedical.vn\/en\/wp-json\/wp\/v2\/product\/1571","targetHints":{"allow":["GET"]}}],"collection":[{"href":"https:\/\/atlanticmedical.vn\/en\/wp-json\/wp\/v2\/product"}],"about":[{"href":"https:\/\/atlanticmedical.vn\/en\/wp-json\/wp\/v2\/types\/product"}],"replies":[{"embeddable":true,"href":"https:\/\/atlanticmedical.vn\/en\/wp-json\/wp\/v2\/comments?post=1571"}],"wp:featuredmedia":[{"embeddable":true,"href":"https:\/\/atlanticmedical.vn\/en\/wp-json\/wp\/v2\/media\/1596"}],"wp:attachment":[{"href":"https:\/\/atlanticmedical.vn\/en\/wp-json\/wp\/v2\/media?parent=1571"}],"wp:term":[{"taxonomy":"product_brand","embeddable":true,"href":"https:\/\/atlanticmedical.vn\/en\/wp-json\/wp\/v2\/product_brand?post=1571"},{"taxonomy":"product_cat","embeddable":true,"href":"https:\/\/atlanticmedical.vn\/en\/wp-json\/wp\/v2\/product_cat?post=1571"},{"taxonomy":"product_tag","embeddable":true,"href":"https:\/\/atlanticmedical.vn\/en\/wp-json\/wp\/v2\/product_tag?post=1571"}],"curies":[{"name":"wp","href":"https:\/\/api.w.org\/{rel}","templated":true}]}}