{"id":1552,"date":"2026-03-23T15:20:16","date_gmt":"2026-03-23T08:20:16","guid":{"rendered":"https:\/\/atlanticmedical.vn\/?post_type=product&#038;p=1552"},"modified":"2026-03-23T15:20:16","modified_gmt":"2026-03-23T08:20:16","slug":"imochild-lipoferon-sat-huu-co-khong-tao-bon-khong-tanh-cho-me-bau-sau-sinh","status":"publish","type":"product","link":"https:\/\/atlanticmedical.vn\/en\/product\/imochild-lipoferon-sat-huu-co-khong-tao-bon-khong-tanh-cho-me-bau-sau-sinh\/","title":{"rendered":"IMOCHILD LIPOFERON &#8211; S\u1eaft H\u1eefu C\u01a1 Kh\u00f4ng T\u00e1o B\u00f3n Kh\u00f4ng Tanh Cho M\u1eb9 B\u1ea7u Sau Sinh"},"content":{"rendered":"<p class=\"QN2lPu\">[Qu\u00e0 Xinh] S\u1eaft Sinh H\u1ecdc IMOCHILD LIPOFERON B\u1ed5 Sung S\u1eaft Liposome 5MTHF Vitamin C Cho M\u1eb9 B\u1ea7u Sau Sinh H\u1ed9p 20 g\u00f3i<\/p>\n<p class=\"QN2lPu\">\n<p class=\"QN2lPu\">1. TH\u00d4NG TIN S\u1ea2N PH\u1ea8M<\/p>\n<p class=\"QN2lPu\">&#8211; T\u00ean s\u1ea3n ph\u1ea9m: IMOCHILD LIPOFERON<\/p>\n<p class=\"QN2lPu\">&#8211; Th\u01b0\u01a1ng hi\u1ec7u : Imochild<\/p>\n<p class=\"QN2lPu\">&#8211; Xu\u1ea5t X\u1ee9: Italia<\/p>\n<p class=\"QN2lPu\">&#8211; Quy c\u00e1ch: H\u1ed9p 20 g\u00f3i<\/p>\n<p class=\"QN2lPu\">&#8211; HSD: 3 n\u0103m k\u1ec3 t\u1eeb ng\u00e0y s\u1ea3n xu\u1ea5t<\/p>\n<p class=\"QN2lPu\">2. \u01afU \u0110I\u1ec2M N\u1ed4I B\u1eacT<\/p>\n<p class=\"QN2lPu\">&#8211; S\u1eaft pyrophosphat \u2013 s\u1eaft vi nang d\u1ec5 h\u1ea5p thu, s\u1eaft \u0111\u01b0\u1ee3c bao b\u1eb1ng l\u1edbp phospholipid liposome gi\u1ed1ng m\u00e0ng t\u1ebf b\u00e0o gi\u00fap v\u1eadn chuy\u1ec3n s\u1eaft \u0111\u00fang v\u1ecb tr\u00ed h\u1ea5p thu kh\u00f4ng g\u00e2y t\u00e1o b\u00f3n, n\u00f3ng trong, \u0111i ngo\u00e0i ph\u00e2n \u0111en, kh\u00f4ng tanh, kh\u00f4ng k\u00edch \u1ee9ng d\u1ea1 d\u00e0y.<\/p>\n<p class=\"QN2lPu\">&#8211; Folate \u1edf d\u1ea1ng ho\u1ea1t t\u00ednh 5-MTHF \u2013 d\u1ea1ng folate \u0111\u00e3 \u0111\u01b0\u1ee3c ho\u1ea1t h\u00f3a h\u1ea5p thu tr\u1ef1c ti\u1ebfp &gt;80%, gi\u00fap ng\u0103n ng\u1eeba d\u1ecb t\u1eadt \u1ed5ng th\u1ea7n kinh \u1edf thai nhi \u0111\u1eb7c bi\u1ec7t v\u1edbi ng\u01b0\u1eddi c\u00f3 \u0111\u1ed9t bi\u1ebfn gen MTHFR.<\/p>\n<p class=\"QN2lPu\">&#8211; Vitamin C \u2013 t\u0103ng c\u01b0\u1eddng kh\u1ea3 n\u0103ng h\u1ea5p thu s\u1eaft, h\u1ed7 tr\u1ee3 t\u1ea1o m\u00e1u hi\u1ec7u qu\u1ea3.<\/p>\n<p class=\"QN2lPu\">&#8211; B\u1ed9t pha u\u1ed1ng ti\u1ec7n l\u1ee3i<\/p>","protected":false},"excerpt":{"rendered":"<p>[Qu\u00e0 Xinh] S\u1eaft Sinh H\u1ecdc IMOCHILD LIPOFERON B\u1ed5 Sung S\u1eaft Liposome 5MTHF Vitamin C Cho M\u1eb9 B\u1ea7u Sau Sinh H\u1ed9p 20 g\u00f3i 1. TH\u00d4NG TIN S\u1ea2N PH\u1ea8M &#8211; T\u00ean s\u1ea3n ph\u1ea9m: IMOCHILD LIPOFERON &#8211; Th\u01b0\u01a1ng hi\u1ec7u : Imochild &#8211; Xu\u1ea5t X\u1ee9: Italia &#8211; Quy c\u00e1ch: H\u1ed9p 20 g\u00f3i &#8211; HSD: 3 n\u0103m k\u1ec3 t\u1eeb ng\u00e0y [&hellip;]<\/p>","protected":false},"featured_media":1561,"comment_status":"open","ping_status":"closed","template":"","meta":{"_acf_changed":false},"product_brand":[],"product_cat":[108],"product_tag":[],"class_list":{"0":"post-1552","1":"product","2":"type-product","3":"status-publish","4":"has-post-thumbnail","6":"product_cat-thuc-pham-chuc-nang","8":"first","9":"instock","10":"shipping-taxable","11":"purchasable","12":"product-type-simple"},"acf":[],"_links":{"self":[{"href":"https:\/\/atlanticmedical.vn\/en\/wp-json\/wp\/v2\/product\/1552","targetHints":{"allow":["GET"]}}],"collection":[{"href":"https:\/\/atlanticmedical.vn\/en\/wp-json\/wp\/v2\/product"}],"about":[{"href":"https:\/\/atlanticmedical.vn\/en\/wp-json\/wp\/v2\/types\/product"}],"replies":[{"embeddable":true,"href":"https:\/\/atlanticmedical.vn\/en\/wp-json\/wp\/v2\/comments?post=1552"}],"wp:featuredmedia":[{"embeddable":true,"href":"https:\/\/atlanticmedical.vn\/en\/wp-json\/wp\/v2\/media\/1561"}],"wp:attachment":[{"href":"https:\/\/atlanticmedical.vn\/en\/wp-json\/wp\/v2\/media?parent=1552"}],"wp:term":[{"taxonomy":"product_brand","embeddable":true,"href":"https:\/\/atlanticmedical.vn\/en\/wp-json\/wp\/v2\/product_brand?post=1552"},{"taxonomy":"product_cat","embeddable":true,"href":"https:\/\/atlanticmedical.vn\/en\/wp-json\/wp\/v2\/product_cat?post=1552"},{"taxonomy":"product_tag","embeddable":true,"href":"https:\/\/atlanticmedical.vn\/en\/wp-json\/wp\/v2\/product_tag?post=1552"}],"curies":[{"name":"wp","href":"https:\/\/api.w.org\/{rel}","templated":true}]}}