{"id":1543,"date":"2026-03-23T15:16:12","date_gmt":"2026-03-23T08:16:12","guid":{"rendered":"https:\/\/atlanticmedical.vn\/?post_type=product&#038;p=1543"},"modified":"2026-03-23T15:16:12","modified_gmt":"2026-03-23T08:16:12","slug":"ferrolip-kids-sat-huu-co-khong-tao-bon-khong-tanh-cho-be-1-tuoi","status":"publish","type":"product","link":"https:\/\/atlanticmedical.vn\/en\/product\/ferrolip-kids-sat-huu-co-khong-tao-bon-khong-tanh-cho-be-1-tuoi\/","title":{"rendered":"FERROLIP kids &#8211; S\u1eaft H\u1eefu C\u01a1 Kh\u00f4ng T\u00e1o B\u00f3n Kh\u00f4ng Tanh Cho B\u00e9 > 1 Tu\u1ed5i"},"content":{"rendered":"<p class=\"QN2lPu\">[Qu\u00e0 Xinh] S\u1eaft H\u1eefu C\u01a1 FERROLIP KIDS B\u1ed5 Sung S\u1eaft D\u1ea1ng Bao Vi Nang V\u00e0 Vitamin D\u1ec5 H\u1ea5p Thu Kh\u00f4ng Tanh V\u1ecb D\u00e2u H\u1ed9p 20 G\u00f3i<\/p>\n<p class=\"QN2lPu\">\n<p class=\"QN2lPu\">1. TH\u00d4NG TIN S\u1ea2N PH\u1ea8M<\/p>\n<p class=\"QN2lPu\">&#8211; T\u00ean s\u1ea3n ph\u1ea9m: FERROLIP KIDS<\/p>\n<p class=\"QN2lPu\">&#8211; Th\u01b0\u01a1ng hi\u1ec7u: Ferrolip<\/p>\n<p class=\"QN2lPu\">&#8211; Xu\u1ea5t X\u1ee9: Italia<\/p>\n<p class=\"QN2lPu\">&#8211; Quy c\u00e1ch: H\u1ed9p 20 g\u00f3i<\/p>\n<p class=\"QN2lPu\">&#8211; HSD: 3 n\u0103m k\u1ec3 t\u1eeb ng\u00e0y s\u1ea3n xu\u1ea5t<\/p>\n<p class=\"QN2lPu\">\n<p class=\"QN2lPu\">2. \u0110\u1eb6C \u0110I\u1ec2M N\u1ed4I B\u1eacT<\/p>\n<p class=\"QN2lPu\">&#8211; Ch\u1ee9a 10mg s\u1eaft nguy\u00ean t\u1ed1 d\u01b0\u1edbi d\u1ea1ng s\u1eaft pyrophosphate bao vi nang, \u0111\u1ea3m b\u1ea3o nhu c\u1ea7u s\u1eaft h\u00e0ng ng\u00e0y cho b\u00e9 tr\u00ean 1 tu\u1ed5i<\/p>\n<p class=\"QN2lPu\">&#8211; Ngo\u00e0i s\u1eaft c\u00f2n ch\u1ee9a th\u00eam vitamin C t\u0103ng c\u01b0\u1eddng h\u1ea5p thu s\u1eaft; acid folic (vitamin B9) v\u00e0 vitamin B12 h\u1ed7 tr\u1ee3 t\u1ea1o m\u00e1u, t\u1ea1o h\u1ed3ng c\u1ea7u<\/p>\n<p class=\"QN2lPu\">&#8211; \u1ee8ng d\u1ee5ng c\u00f4ng ngh\u1ec7 bao vi nang gi\u00fap s\u1eaft kh\u00f4ng tanh, h\u1ea1n ch\u1ebf t\u1ed1i \u0111a t\u00ecnh tr\u1ea1ng n\u00f3ng trong, t\u00e1o b\u00f3n.<\/p>\n<p class=\"QN2lPu\">&#8211; D\u1ea1ng b\u00e0o ch\u1ebf tan ngay trong mi\u1ec7ng, h\u01b0\u01a1ng d\u00e2u th\u01a1m ngon, d\u1ec5 s\u1eed d\u1ee5ng<\/p>","protected":false},"excerpt":{"rendered":"<p>[Qu\u00e0 Xinh] S\u1eaft H\u1eefu C\u01a1 FERROLIP KIDS B\u1ed5 Sung S\u1eaft D\u1ea1ng Bao Vi Nang V\u00e0 Vitamin D\u1ec5 H\u1ea5p Thu Kh\u00f4ng Tanh V\u1ecb D\u00e2u H\u1ed9p 20 G\u00f3i 1. TH\u00d4NG TIN S\u1ea2N PH\u1ea8M &#8211; T\u00ean s\u1ea3n ph\u1ea9m: FERROLIP KIDS &#8211; Th\u01b0\u01a1ng hi\u1ec7u: Ferrolip &#8211; Xu\u1ea5t X\u1ee9: Italia &#8211; Quy c\u00e1ch: H\u1ed9p 20 g\u00f3i &#8211; HSD: 3 n\u0103m [&hellip;]<\/p>","protected":false},"featured_media":1544,"comment_status":"open","ping_status":"closed","template":"","meta":{"_acf_changed":false},"product_brand":[],"product_cat":[108],"product_tag":[],"class_list":{"0":"post-1543","1":"product","2":"type-product","3":"status-publish","4":"has-post-thumbnail","6":"product_cat-thuc-pham-chuc-nang","8":"first","9":"instock","10":"shipping-taxable","11":"purchasable","12":"product-type-simple"},"acf":[],"_links":{"self":[{"href":"https:\/\/atlanticmedical.vn\/en\/wp-json\/wp\/v2\/product\/1543","targetHints":{"allow":["GET"]}}],"collection":[{"href":"https:\/\/atlanticmedical.vn\/en\/wp-json\/wp\/v2\/product"}],"about":[{"href":"https:\/\/atlanticmedical.vn\/en\/wp-json\/wp\/v2\/types\/product"}],"replies":[{"embeddable":true,"href":"https:\/\/atlanticmedical.vn\/en\/wp-json\/wp\/v2\/comments?post=1543"}],"wp:featuredmedia":[{"embeddable":true,"href":"https:\/\/atlanticmedical.vn\/en\/wp-json\/wp\/v2\/media\/1544"}],"wp:attachment":[{"href":"https:\/\/atlanticmedical.vn\/en\/wp-json\/wp\/v2\/media?parent=1543"}],"wp:term":[{"taxonomy":"product_brand","embeddable":true,"href":"https:\/\/atlanticmedical.vn\/en\/wp-json\/wp\/v2\/product_brand?post=1543"},{"taxonomy":"product_cat","embeddable":true,"href":"https:\/\/atlanticmedical.vn\/en\/wp-json\/wp\/v2\/product_cat?post=1543"},{"taxonomy":"product_tag","embeddable":true,"href":"https:\/\/atlanticmedical.vn\/en\/wp-json\/wp\/v2\/product_tag?post=1543"}],"curies":[{"name":"wp","href":"https:\/\/api.w.org\/{rel}","templated":true}]}}