{"id":1533,"date":"2026-03-23T14:37:12","date_gmt":"2026-03-23T07:37:12","guid":{"rendered":"https:\/\/atlanticmedical.vn\/?post_type=product&#038;p=1533"},"modified":"2026-03-23T14:37:12","modified_gmt":"2026-03-23T07:37:12","slug":"bestifer-capsules-sat-huong-dich-khong-tao-bon-khong-tanh-cho-me-bau-sau-sinh","status":"publish","type":"product","link":"https:\/\/atlanticmedical.vn\/en\/product\/bestifer-capsules-sat-huong-dich-khong-tao-bon-khong-tanh-cho-me-bau-sau-sinh\/","title":{"rendered":"BESTIFER capsules &#8211; S\u1eaft H\u01b0\u1edbng \u0110\u00edch Kh\u00f4ng T\u00e1o B\u00f3n Kh\u00f4ng Tanh Cho M\u1eb9 B\u1ea7u Sau Sinh"},"content":{"rendered":"","protected":false},"excerpt":{"rendered":"","protected":false},"featured_media":1534,"comment_status":"open","ping_status":"closed","template":"","meta":{"_acf_changed":false},"product_brand":[],"product_cat":[108],"product_tag":[],"class_list":{"0":"post-1533","1":"product","2":"type-product","3":"status-publish","4":"has-post-thumbnail","6":"product_cat-thuc-pham-chuc-nang","8":"first","9":"instock","10":"shipping-taxable","11":"purchasable","12":"product-type-simple"},"acf":[],"_links":{"self":[{"href":"https:\/\/atlanticmedical.vn\/en\/wp-json\/wp\/v2\/product\/1533","targetHints":{"allow":["GET"]}}],"collection":[{"href":"https:\/\/atlanticmedical.vn\/en\/wp-json\/wp\/v2\/product"}],"about":[{"href":"https:\/\/atlanticmedical.vn\/en\/wp-json\/wp\/v2\/types\/product"}],"replies":[{"embeddable":true,"href":"https:\/\/atlanticmedical.vn\/en\/wp-json\/wp\/v2\/comments?post=1533"}],"wp:featuredmedia":[{"embeddable":true,"href":"https:\/\/atlanticmedical.vn\/en\/wp-json\/wp\/v2\/media\/1534"}],"wp:attachment":[{"href":"https:\/\/atlanticmedical.vn\/en\/wp-json\/wp\/v2\/media?parent=1533"}],"wp:term":[{"taxonomy":"product_brand","embeddable":true,"href":"https:\/\/atlanticmedical.vn\/en\/wp-json\/wp\/v2\/product_brand?post=1533"},{"taxonomy":"product_cat","embeddable":true,"href":"https:\/\/atlanticmedical.vn\/en\/wp-json\/wp\/v2\/product_cat?post=1533"},{"taxonomy":"product_tag","embeddable":true,"href":"https:\/\/atlanticmedical.vn\/en\/wp-json\/wp\/v2\/product_tag?post=1533"}],"curies":[{"name":"wp","href":"https:\/\/api.w.org\/{rel}","templated":true}]}}