{"id":1522,"date":"2026-03-23T14:33:18","date_gmt":"2026-03-23T07:33:18","guid":{"rendered":"https:\/\/atlanticmedical.vn\/?post_type=product&#038;p=1522"},"modified":"2026-03-23T14:33:18","modified_gmt":"2026-03-23T07:33:18","slug":"bestifer-mom-sat-huong-dich-khong-tao-bon-khong-tanh-cho-me-bau-sau-sinh","status":"publish","type":"product","link":"https:\/\/atlanticmedical.vn\/en\/product\/bestifer-mom-sat-huong-dich-khong-tao-bon-khong-tanh-cho-me-bau-sau-sinh\/","title":{"rendered":"BESTIFER mom &#8211; S\u1eaft H\u01b0\u1edbng \u0110\u00edch Kh\u00f4ng T\u00e1o B\u00f3n Kh\u00f4ng Tanh Cho M\u1eb9 B\u1ea7u Sau Sinh"},"content":{"rendered":"<p class=\"QN2lPu\">S\u1eaft H\u01b0\u1edbng \u0110\u00edch Bestifer Mom H\u1ed7 Tr\u1ee3 C\u1ea3i Thi\u1ec7n Thi\u1ebfu M\u00e1u Do Thi\u1ebfu S\u1eaft Cho M\u1eb9 B\u1ea7u V\u00e0 M\u1eb9 Sau Sinh H\u1ed9p 24 G\u00f3i<\/p>\n<p class=\"QN2lPu\">\n<p class=\"QN2lPu\">1. TH\u00d4NG TIN S\u1ea2N PH\u1ea8M<\/p>\n<p class=\"QN2lPu\">&#8211; T\u00ean s\u1ea3n ph\u1ea9m: Bestifer Mom<\/p>\n<p class=\"QN2lPu\">&#8211; Th\u01b0\u01a1ng hi\u1ec7u : Bestifer Mom<\/p>\n<p class=\"QN2lPu\">&#8211; Xu\u1ea5t X\u1ee9: Slovenia<\/p>\n<p class=\"QN2lPu\">&#8211; Quy c\u00e1ch: H\u1ed9p 24 g\u00f3i<\/p>\n<p class=\"QN2lPu\">&#8211; HSD: 2 n\u0103m k\u1ec3 t\u1eeb ng\u00e0y s\u1ea3n xu\u1ea5t<\/p>\n<p class=\"QN2lPu\">\n<p class=\"QN2lPu\">2. \u0110\u1eb6C \u0110I\u1ec2M N\u1ed4I B\u1eacT<\/p>\n<p class=\"QN2lPu\">&#8211; S\u1eaft h\u01b0\u1edbng \u0111\u00edch Bestifer Mom ch\u1ee9a s\u1eaft Lipofer \u0111\u01b0\u1ee3c vi h\u1ea1t xu\u1ed1ng k\u00edch th\u01b0\u1edbc si\u00eau nh\u1ecf r\u1ed3i \u0111\u01b0\u1ee3c bao vi nang 2 l\u1edbp, gi\u00fap h\u1ea5p thu t\u1ed1i \u0111a, h\u1ea1n ch\u1ebf n\u00f3ng trong, t\u00e1o b\u00f3n, kh\u00f4ng \u0111i ngo\u00e0i \u0111en ph\u00e2n, \u00edt k\u00edch \u1ee9ng \u0111\u01b0\u1eddng ti\u00eau h\u00f3a<\/p>\n<p class=\"QN2lPu\">&#8211; H\u00e0m l\u01b0\u1ee3ng s\u1eaft nguy\u00ean t\u1ed1 trong S\u1eaft h\u01b0\u1edbng \u0111\u00edch Bestifer Mom l\u00e0 30mg s\u1eaft nguy\u00ean t\u1ed1, \u0111\u1ea3m b\u1ea3o nhu c\u1ea7u s\u1eaft h\u00e0ng ng\u00e0y cho m\u1eb9 b\u1ea7u (theo WHO) v\u00e0 \u0111\u1ed1i t\u01b0\u1ee3ng c\u1ea7n b\u1ed5 sung s\u1eaft.<\/p>\n<p class=\"QN2lPu\">&#8211; S\u1eaft h\u01b0\u1edbng \u0111\u00edch Bestifer Mom \u0111\u01b0\u1ee3c ch\u1ee9ng minh l\u00e2m s\u00e0ng gi\u00fap c\u1ea3i thi\u1ec7n thi\u1ebfu m\u00e1u do thi\u1ebfu s\u1eaft sau 4 tu\u1ea7n s\u1eed d\u1ee5ng<\/p>\n<p class=\"QN2lPu\">&#8211; S\u1eaft h\u01b0\u1edbng \u0111\u00edch Bestifer Mom \u0111\u01b0\u1ee3c thi\u1ebft k\u1ebf d\u1ea1ng g\u00f3i, m\u00f9i d\u00e2u, kh\u00f4ng tanh d\u1ec5 chia li\u1ec1u s\u1eed d\u1ee5ng<\/p>\n<p class=\"QN2lPu\">&#8211; S\u1ea3n ph\u1ea9m S\u1eaft h\u01b0\u1edbng \u0111\u00edch Bestifer Mom \u0111\u01b0\u1ee3c nh\u1eadp kh\u1ea9u t\u1eeb Slovenia<\/p>","protected":false},"excerpt":{"rendered":"<p>S\u1eaft H\u01b0\u1edbng \u0110\u00edch Bestifer Mom H\u1ed7 Tr\u1ee3 C\u1ea3i Thi\u1ec7n Thi\u1ebfu M\u00e1u Do Thi\u1ebfu S\u1eaft Cho M\u1eb9 B\u1ea7u V\u00e0 M\u1eb9 Sau Sinh H\u1ed9p 24 G\u00f3i 1. TH\u00d4NG TIN S\u1ea2N PH\u1ea8M &#8211; T\u00ean s\u1ea3n ph\u1ea9m: Bestifer Mom &#8211; Th\u01b0\u01a1ng hi\u1ec7u : Bestifer Mom &#8211; Xu\u1ea5t X\u1ee9: Slovenia &#8211; Quy c\u00e1ch: H\u1ed9p 24 g\u00f3i &#8211; HSD: 2 n\u0103m [&hellip;]<\/p>","protected":false},"featured_media":1523,"comment_status":"open","ping_status":"closed","template":"","meta":{"_acf_changed":false},"product_brand":[],"product_cat":[108],"product_tag":[],"class_list":{"0":"post-1522","1":"product","2":"type-product","3":"status-publish","4":"has-post-thumbnail","6":"product_cat-thuc-pham-chuc-nang","8":"first","9":"instock","10":"shipping-taxable","11":"purchasable","12":"product-type-simple"},"acf":[],"_links":{"self":[{"href":"https:\/\/atlanticmedical.vn\/en\/wp-json\/wp\/v2\/product\/1522","targetHints":{"allow":["GET"]}}],"collection":[{"href":"https:\/\/atlanticmedical.vn\/en\/wp-json\/wp\/v2\/product"}],"about":[{"href":"https:\/\/atlanticmedical.vn\/en\/wp-json\/wp\/v2\/types\/product"}],"replies":[{"embeddable":true,"href":"https:\/\/atlanticmedical.vn\/en\/wp-json\/wp\/v2\/comments?post=1522"}],"wp:featuredmedia":[{"embeddable":true,"href":"https:\/\/atlanticmedical.vn\/en\/wp-json\/wp\/v2\/media\/1523"}],"wp:attachment":[{"href":"https:\/\/atlanticmedical.vn\/en\/wp-json\/wp\/v2\/media?parent=1522"}],"wp:term":[{"taxonomy":"product_brand","embeddable":true,"href":"https:\/\/atlanticmedical.vn\/en\/wp-json\/wp\/v2\/product_brand?post=1522"},{"taxonomy":"product_cat","embeddable":true,"href":"https:\/\/atlanticmedical.vn\/en\/wp-json\/wp\/v2\/product_cat?post=1522"},{"taxonomy":"product_tag","embeddable":true,"href":"https:\/\/atlanticmedical.vn\/en\/wp-json\/wp\/v2\/product_tag?post=1522"}],"curies":[{"name":"wp","href":"https:\/\/api.w.org\/{rel}","templated":true}]}}