{"id":1505,"date":"2026-03-23T14:23:04","date_gmt":"2026-03-23T07:23:04","guid":{"rendered":"https:\/\/atlanticmedical.vn\/?post_type=product&#038;p=1505"},"modified":"2026-03-23T14:23:04","modified_gmt":"2026-03-23T07:23:04","slug":"orthomol-immun-bo-sung-vitamin-khoang-chat-tang-suc-de-khang","status":"publish","type":"product","link":"https:\/\/atlanticmedical.vn\/en\/product\/orthomol-immun-bo-sung-vitamin-khoang-chat-tang-suc-de-khang\/","title":{"rendered":"ORTHOMOL IMMUN &#8211; B\u1ed5 Sung Vitamin Kho\u00e1ng Ch\u1ea5t T\u0103ng S\u1ee9c \u0110\u1ec1 Kh\u00e1ng"},"content":{"rendered":"<p class=\"QN2lPu\">[Ch\u00ednh H\u00e3ng] Orthomol IMMUN B\u1ed5 Sung Vitamin Kho\u00e1ng Ch\u1ea5t H\u1ed7 Tr\u1ee3 T\u0103ng C\u01b0\u1eddng S\u1ee9c \u0110\u1ec1 Kh\u00e1ng H\u1ed9p 30 Li\u1ec1u<\/p>\n<p class=\"QN2lPu\">\n<p class=\"QN2lPu\">1. TH\u00d4NG TIN S\u1ea2N PH\u1ea8M<\/p>\n<p class=\"QN2lPu\">&#8211; T\u00ean s\u1ea3n ph\u1ea9m: Orthomol Immun<\/p>\n<p class=\"QN2lPu\">&#8211; Th\u01b0\u01a1ng hi\u1ec7u: Orthomol<\/p>\n<p class=\"QN2lPu\">&#8211; Xu\u1ea5t X\u1ee9: \u0110\u1ee9c<\/p>\n<p class=\"QN2lPu\">&#8211; Quy c\u00e1ch: H\u1ed9p 30 li\u1ec1u. M\u1ed7i li\u1ec1u g\u1ed3m: 1 l\u1ecd 20ml, 1 vi\u00ean n\u00e9n m\u00e0u tr\u1eafng, 1 vi\u00ean n\u00e9n m\u00e0u cam<\/p>\n<p class=\"QN2lPu\">&#8211; HSD: 21 th\u00e1ng k\u1ec3 t\u1eeb ng\u00e0y s\u1ea3n xu\u1ea5t<\/p>\n<p class=\"QN2lPu\">\n<p class=\"QN2lPu\">2. \u0110\u1eb6C \u0110I\u1ec2M N\u1ed4I B\u1eacT<\/p>\n<p class=\"QN2lPu\">&#8211; Orthomol Immun ch\u1ee9a \u0111a d\u1ea1ng c\u00e1c vitamin v\u00e0 kho\u00e1ng ch\u1ea5t hi\u1ec7p \u0111\u1ed3ng t\u00e1c d\u1ee5ng t\u0103ng mi\u1ec5n d\u1ecbch, ch\u1ed1ng oxy ho\u00e1 cho c\u01a1 th\u1ec3 t\u0103ng c\u01b0\u1eddng s\u1ee9c kho\u1ebb cho ng\u01b0\u1eddi d\u00f9ng. \u0110\u00e1ng ch\u00fa \u00fd l\u00e0:<\/p>\n<p class=\"QN2lPu\">+ Vitamin C, E v\u00e0 c\u00e1c carotenoid gi\u00fap trung ho\u00e0 g\u1ed1c t\u1ef1 do, b\u1ea3o v\u1ec7 t\u1ebf b\u00e0o, h\u1ed7 tr\u1ee3 t\u0103ng mi\u1ec5n d\u1ecbch<\/p>\n<p class=\"QN2lPu\">+ Vitamin nh\u00f3m B l\u00e0 th\u00e0nh ph\u1ea7n c\u1ee7a c\u00e1c co-enzyme c\u1ea7n thi\u1ebft cho c\u00e1c ph\u1ea3n \u1ee9ng trong qu\u00e1 tr\u00ecnh trao \u0111\u1ed5i ch\u1ea5t sinh n\u0103ng l\u01b0\u1ee3ng c\u1ee7a c\u01a1 th\u1ec3<\/p>\n<p class=\"QN2lPu\">+ Bioflavonoid t\u1eeb chi\u1ebft xu\u1ea5t cam c\u00f4 \u0111\u1eb7c l\u00e0 ch\u1ea5t ch\u1ed1ng oxy ho\u00e1 t\u1ef1 nhi\u00ean, t\u0103ng c\u01b0\u1eddng t\u00e1c d\u1ee5ng c\u1ee7a vitamin C<\/p>\n<p class=\"QN2lPu\">+ K\u1ebdm, selen l\u00e0 th\u00e0nh ph\u1ea7n quan tr\u1ecdng c\u1ee7a c\u00e1c enzyme gi\u00fap ch\u1ed1ng oxy ho\u00e1 c\u0169ng nh\u01b0 h\u1ed7 tr\u1ee3 ho\u1ea1t \u0111\u1ed9ng c\u1ee7a c\u00e1c t\u1ebf b\u00e0o mi\u1ec5n d\u1ecbch<\/p>\n<p class=\"QN2lPu\">&#8211; Orthomol Immun s\u1ea3n ph\u1ea9m d\u1ec5 d\u00f9ng, m\u00f9i v\u1ecb th\u01a1m ngon<\/p>\n<p class=\"QN2lPu\">&#8211; Orthomol Immun \u0111\u01b0\u1ee3c nh\u1eadp kh\u1ea9u ch\u00ednh ng\u1ea1ch t\u1eeb \u0110\u1ee9c, ho\u00e1 \u0111\u01a1n VAT 100%<\/p>","protected":false},"excerpt":{"rendered":"<p>[Ch\u00ednh H\u00e3ng] Orthomol IMMUN B\u1ed5 Sung Vitamin Kho\u00e1ng Ch\u1ea5t H\u1ed7 Tr\u1ee3 T\u0103ng C\u01b0\u1eddng S\u1ee9c \u0110\u1ec1 Kh\u00e1ng H\u1ed9p 30 Li\u1ec1u 1. TH\u00d4NG TIN S\u1ea2N PH\u1ea8M &#8211; T\u00ean s\u1ea3n ph\u1ea9m: Orthomol Immun &#8211; Th\u01b0\u01a1ng hi\u1ec7u: Orthomol &#8211; Xu\u1ea5t X\u1ee9: \u0110\u1ee9c &#8211; Quy c\u00e1ch: H\u1ed9p 30 li\u1ec1u. M\u1ed7i li\u1ec1u g\u1ed3m: 1 l\u1ecd 20ml, 1 vi\u00ean n\u00e9n m\u00e0u tr\u1eafng, [&hellip;]<\/p>","protected":false},"featured_media":1506,"comment_status":"open","ping_status":"closed","template":"","meta":{"_acf_changed":false},"product_brand":[],"product_cat":[108],"product_tag":[],"class_list":{"0":"post-1505","1":"product","2":"type-product","3":"status-publish","4":"has-post-thumbnail","6":"product_cat-thuc-pham-chuc-nang","8":"first","9":"instock","10":"shipping-taxable","11":"purchasable","12":"product-type-simple"},"acf":[],"_links":{"self":[{"href":"https:\/\/atlanticmedical.vn\/en\/wp-json\/wp\/v2\/product\/1505","targetHints":{"allow":["GET"]}}],"collection":[{"href":"https:\/\/atlanticmedical.vn\/en\/wp-json\/wp\/v2\/product"}],"about":[{"href":"https:\/\/atlanticmedical.vn\/en\/wp-json\/wp\/v2\/types\/product"}],"replies":[{"embeddable":true,"href":"https:\/\/atlanticmedical.vn\/en\/wp-json\/wp\/v2\/comments?post=1505"}],"wp:featuredmedia":[{"embeddable":true,"href":"https:\/\/atlanticmedical.vn\/en\/wp-json\/wp\/v2\/media\/1506"}],"wp:attachment":[{"href":"https:\/\/atlanticmedical.vn\/en\/wp-json\/wp\/v2\/media?parent=1505"}],"wp:term":[{"taxonomy":"product_brand","embeddable":true,"href":"https:\/\/atlanticmedical.vn\/en\/wp-json\/wp\/v2\/product_brand?post=1505"},{"taxonomy":"product_cat","embeddable":true,"href":"https:\/\/atlanticmedical.vn\/en\/wp-json\/wp\/v2\/product_cat?post=1505"},{"taxonomy":"product_tag","embeddable":true,"href":"https:\/\/atlanticmedical.vn\/en\/wp-json\/wp\/v2\/product_tag?post=1505"}],"curies":[{"name":"wp","href":"https:\/\/api.w.org\/{rel}","templated":true}]}}