{"id":1499,"date":"2026-03-23T14:19:21","date_gmt":"2026-03-23T07:19:21","guid":{"rendered":"https:\/\/atlanticmedical.vn\/?post_type=product&#038;p=1499"},"modified":"2026-03-23T14:19:21","modified_gmt":"2026-03-23T07:19:21","slug":"orthomol-fertil-plus-ho-tro-tang-cuong-suc-khoe-sinh-ly-nam-gioi","status":"publish","type":"product","link":"https:\/\/atlanticmedical.vn\/en\/product\/orthomol-fertil-plus-ho-tro-tang-cuong-suc-khoe-sinh-ly-nam-gioi\/","title":{"rendered":"ORTHOMOL FERTIL plus &#8211; H\u1ed7 Tr\u1ee3 T\u0103ng C\u01b0\u1eddng S\u1ee9c Kh\u1ecfe Sinh L\u00fd Nam Gi\u1edbi"},"content":{"rendered":"<p class=\"QN2lPu\">[Ch\u00ednh H\u00e3ng] Orthomol Fertil Plus B\u1ed5 Tinh Tr\u00f9ng H\u1ed7 Tr\u1ee3 T\u0103ng C\u01b0\u1eddng S\u1ee9c Kh\u1ecfe Sinh L\u00fd Nam Gi\u1edbi H\u1ed9p 30 Li\u1ec1u<\/p>\n<p class=\"QN2lPu\">\n<p class=\"QN2lPu\">1. TH\u00d4NG TIN S\u1ea2N PH\u1ea8M<\/p>\n<p class=\"QN2lPu\">&#8211; T\u00ean s\u1ea3n ph\u1ea9m: Orthomol Fertil Plus<\/p>\n<p class=\"QN2lPu\">&#8211; Th\u01b0\u01a1ng hi\u1ec7u: Orthomol<\/p>\n<p class=\"QN2lPu\">&#8211; Xu\u1ea5t X\u1ee9: \u0110\u1ee9c<\/p>\n<p class=\"QN2lPu\">&#8211; Quy c\u00e1ch: H\u1ed9p 30 g\u00f3i, m\u1ed7i g\u00f3i ch\u1ee9a 4 vi\u00ean u\u1ed1ng (g\u1ed3m 2 vi\u00ean n\u00e9n xanh nh\u1ea1t, 1 vi\u00ean nang xanh \u0111\u1eadm, 1 vi\u00ean n\u00e9n tr\u1eafng \u0111\u1ee5c).<\/p>\n<p class=\"QN2lPu\">&#8211; HSD: 2 n\u0103m k\u1ec3 t\u1eeb ng\u00e0y s\u1ea3n xu\u1ea5t<\/p>\n<p class=\"QN2lPu\">\n<p class=\"QN2lPu\">2. \u0110\u1eb6C \u0110I\u1ec2M N\u1ed4I B\u1eacT<\/p>\n<p class=\"QN2lPu\">&#8211; Orthomol Fertil Plus b\u1ed5 sung L-carnitine fumarate v\u00e0 acetyl-L-carnitine h\u1ed7 tr\u1ee3 cung c\u1ea5p n\u0103ng l\u01b0\u1ee3ng c\u1ea7n thi\u1ebft cho kh\u1ea3 n\u0103ng di chuy\u1ec3n c\u1ee7a tinh tr\u00f9ng v\u00e0 t\u0103ng s\u1ed1 l\u01b0\u1ee3ng tinh tr\u00f9ng c\u00f3 h\u00ecnh d\u1ea1ng b\u00ecnh th\u01b0\u1eddng<\/p>\n<p class=\"QN2lPu\">&#8211; Orthomol Fertil Plus ch\u1ee9a Coenzym Q10 gi\u00fap t\u00e1i t\u1ea1o n\u0103ng l\u01b0\u1ee3ng ch\u1ed1ng oxy ho\u00e1, gi\u00fap t\u0103ng l\u01b0\u1ee3ng tinh tr\u00f9ng v\u00e0 kh\u1ea3 n\u0103ng di chuy\u1ec3n, \u0111\u1ed3ng th\u1eddi c\u1ea3i thi\u1ec7n c\u01a1 h\u1ed9i mang thai t\u1ef1 nhi\u00ean<\/p>\n<p class=\"QN2lPu\">&#8211; Orthomol Fertil Plus ch\u1ee9a K\u1ebdm, Selen, vitamin E h\u1ed7 tr\u1ee3 t\u0103ng kh\u1ea3 n\u0103ng sinh tinh \u0111\u01b0\u1ee3c di\u1ec5n ra b\u00ecnh th\u01b0\u1eddng, c\u1ea3i thi\u1ec7n kh\u1ea3 n\u0103ng th\u1ee5 thai<\/p>\n<p class=\"QN2lPu\">&#8211; Orthomol Fertil Plus ch\u1ee9a c\u00e1c vitamin nh\u00f3m B t\u00e1c \u0111\u1ed9ng t\u00edch c\u1ef1c \u0111\u1ebfn m\u1eadt \u0111\u1ed9 tinh tr\u00f9ng c\u0169ng nh\u01b0 gi\u1ea3m m\u1ee9c homocysteine<\/p>","protected":false},"excerpt":{"rendered":"<p>[Ch\u00ednh H\u00e3ng] Orthomol Fertil Plus B\u1ed5 Tinh Tr\u00f9ng H\u1ed7 Tr\u1ee3 T\u0103ng C\u01b0\u1eddng S\u1ee9c Kh\u1ecfe Sinh L\u00fd Nam Gi\u1edbi H\u1ed9p 30 Li\u1ec1u 1. TH\u00d4NG TIN S\u1ea2N PH\u1ea8M &#8211; T\u00ean s\u1ea3n ph\u1ea9m: Orthomol Fertil Plus &#8211; Th\u01b0\u01a1ng hi\u1ec7u: Orthomol &#8211; Xu\u1ea5t X\u1ee9: \u0110\u1ee9c &#8211; Quy c\u00e1ch: H\u1ed9p 30 g\u00f3i, m\u1ed7i g\u00f3i ch\u1ee9a 4 vi\u00ean u\u1ed1ng (g\u1ed3m 2 [&hellip;]<\/p>","protected":false},"featured_media":1503,"comment_status":"open","ping_status":"closed","template":"","meta":{"_acf_changed":false},"product_brand":[],"product_cat":[18,108],"product_tag":[],"class_list":{"0":"post-1499","1":"product","2":"type-product","3":"status-publish","4":"has-post-thumbnail","6":"product_cat-chua-phan-loai","7":"product_cat-thuc-pham-chuc-nang","9":"first","10":"instock","11":"shipping-taxable","12":"purchasable","13":"product-type-simple"},"acf":[],"_links":{"self":[{"href":"https:\/\/atlanticmedical.vn\/en\/wp-json\/wp\/v2\/product\/1499","targetHints":{"allow":["GET"]}}],"collection":[{"href":"https:\/\/atlanticmedical.vn\/en\/wp-json\/wp\/v2\/product"}],"about":[{"href":"https:\/\/atlanticmedical.vn\/en\/wp-json\/wp\/v2\/types\/product"}],"replies":[{"embeddable":true,"href":"https:\/\/atlanticmedical.vn\/en\/wp-json\/wp\/v2\/comments?post=1499"}],"wp:featuredmedia":[{"embeddable":true,"href":"https:\/\/atlanticmedical.vn\/en\/wp-json\/wp\/v2\/media\/1503"}],"wp:attachment":[{"href":"https:\/\/atlanticmedical.vn\/en\/wp-json\/wp\/v2\/media?parent=1499"}],"wp:term":[{"taxonomy":"product_brand","embeddable":true,"href":"https:\/\/atlanticmedical.vn\/en\/wp-json\/wp\/v2\/product_brand?post=1499"},{"taxonomy":"product_cat","embeddable":true,"href":"https:\/\/atlanticmedical.vn\/en\/wp-json\/wp\/v2\/product_cat?post=1499"},{"taxonomy":"product_tag","embeddable":true,"href":"https:\/\/atlanticmedical.vn\/en\/wp-json\/wp\/v2\/product_tag?post=1499"}],"curies":[{"name":"wp","href":"https:\/\/api.w.org\/{rel}","templated":true}]}}