{"id":1476,"date":"2026-03-23T11:24:26","date_gmt":"2026-03-23T04:24:26","guid":{"rendered":"https:\/\/atlanticmedical.vn\/?post_type=product&#038;p=1476"},"modified":"2026-03-23T11:24:26","modified_gmt":"2026-03-23T04:24:26","slug":"neo-kids-gummies-k2alcium-keo-deo-canxi-vi-sua-chua","status":"publish","type":"product","link":"https:\/\/atlanticmedical.vn\/en\/product\/neo-kids-gummies-k2alcium-keo-deo-canxi-vi-sua-chua\/","title":{"rendered":"NEO KIDS Gummies K2ALCIUM &#8211; K\u1eb9o D\u1ebbo Canxi V\u1ecb S\u1eefa Chua"},"content":{"rendered":"<p class=\"QN2lPu\">K\u1eb9o D\u1ebbo Canxi V\u1ecb S\u1eefa Chua NEO KIDS GUMMIES K2ALCIUM B\u1ed5 Sung Canxi D3 K2 MK7 Cho Con Cao L\u1edbn L\u1ecd 60 Vi\u00ean<\/p>\n<p class=\"QN2lPu\">\n<p class=\"QN2lPu\">1. TH\u00d4NG TIN S\u1ea2N PH\u1ea8M<\/p>\n<p class=\"QN2lPu\">&#8211; T\u00ean s\u1ea3n ph\u1ea9m: K\u1eb9o Nhai Canxi NEO KIDS GUMMIES K2ALCIUM<\/p>\n<p class=\"QN2lPu\">&#8211; Th\u01b0\u01a1ng hi\u1ec7u: Neo Kids<\/p>\n<p class=\"QN2lPu\">&#8211; Xu\u1ea5t X\u1ee9: T\u00e2y Ban Nha<\/p>\n<p class=\"QN2lPu\">&#8211; Quy c\u00e1ch: H\u1ed9p 60 vi\u00ean nhai<\/p>\n<p class=\"QN2lPu\">&#8211; HSD: 30 th\u00e1ng k\u1ec3 t\u1eeb ng\u00e0y s\u1ea3n xu\u1ea5t<\/p>\n<p class=\"QN2lPu\">\n<p class=\"QN2lPu\">2. \u0110\u1eb6C \u0110I\u1ec2M N\u1ed4I B\u1eacT<\/p>\n<p class=\"QN2lPu\">&#8211; S\u1ea3n ph\u1ea9m b\u1ed5 sung canxi \u1edf d\u1ea1ng tricalci phosphate l\u00e0 th\u00e0nh ph\u1ea7n ch\u00ednh trong c\u1ea5u tr\u00fac x\u01b0\u01a1ng, r\u0103ng n\u00ean c\u00f3 t\u1ef7 l\u1ec7 Canxi, phospho ph\u00f9 h\u1ee3p v\u1edbi x\u01b0\u01a1ng, r\u0103ng<\/p>\n<p class=\"QN2lPu\">&#8211; S\u1ea3n ph\u1ea9m c\u00f3 ch\u1ee9a vitamin D3, vitamin K2 MK7 t\u1ed1i \u01b0u qu\u00e1 tr\u00ecnh h\u1ea5p thu canxi gi\u00fap con cao l\u1edbn<\/p>\n<p class=\"QN2lPu\">&#8211; D\u1ea1ng k\u1eb9o nhai th\u01a1m m\u00f9i s\u1eefa chua, v\u1ecb ng\u1ecdt d\u1ec5 d\u00f9ng cho tr\u1ebb nh\u1ecf<\/p>\n<p class=\"QN2lPu\">&#8211; Thi\u1ebft k\u1ebf l\u1ecd an to\u00e0n v\u1edbi tr\u1ebb nh\u1ecf<\/p>\n<p class=\"QN2lPu\">&#8211; S\u1ea3n ph\u1ea9m nh\u1eadp kh\u1ea9u t\u1eeb T\u00e2y Ban Nha<\/p>","protected":false},"excerpt":{"rendered":"<p>K\u1eb9o D\u1ebbo Canxi V\u1ecb S\u1eefa Chua NEO KIDS GUMMIES K2ALCIUM B\u1ed5 Sung Canxi D3 K2 MK7 Cho Con Cao L\u1edbn L\u1ecd 60 Vi\u00ean 1. TH\u00d4NG TIN S\u1ea2N PH\u1ea8M &#8211; T\u00ean s\u1ea3n ph\u1ea9m: K\u1eb9o Nhai Canxi NEO KIDS GUMMIES K2ALCIUM &#8211; Th\u01b0\u01a1ng hi\u1ec7u: Neo Kids &#8211; Xu\u1ea5t X\u1ee9: T\u00e2y Ban Nha &#8211; Quy c\u00e1ch: H\u1ed9p 60 [&hellip;]<\/p>","protected":false},"featured_media":1482,"comment_status":"open","ping_status":"closed","template":"","meta":{"_acf_changed":false},"product_brand":[],"product_cat":[108],"product_tag":[],"class_list":{"0":"post-1476","1":"product","2":"type-product","3":"status-publish","4":"has-post-thumbnail","6":"product_cat-thuc-pham-chuc-nang","8":"first","9":"instock","10":"shipping-taxable","11":"purchasable","12":"product-type-simple"},"acf":[],"_links":{"self":[{"href":"https:\/\/atlanticmedical.vn\/en\/wp-json\/wp\/v2\/product\/1476","targetHints":{"allow":["GET"]}}],"collection":[{"href":"https:\/\/atlanticmedical.vn\/en\/wp-json\/wp\/v2\/product"}],"about":[{"href":"https:\/\/atlanticmedical.vn\/en\/wp-json\/wp\/v2\/types\/product"}],"replies":[{"embeddable":true,"href":"https:\/\/atlanticmedical.vn\/en\/wp-json\/wp\/v2\/comments?post=1476"}],"wp:featuredmedia":[{"embeddable":true,"href":"https:\/\/atlanticmedical.vn\/en\/wp-json\/wp\/v2\/media\/1482"}],"wp:attachment":[{"href":"https:\/\/atlanticmedical.vn\/en\/wp-json\/wp\/v2\/media?parent=1476"}],"wp:term":[{"taxonomy":"product_brand","embeddable":true,"href":"https:\/\/atlanticmedical.vn\/en\/wp-json\/wp\/v2\/product_brand?post=1476"},{"taxonomy":"product_cat","embeddable":true,"href":"https:\/\/atlanticmedical.vn\/en\/wp-json\/wp\/v2\/product_cat?post=1476"},{"taxonomy":"product_tag","embeddable":true,"href":"https:\/\/atlanticmedical.vn\/en\/wp-json\/wp\/v2\/product_tag?post=1476"}],"curies":[{"name":"wp","href":"https:\/\/api.w.org\/{rel}","templated":true}]}}