{"id":1467,"date":"2026-03-23T11:12:29","date_gmt":"2026-03-23T04:12:29","guid":{"rendered":"https:\/\/atlanticmedical.vn\/?post_type=product&#038;p=1467"},"modified":"2026-03-23T11:12:29","modified_gmt":"2026-03-23T04:12:29","slug":"imochild-nino-zinc-kem-huu-co-cho-be-tu-so-sinh","status":"publish","type":"product","link":"https:\/\/atlanticmedical.vn\/en\/product\/imochild-nino-zinc-kem-huu-co-cho-be-tu-so-sinh\/","title":{"rendered":"IMOCHILD NINO ZINC &#8211; K\u1ebdm H\u1eefu C\u01a1 Cho B\u00e9 T\u1eeb S\u01a1 Sinh"},"content":{"rendered":"<p class=\"QN2lPu\">K\u1ebdm H\u1eefu C\u01a1 IMOCHILD NINO ZINC T\u0103ng \u0110\u1ec1 Kh\u00e1ng M\u00f9i Chu\u1ed1i Th\u01a1m Ngon Cho Tr\u1ebb T\u1eeb S\u01a1 Sinh<\/p>\n<p class=\"QN2lPu\">\n<p class=\"QN2lPu\">1. TH\u00d4NG TIN S\u1ea2N PH\u1ea8M<\/p>\n<p class=\"QN2lPu\">&#8211; T\u00ean s\u1ea3n ph\u1ea9m: Nino ZinC<\/p>\n<p class=\"QN2lPu\">&#8211; Nh\u00e3n hi\u1ec7u: Imochild<\/p>\n<p class=\"QN2lPu\">&#8211; Xu\u1ea5t X\u1ee9: Italia<\/p>\n<p class=\"QN2lPu\">&#8211; Quy c\u00e1ch: H\u1ed9p 1 l\u1ecd 30ml<\/p>\n<p class=\"QN2lPu\">&#8211; HSD: 3 n\u0103m k\u1ec3 t\u1eeb ng\u00e0y s\u1ea3n xu\u1ea5t<\/p>\n<p class=\"QN2lPu\">\n<p class=\"QN2lPu\">2. \u0110\u1eb6C \u0110I\u1ec2M N\u1ed4I B\u1eacT<\/p>\n<p class=\"QN2lPu\">&#8211; K\u1ebdm h\u1eefu c\u01a1 Imochild Nino ZinC ch\u1ee9a k\u1ebdm v\u1edbi ho\u1ea1t t\u00ednh sinh h\u1ecdc cao, gi\u00fap h\u1ea5p thu nhanh gi\u00fap c\u1ea3i thi\u1ec7n v\u1ecb gi\u00e1c c\u1ee7a tr\u1ebb, t\u0103ng c\u01b0\u1eddng s\u1ee9c \u0111\u1ec1 kh\u00e1ng<\/p>\n<p class=\"QN2lPu\">&#8211; K\u1ebdm h\u1eefu c\u01a1 Imochild Nino ZinC ch\u1ee9a Vitamin C gi\u00fap t\u0103ng c\u01b0\u1eddng \u0111\u1ec1 kh\u00e1ng, t\u0103ng c\u01b0\u1eddng h\u1ea5p thu k\u1ebdm<\/p>\n<p class=\"QN2lPu\">&#8211; K\u1ebdm h\u1eefu c\u01a1 Imochild Nino ZinC \u0111\u01b0\u1ee3c thi\u1ebft k\u1ebf \u1ed1ng h\u00fat chia v\u1ea1ch, v\u1ecb ng\u1ecdt, h\u01b0\u01a1ng chu\u1ed1i th\u01a1m ngon d\u1ec5 d\u00e0ng s\u1eed d\u1ee5ng cho tr\u1ebb nh\u1ecf<\/p>\n<p class=\"QN2lPu\">&#8211; K\u1ebdm h\u1eefu c\u01a1 Imochild Nino ZinC t\u1ed1i \u01b0u chi ph\u00ed so v\u1edbi m\u1ed9t s\u1ed1 s\u1ea3n ph\u1ea9m k\u1ebdm h\u1eefu c\u01a1<\/p>\n<p class=\"QN2lPu\">&#8211; K\u1ebdm h\u1eefu c\u01a1 Imochild Nino ZinC c\u00f3 th\u1ec3 s\u1eed d\u1ee5ng cho tr\u1ebb t\u1eeb s\u01a1 sinh<\/p>\n<p class=\"QN2lPu\">&#8211; Nh\u1eadp kh\u1ea9u ch\u00ednh h\u00e3ng, \u0111\u1ea7y \u0111\u1ee7 ho\u00e1 \u0111\u01a1n VAT<\/p>","protected":false},"excerpt":{"rendered":"<p>K\u1ebdm H\u1eefu C\u01a1 IMOCHILD NINO ZINC T\u0103ng \u0110\u1ec1 Kh\u00e1ng M\u00f9i Chu\u1ed1i Th\u01a1m Ngon Cho Tr\u1ebb T\u1eeb S\u01a1 Sinh 1. TH\u00d4NG TIN S\u1ea2N PH\u1ea8M &#8211; T\u00ean s\u1ea3n ph\u1ea9m: Nino ZinC &#8211; Nh\u00e3n hi\u1ec7u: Imochild &#8211; Xu\u1ea5t X\u1ee9: Italia &#8211; Quy c\u00e1ch: H\u1ed9p 1 l\u1ecd 30ml &#8211; HSD: 3 n\u0103m k\u1ec3 t\u1eeb ng\u00e0y s\u1ea3n xu\u1ea5t 2. \u0110\u1eb6C [&hellip;]<\/p>","protected":false},"featured_media":1473,"comment_status":"open","ping_status":"closed","template":"","meta":{"_acf_changed":false},"product_brand":[],"product_cat":[108],"product_tag":[],"class_list":{"0":"post-1467","1":"product","2":"type-product","3":"status-publish","4":"has-post-thumbnail","6":"product_cat-thuc-pham-chuc-nang","8":"first","9":"instock","10":"shipping-taxable","11":"purchasable","12":"product-type-simple"},"acf":[],"_links":{"self":[{"href":"https:\/\/atlanticmedical.vn\/en\/wp-json\/wp\/v2\/product\/1467","targetHints":{"allow":["GET"]}}],"collection":[{"href":"https:\/\/atlanticmedical.vn\/en\/wp-json\/wp\/v2\/product"}],"about":[{"href":"https:\/\/atlanticmedical.vn\/en\/wp-json\/wp\/v2\/types\/product"}],"replies":[{"embeddable":true,"href":"https:\/\/atlanticmedical.vn\/en\/wp-json\/wp\/v2\/comments?post=1467"}],"wp:featuredmedia":[{"embeddable":true,"href":"https:\/\/atlanticmedical.vn\/en\/wp-json\/wp\/v2\/media\/1473"}],"wp:attachment":[{"href":"https:\/\/atlanticmedical.vn\/en\/wp-json\/wp\/v2\/media?parent=1467"}],"wp:term":[{"taxonomy":"product_brand","embeddable":true,"href":"https:\/\/atlanticmedical.vn\/en\/wp-json\/wp\/v2\/product_brand?post=1467"},{"taxonomy":"product_cat","embeddable":true,"href":"https:\/\/atlanticmedical.vn\/en\/wp-json\/wp\/v2\/product_cat?post=1467"},{"taxonomy":"product_tag","embeddable":true,"href":"https:\/\/atlanticmedical.vn\/en\/wp-json\/wp\/v2\/product_tag?post=1467"}],"curies":[{"name":"wp","href":"https:\/\/api.w.org\/{rel}","templated":true}]}}