{"id":1461,"date":"2026-03-23T10:55:08","date_gmt":"2026-03-23T03:55:08","guid":{"rendered":"https:\/\/atlanticmedical.vn\/?post_type=product&#038;p=1461"},"modified":"2026-03-23T10:55:08","modified_gmt":"2026-03-23T03:55:08","slug":"neobiolina-kem-danh-rang-huu-co-khong-chua-flour-dung-cho-rang-sua","status":"publish","type":"product","link":"https:\/\/atlanticmedical.vn\/en\/product\/neobiolina-kem-danh-rang-huu-co-khong-chua-flour-dung-cho-rang-sua\/","title":{"rendered":"NEOBIOLINA Kem \u0110\u00e1nh R\u0103ng H\u1eefu C\u01a1 Kh\u00f4ng Ch\u1ee9a Flour D\u00f9ng Cho R\u0103ng S\u1eefa"},"content":{"rendered":"<p class=\"QN2lPu\">Kem \u0110\u00e1nh R\u0103ng H\u1eefu C\u01a1 Nebiolina An To\u00e0n Kh\u00f4ng Ch\u1ee9a Flour Nu\u1ed1t \u0110\u01b0\u1ee3c D\u00f9ng Cho R\u0103ng S\u1eefa<\/p>\n<p class=\"QN2lPu\">1. TH\u00d4NG TIN S\u1ea2N PH\u1ea8M<\/p>\n<p class=\"QN2lPu\">&#8211; T\u00ean s\u1ea3n ph\u1ea9m: KEM \u0110\u00c1NH R\u0102NG NEBIOLINA<\/p>\n<p class=\"QN2lPu\">&#8211; Th\u01b0\u01a1ng hi\u1ec7u : NeBiolina<\/p>\n<p class=\"QN2lPu\">&#8211; Xu\u1ea5t X\u1ee9: Italia<\/p>\n<p class=\"QN2lPu\">&#8211; Quy c\u00e1ch: L\u1ecd 100ml<\/p>\n<p class=\"QN2lPu\">&#8211; HSD: 3 n\u0103m k\u1ec3 t\u1eeb ng\u00e0y s\u1ea3n xu\u1ea5T<\/p>\n<p class=\"QN2lPu\">\n<p class=\"QN2lPu\">2. \u0110\u1eb6C \u0110I\u1ec2M N\u1ed4I B\u1eacT<\/p>\n<p class=\"QN2lPu\">Kem \u0111\u00e1nh r\u0103ng Nebiolina \u2013 th\u01b0\u01a1ng hi\u1ec7u m\u1ef9 ph\u1ea9m h\u00e0ng \u0111\u1ea7u \u0111\u1ebfn t\u1eeb Italy. V\u1edbi \u01b0u \u0111i\u1ec3m<\/p>\n<p class=\"QN2lPu\">&#8211; Chi\u1ebft su\u1ea5t 100% t\u1eeb y\u1ebfn m\u1ea1ch h\u1eefu c\u01a1, KH\u00d4NG CH\u1ee8A FLUOR v\u00e0 \u0111\u00e3 \u0111\u01b0\u1ee3c th\u1eed nghi\u1ec7m an to\u00e0n khi nu\u1ed1t ph\u1ea3i.<\/p>\n<p class=\"QN2lPu\">&#8211; Ch\u1ee9a th\u00e0nh ph\u1ea7n avenanthramides gi\u00fap gi\u1ea3m l\u00e0m c\u00e1c t\u00ecnh tr\u1ea1ng \u0111au nh\u1ee9c r\u0103ng khi b\u00e9 m\u1ecdc r\u0103ng s\u1eefa.<\/p>\n<p class=\"QN2lPu\">&#8211; Th\u00e0nh ph\u1ea7n Xylitol ch\u1ed1ng s\u00e2u r\u0103ng hi\u1ec7u qu\u1ea3: Xylitol c\u00f3 kh\u1ea3 n\u0103ng lo\u1ea1i b\u1ecf vi khu\u1ea9n \u1edf m\u1ea3ng b\u00e1m th\u1ee9c \u0103n v\u00e0 \u1ee9c ch\u1ebf s\u1ef1 h\u00ecnh th\u00e0nh a-x\u00edt g\u00e2y s\u00e2u r\u0103ng, b\u1ea3o v\u1ec7 men r\u0103ng s\u1eefa c\u1ee7a B\u00e9. Cung c\u1ea5p th\u00eam canxi gi\u00fap r\u0103ng c\u1ee7a B\u00e9 lu\u00f4n ch\u1eafc kh\u1ecfe v\u00e0 ng\u1eeba s\u00e2u r\u0103ng hi\u1ec7u qu\u1ea3!<\/p>\n<p class=\"QN2lPu\">&#8211; \u0110\u1ea1t c\u00e1c ch\u1ee9ng nh\u1eadn h\u00e0ng \u0111\u1ea7u Ch\u00e2u \u00c2u v\u1ec1 ch\u1ea5t l\u01b0\u1ee3ng nh\u01b0: Ch\u1ee9ng ch\u1eadn s\u1ea3n ph\u1ea9m h\u1eefu c\u01a1 ICEA, th\u1ef1c ph\u1ea9m thu\u1ea7n chay, \u2026<\/p>","protected":false},"excerpt":{"rendered":"<p>Kem \u0110\u00e1nh R\u0103ng H\u1eefu C\u01a1 Nebiolina An To\u00e0n Kh\u00f4ng Ch\u1ee9a Flour Nu\u1ed1t \u0110\u01b0\u1ee3c D\u00f9ng Cho R\u0103ng S\u1eefa 1. TH\u00d4NG TIN S\u1ea2N PH\u1ea8M &#8211; T\u00ean s\u1ea3n ph\u1ea9m: KEM \u0110\u00c1NH R\u0102NG NEBIOLINA &#8211; Th\u01b0\u01a1ng hi\u1ec7u : NeBiolina &#8211; Xu\u1ea5t X\u1ee9: Italia &#8211; Quy c\u00e1ch: L\u1ecd 100ml &#8211; HSD: 3 n\u0103m k\u1ec3 t\u1eeb ng\u00e0y s\u1ea3n xu\u1ea5T 2. \u0110\u1eb6C [&hellip;]<\/p>","protected":false},"featured_media":1465,"comment_status":"open","ping_status":"closed","template":"","meta":{"_acf_changed":false},"product_brand":[],"product_cat":[108],"product_tag":[],"class_list":{"0":"post-1461","1":"product","2":"type-product","3":"status-publish","4":"has-post-thumbnail","6":"product_cat-thuc-pham-chuc-nang","8":"first","9":"instock","10":"shipping-taxable","11":"purchasable","12":"product-type-simple"},"acf":[],"_links":{"self":[{"href":"https:\/\/atlanticmedical.vn\/en\/wp-json\/wp\/v2\/product\/1461","targetHints":{"allow":["GET"]}}],"collection":[{"href":"https:\/\/atlanticmedical.vn\/en\/wp-json\/wp\/v2\/product"}],"about":[{"href":"https:\/\/atlanticmedical.vn\/en\/wp-json\/wp\/v2\/types\/product"}],"replies":[{"embeddable":true,"href":"https:\/\/atlanticmedical.vn\/en\/wp-json\/wp\/v2\/comments?post=1461"}],"wp:featuredmedia":[{"embeddable":true,"href":"https:\/\/atlanticmedical.vn\/en\/wp-json\/wp\/v2\/media\/1465"}],"wp:attachment":[{"href":"https:\/\/atlanticmedical.vn\/en\/wp-json\/wp\/v2\/media?parent=1461"}],"wp:term":[{"taxonomy":"product_brand","embeddable":true,"href":"https:\/\/atlanticmedical.vn\/en\/wp-json\/wp\/v2\/product_brand?post=1461"},{"taxonomy":"product_cat","embeddable":true,"href":"https:\/\/atlanticmedical.vn\/en\/wp-json\/wp\/v2\/product_cat?post=1461"},{"taxonomy":"product_tag","embeddable":true,"href":"https:\/\/atlanticmedical.vn\/en\/wp-json\/wp\/v2\/product_tag?post=1461"}],"curies":[{"name":"wp","href":"https:\/\/api.w.org\/{rel}","templated":true}]}}