{"id":1452,"date":"2026-03-23T10:50:22","date_gmt":"2026-03-23T03:50:22","guid":{"rendered":"https:\/\/atlanticmedical.vn\/?post_type=product&#038;p=1452"},"modified":"2026-03-23T10:50:38","modified_gmt":"2026-03-23T03:50:38","slug":"imochild-dha-be-thong-minh-sang-mat","status":"publish","type":"product","link":"https:\/\/atlanticmedical.vn\/en\/product\/imochild-dha-be-thong-minh-sang-mat\/","title":{"rendered":"IMOCHILD DHA &#8211; B\u00e9 Th\u00f4ng Minh S\u00e1ng M\u1eaft"},"content":{"rendered":"<p class=\"QN2lPu\">IMOCHILD DHA Thu\u1ea7n Cho B\u00e9 S\u01a1 Sinh Si\u00eau Tinh Khi\u1ebft T\u1eeb C\u00e1 Tuy\u1ebft Gi\u00fap Th\u00f4ng Minh S\u00e1ng M\u1eaft H\u1ed9p 20ml<\/p>\n<p class=\"QN2lPu\">1. TH\u00d4NG TIN S\u1ea2N PH\u1ea8M<\/p>\n<p class=\"QN2lPu\">&#8211; T\u00ean s\u1ea3n ph\u1ea9m: IMOCHILD DHA<\/p>\n<p class=\"QN2lPu\">&#8211; Th\u01b0\u01a1ng hi\u1ec7u : Imochild<\/p>\n<p class=\"QN2lPu\">&#8211; Xu\u1ea5t X\u1ee9: Italy<\/p>\n<p class=\"QN2lPu\">&#8211; Quy c\u00e1ch: L\u1ecd 20ml<\/p>\n<p class=\"QN2lPu\">&#8211; HSD: 3 n\u0103m k\u1ec3 t\u1eeb ng\u00e0y s\u1ea3n xu\u1ea5t<\/p>\n<p class=\"QN2lPu\">2. \u0110\u1eb6C \u0110I\u1ec2M N\u1ed4I B\u1eacT<\/p>\n<p class=\"QN2lPu\">&#8211; IMOCHILD DHA Thu\u1ea7n \u0111\u01b0\u1ee3c s\u1ea3n xu\u1ea5t t\u1eeb ngu\u1ed3n d\u1ea7u gan c\u00e1 tuy\u1ebft si\u00eau tinh khi\u1ebft gi\u00fap b\u00e9 h\u1ea5p thu t\u1ed1i \u01b0u<\/p>\n<p class=\"QN2lPu\">&#8211; IMOCHILD DHA Thu\u1ea7n an to\u00e0n cho tr\u1ebb s\u01a1.sinh (kh\u00f4ng ch\u1ee9a ch\u1ea5t g\u00e2y d\u1ecb \u1ee9ng, kh\u00f4ng bi\u1ebfn \u0111\u1ed5i gen)<\/p>\n<p class=\"QN2lPu\">&#8211; IMOCHILD DHA Thu\u1ea7n \u1ed1ng h\u00fat ti\u1ec7n d\u00f9ng, kh\u00f4ng c\u1ea7n b\u1ea3o qu\u1ea3n l\u1ea1nh<\/p>","protected":false},"excerpt":{"rendered":"<p>IMOCHILD DHA Thu\u1ea7n Cho B\u00e9 S\u01a1 Sinh Si\u00eau Tinh Khi\u1ebft T\u1eeb C\u00e1 Tuy\u1ebft Gi\u00fap Th\u00f4ng Minh S\u00e1ng M\u1eaft H\u1ed9p 20ml 1. TH\u00d4NG TIN S\u1ea2N PH\u1ea8M &#8211; T\u00ean s\u1ea3n ph\u1ea9m: IMOCHILD DHA &#8211; Th\u01b0\u01a1ng hi\u1ec7u : Imochild &#8211; Xu\u1ea5t X\u1ee9: Italy &#8211; Quy c\u00e1ch: L\u1ecd 20ml &#8211; HSD: 3 n\u0103m k\u1ec3 t\u1eeb ng\u00e0y s\u1ea3n xu\u1ea5t 2. [&hellip;]<\/p>","protected":false},"featured_media":1458,"comment_status":"open","ping_status":"closed","template":"","meta":{"_acf_changed":false},"product_brand":[],"product_cat":[108],"product_tag":[],"class_list":{"0":"post-1452","1":"product","2":"type-product","3":"status-publish","4":"has-post-thumbnail","6":"product_cat-thuc-pham-chuc-nang","8":"first","9":"instock","10":"shipping-taxable","11":"purchasable","12":"product-type-simple"},"acf":[],"_links":{"self":[{"href":"https:\/\/atlanticmedical.vn\/en\/wp-json\/wp\/v2\/product\/1452","targetHints":{"allow":["GET"]}}],"collection":[{"href":"https:\/\/atlanticmedical.vn\/en\/wp-json\/wp\/v2\/product"}],"about":[{"href":"https:\/\/atlanticmedical.vn\/en\/wp-json\/wp\/v2\/types\/product"}],"replies":[{"embeddable":true,"href":"https:\/\/atlanticmedical.vn\/en\/wp-json\/wp\/v2\/comments?post=1452"}],"wp:featuredmedia":[{"embeddable":true,"href":"https:\/\/atlanticmedical.vn\/en\/wp-json\/wp\/v2\/media\/1458"}],"wp:attachment":[{"href":"https:\/\/atlanticmedical.vn\/en\/wp-json\/wp\/v2\/media?parent=1452"}],"wp:term":[{"taxonomy":"product_brand","embeddable":true,"href":"https:\/\/atlanticmedical.vn\/en\/wp-json\/wp\/v2\/product_brand?post=1452"},{"taxonomy":"product_cat","embeddable":true,"href":"https:\/\/atlanticmedical.vn\/en\/wp-json\/wp\/v2\/product_cat?post=1452"},{"taxonomy":"product_tag","embeddable":true,"href":"https:\/\/atlanticmedical.vn\/en\/wp-json\/wp\/v2\/product_tag?post=1452"}],"curies":[{"name":"wp","href":"https:\/\/api.w.org\/{rel}","templated":true}]}}