{"id":1443,"date":"2026-03-23T10:45:20","date_gmt":"2026-03-23T03:45:20","guid":{"rendered":"https:\/\/atlanticmedical.vn\/?post_type=product&#038;p=1443"},"modified":"2026-03-23T10:45:20","modified_gmt":"2026-03-23T03:45:20","slug":"imochild-d3k2-be-cao-lon-khoe-manh-thong-minh","status":"publish","type":"product","link":"https:\/\/atlanticmedical.vn\/en\/product\/imochild-d3k2-be-cao-lon-khoe-manh-thong-minh\/","title":{"rendered":"IMOCHILD D3K2 &#8211; B\u00e9 Cao L\u1edbn Kho\u1ebb M\u1ea1nh Th\u00f4ng Minh"},"content":{"rendered":"<p class=\"QN2lPu\">IMOCHILD D3 K2 MK7 H\u1ed7 Tr\u1ee3 T\u0103ng C\u01b0\u1eddng H\u1ea5p Thu Canxi, B\u1ed5 Sung DHA Cho Tr\u1ebb Cao L\u1edbn Th\u00f4ng Minh<\/p>\n<p class=\"QN2lPu\">\n<p class=\"QN2lPu\">1. TH\u00d4NG TIN S\u1ea2N PH\u1ea8M<\/p>\n<p class=\"QN2lPu\">&#8211; T\u00ean s\u1ea3n ph\u1ea9m: Imochild D3K2 MK-7<\/p>\n<p class=\"QN2lPu\">&#8211;\u00a0Th\u01b0\u01a1ng hi\u1ec7u: Imochild<\/p>\n<p class=\"QN2lPu\">&#8211;\u00a0N\u01b0\u1edbc s\u1ea3n xu\u1ea5t: T\u00e2y Ban Nha<\/p>\n<p class=\"QN2lPu\">&#8211;\u00a0Quy c\u00e1ch: H\u1ed9p 1 l\u1ecd 20ml<\/p>\n<p class=\"QN2lPu\">&#8211;\u00a0H\u1ea1n s\u1eed d\u1ee5ng: 36 th\u00e1ng k\u1ec3 t\u1eeb ng\u00e0y s\u1ea3n xu\u1ea5t<\/p>\n<p class=\"QN2lPu\">\n<p class=\"QN2lPu\">2.\u00a0\u0110\u1eb6C \u0110I\u1ec2M N\u1ed4I B\u1eacT<\/p>\n<p class=\"QN2lPu\">&#8211; K\u1ebft h\u1ee3p vitamin D3 gi\u00fap h\u1ea5p thu canxi v\u00e0 vitamin K2-MK7 gi\u00fap g\u1eafn canxi v\u00e0o x\u01b0\u01a1ng r\u0103ng, t\u1eeb \u0111\u00f3 t\u1ed1i \u01b0u chi\u1ec1u cao v\u00e0 h\u1ed7 tr\u1ee3 qu\u00e1 tr\u00ecnh m\u1ecdc r\u0103ng, ch\u1eafc r\u0103ng cho b\u00e9 y\u00eau<\/p>\n<p class=\"QN2lPu\">&#8211; DHA gi\u00fap h\u1ed7 tr\u1ee3 ph\u00e1t tri\u1ec3n to\u00e0n di\u1ec7n v\u1ec1 tr\u00ed n\u00e3o v\u00e0 th\u1ecb gi\u00e1c<\/p>\n<p class=\"QN2lPu\">&#8211;\u00a0D\u1ea1ng pipet d\u1ec5 s\u1eed d\u1ee5ng, t\u00ednh li\u1ec1u theo ml h\u1ea1n ch\u1ebf \u0111\u01b0\u1ee3c b\u1ea5t ti\u1ec7n so v\u1edbi m\u1ed9t s\u1ed1 s\u1ea3n ph\u1ea9m d\u00f9ng d\u1ea1ng gi\u1ecdt<\/p>\n<p class=\"QN2lPu\">&#8211;\u00a0S\u1ea3n ph\u1ea9m nh\u1eadp kh\u1ea9u ch\u00ednh h\u00e3ng t\u1eeb T\u00e2y Ban Nha<\/p>","protected":false},"excerpt":{"rendered":"<p>IMOCHILD D3 K2 MK7 H\u1ed7 Tr\u1ee3 T\u0103ng C\u01b0\u1eddng H\u1ea5p Thu Canxi, B\u1ed5 Sung DHA Cho Tr\u1ebb Cao L\u1edbn Th\u00f4ng Minh 1. TH\u00d4NG TIN S\u1ea2N PH\u1ea8M &#8211; T\u00ean s\u1ea3n ph\u1ea9m: Imochild D3K2 MK-7 &#8211;\u00a0Th\u01b0\u01a1ng hi\u1ec7u: Imochild &#8211;\u00a0N\u01b0\u1edbc s\u1ea3n xu\u1ea5t: T\u00e2y Ban Nha &#8211;\u00a0Quy c\u00e1ch: H\u1ed9p 1 l\u1ecd 20ml &#8211;\u00a0H\u1ea1n s\u1eed d\u1ee5ng: 36 th\u00e1ng k\u1ec3 t\u1eeb ng\u00e0y [&hellip;]<\/p>","protected":false},"featured_media":1449,"comment_status":"open","ping_status":"closed","template":"","meta":{"_acf_changed":false},"product_brand":[],"product_cat":[108],"product_tag":[],"class_list":{"0":"post-1443","1":"product","2":"type-product","3":"status-publish","4":"has-post-thumbnail","6":"product_cat-thuc-pham-chuc-nang","8":"first","9":"instock","10":"shipping-taxable","11":"purchasable","12":"product-type-simple"},"acf":[],"_links":{"self":[{"href":"https:\/\/atlanticmedical.vn\/en\/wp-json\/wp\/v2\/product\/1443","targetHints":{"allow":["GET"]}}],"collection":[{"href":"https:\/\/atlanticmedical.vn\/en\/wp-json\/wp\/v2\/product"}],"about":[{"href":"https:\/\/atlanticmedical.vn\/en\/wp-json\/wp\/v2\/types\/product"}],"replies":[{"embeddable":true,"href":"https:\/\/atlanticmedical.vn\/en\/wp-json\/wp\/v2\/comments?post=1443"}],"wp:featuredmedia":[{"embeddable":true,"href":"https:\/\/atlanticmedical.vn\/en\/wp-json\/wp\/v2\/media\/1449"}],"wp:attachment":[{"href":"https:\/\/atlanticmedical.vn\/en\/wp-json\/wp\/v2\/media?parent=1443"}],"wp:term":[{"taxonomy":"product_brand","embeddable":true,"href":"https:\/\/atlanticmedical.vn\/en\/wp-json\/wp\/v2\/product_brand?post=1443"},{"taxonomy":"product_cat","embeddable":true,"href":"https:\/\/atlanticmedical.vn\/en\/wp-json\/wp\/v2\/product_cat?post=1443"},{"taxonomy":"product_tag","embeddable":true,"href":"https:\/\/atlanticmedical.vn\/en\/wp-json\/wp\/v2\/product_tag?post=1443"}],"curies":[{"name":"wp","href":"https:\/\/api.w.org\/{rel}","templated":true}]}}