{"id":1442,"date":"2026-03-23T11:37:38","date_gmt":"2026-03-23T04:37:38","guid":{"rendered":"https:\/\/atlanticmedical.vn\/?post_type=product&#038;p=1442"},"modified":"2026-03-23T11:37:38","modified_gmt":"2026-03-23T04:37:38","slug":"optibac-pregnancy-men-vi-sinh-cho-me-bau-me-sau-sinh","status":"publish","type":"product","link":"https:\/\/atlanticmedical.vn\/en\/product\/optibac-pregnancy-men-vi-sinh-cho-me-bau-me-sau-sinh\/","title":{"rendered":"OPTIBAC PREGNANCY &#8211; Men Vi Sinh Cho M\u1eb9 B\u1ea7u M\u1eb9 Sau Sinh"},"content":{"rendered":"<p class=\"QN2lPu\">Men Vi Sinh Optibac Pregnancy Cho M\u1eb9 B\u1ea7u Cho Con B\u00fa C\u1ea3i Thi\u1ec7n Ti\u00eau Ho\u00e1 Mi\u1ec5n D\u1ecbch Vi\u00eam Ph\u1ee5 Khoa H\u1ed9p 30 vi\u00ean<\/p>\n<p class=\"QN2lPu\">1. TH\u00d4NG TIN S\u1ea2N PH\u1ea8M<\/p>\n<p class=\"QN2lPu\">&#8211; T\u00ean s\u1ea3n ph\u1ea9m: Optibac Pregnancy<\/p>\n<p class=\"QN2lPu\">&#8211; Th\u01b0\u01a1ng hi\u1ec7u: Optibac<\/p>\n<p class=\"QN2lPu\">&#8211; Xu\u1ea5t X\u1ee9: Ph\u00e1p<\/p>\n<p class=\"QN2lPu\">&#8211; Quy c\u00e1ch: H\u1ed9p 30 vi\u00ean nang<\/p>\n<p class=\"QN2lPu\">&#8211; HSD: 2 n\u0103m k\u1ec3 t\u1eeb ng\u00e0y s\u1ea3n xu\u1ea5t<\/p>\n<p class=\"QN2lPu\">2. \u0110\u1eb6C \u0110I\u1ec2M N\u1ed4I B\u1eacT<\/p>\n<p class=\"QN2lPu\">&#8211; S\u1ed1 l\u01b0\u1ee3ng l\u1ee3i khu\u1ea9n l\u1edbn, thu\u1ea7n ch\u1ee7ng, \u0111\u01b0\u1ee3c ch\u1ee9ng minh l\u00e2m s\u00e0ng cho th\u1ea5y hi\u1ec7u qu\u1ea3 c\u1ea3i thi\u1ec7n c\u00e1c v\u1ea5n \u0111\u1ec1 th\u01b0\u1eddng g\u1eb7p c\u1ee7a m\u1eb9 b\u1ea7u v\u00e0 sau sinh: t\u00e1o b\u00f3n, vi\u00eam ph\u1ee5 khoa, t\u0103ng mi\u1ec5n d\u1ecbch<\/p>\n<p class=\"QN2lPu\">&#8211; S\u1ea3n ph\u1ea9m b\u1ed5 sung ch\u1ea5t x\u01a1 h\u00f2a tan FOS gi\u00fap l\u00e0m gi\u1ea3m t\u00e1o b\u00f3n \u0111\u1eb7c bi\u1ec7t cho ph\u1ee5 n\u1eef c\u00f3 thai<\/p>\n<p class=\"QN2lPu\">&#8211; D\u1ea1ng vi\u00ean u\u1ed1ng ti\u1ec7n d\u00f9ng<\/p>\n<p class=\"QN2lPu\">&#8211; Nh\u1eadp kh\u1ea9u ch\u00ednh ng\u1ea1ch<\/p>","protected":false},"excerpt":{"rendered":"<p>Men Vi Sinh Optibac Pregnancy Cho M\u1eb9 B\u1ea7u Cho Con B\u00fa C\u1ea3i Thi\u1ec7n Ti\u00eau Ho\u00e1 Mi\u1ec5n D\u1ecbch Vi\u00eam Ph\u1ee5 Khoa H\u1ed9p 30 vi\u00ean 1. TH\u00d4NG TIN S\u1ea2N PH\u1ea8M &#8211; T\u00ean s\u1ea3n ph\u1ea9m: Optibac Pregnancy &#8211; Th\u01b0\u01a1ng hi\u1ec7u: Optibac &#8211; Xu\u1ea5t X\u1ee9: Ph\u00e1p &#8211; Quy c\u00e1ch: H\u1ed9p 30 vi\u00ean nang &#8211; HSD: 2 n\u0103m k\u1ec3 t\u1eeb [&hellip;]<\/p>","protected":false},"featured_media":1486,"comment_status":"open","ping_status":"closed","template":"","meta":{"_acf_changed":false},"product_brand":[],"product_cat":[18,108],"product_tag":[],"class_list":{"0":"post-1442","1":"product","2":"type-product","3":"status-publish","4":"has-post-thumbnail","6":"product_cat-chua-phan-loai","7":"product_cat-thuc-pham-chuc-nang","9":"first","10":"instock","11":"shipping-taxable","12":"purchasable","13":"product-type-simple"},"acf":[],"_links":{"self":[{"href":"https:\/\/atlanticmedical.vn\/en\/wp-json\/wp\/v2\/product\/1442","targetHints":{"allow":["GET"]}}],"collection":[{"href":"https:\/\/atlanticmedical.vn\/en\/wp-json\/wp\/v2\/product"}],"about":[{"href":"https:\/\/atlanticmedical.vn\/en\/wp-json\/wp\/v2\/types\/product"}],"replies":[{"embeddable":true,"href":"https:\/\/atlanticmedical.vn\/en\/wp-json\/wp\/v2\/comments?post=1442"}],"wp:featuredmedia":[{"embeddable":true,"href":"https:\/\/atlanticmedical.vn\/en\/wp-json\/wp\/v2\/media\/1486"}],"wp:attachment":[{"href":"https:\/\/atlanticmedical.vn\/en\/wp-json\/wp\/v2\/media?parent=1442"}],"wp:term":[{"taxonomy":"product_brand","embeddable":true,"href":"https:\/\/atlanticmedical.vn\/en\/wp-json\/wp\/v2\/product_brand?post=1442"},{"taxonomy":"product_cat","embeddable":true,"href":"https:\/\/atlanticmedical.vn\/en\/wp-json\/wp\/v2\/product_cat?post=1442"},{"taxonomy":"product_tag","embeddable":true,"href":"https:\/\/atlanticmedical.vn\/en\/wp-json\/wp\/v2\/product_tag?post=1442"}],"curies":[{"name":"wp","href":"https:\/\/api.w.org\/{rel}","templated":true}]}}