{"id":1422,"date":"2026-03-23T10:34:49","date_gmt":"2026-03-23T03:34:49","guid":{"rendered":"https:\/\/atlanticmedical.vn\/?post_type=product&#038;p=1422"},"modified":"2026-03-23T10:34:49","modified_gmt":"2026-03-23T03:34:49","slug":"hymega-bo-sung-dha-cho-me-bau-me-sau-sinh","status":"publish","type":"product","link":"https:\/\/atlanticmedical.vn\/en\/product\/hymega-bo-sung-dha-cho-me-bau-me-sau-sinh\/","title":{"rendered":"HYMEGA &#8211; B\u1ed5 Sung DHA Cho M\u1eb9 B\u1ea7u M\u1eb9 Sau Sinh"},"content":{"rendered":"<p class=\"QN2lPu\">Vi\u00ean U\u1ed1ng D\u1ea7u C\u00e1 HYMEGA B\u1ed5 Sung DHA Cho M\u1eb9 B\u1ea7u, B\u1ed5 N\u00e3o, M\u1eaft v\u00e0 Tim M\u1ea1ch H\u1ed9p 30 Vi\u00ean<\/p>\n<p class=\"QN2lPu\">\n<p class=\"QN2lPu\">1. TH\u00d4NG TIN S\u1ea2N PH\u1ea8M<\/p>\n<p class=\"QN2lPu\">&#8211; T\u00ean s\u1ea3n ph\u1ea9m: Vi\u00ean u\u1ed1ng HYMEGA ch\u1ee9a DHA<\/p>\n<p class=\"QN2lPu\">&#8211; Th\u01b0\u01a1ng hi\u1ec7u: B\u1ed5 b\u1ea7u EU<\/p>\n<p class=\"QN2lPu\">&#8211; Xu\u1ea5t X\u1ee9: T\u00e2y Ban Nha<\/p>\n<p class=\"QN2lPu\">&#8211; Quy c\u00e1ch: H\u1ed9p 30 vi\u00ean<\/p>\n<p class=\"QN2lPu\">&#8211; HSD: 3 n\u0103m k\u1ec3 t\u1eeb ng\u00e0y s\u1ea3n xu\u1ea5t<\/p>\n<p class=\"QN2lPu\">\n<p class=\"QN2lPu\">2. \u0110\u1eb6C \u0110I\u1ec2M N\u1ed4I B\u1eacT<\/p>\n<p class=\"QN2lPu\">&#8211; Vi\u00ean U\u1ed1ng HYMEGA ch\u1ee9a DHA, EPA tinh khi\u1ebft, h\u00e0m l\u01b0\u1ee3ng cao trong 1vi\u00ean nang (250mg DHA v\u00e0 50mg EPA)<\/p>\n<p class=\"QN2lPu\">&#8211; Vi\u00ean U\u1ed1ng HYMEGA an to\u00e0n, d\u00f9ng \u0111\u01b0\u1ee3c cho ph\u1ee5 n\u1eef c\u00f3 thai v\u00e0 cho con b\u00fa<\/p>\n<p class=\"QN2lPu\">&#8211; Vi\u00ean U\u1ed1ng HYMEGA c\u00f2n ch\u1ee9a vitamin E: b\u1ed5 sung \u0111\u1ed3ng th\u1eddi Omega 3 v\u00e0 vitamin E gi\u00fap t\u0103ng t\u1ed5ng kh\u1ea3 n\u0103ng ch\u1ed1ng oxy h\u00f3a, ch\u1ed1ng vi\u00eam&#8230;<\/p>\n<p class=\"QN2lPu\">&#8211; Vi\u00ean U\u1ed1ng HYMEGA \u0111\u01b0\u1ee3c \u0111\u00f3ng g\u00f3i d\u1ea1ng v<\/p>","protected":false},"excerpt":{"rendered":"<p>Vi\u00ean U\u1ed1ng D\u1ea7u C\u00e1 HYMEGA B\u1ed5 Sung DHA Cho M\u1eb9 B\u1ea7u, B\u1ed5 N\u00e3o, M\u1eaft v\u00e0 Tim M\u1ea1ch H\u1ed9p 30 Vi\u00ean 1. TH\u00d4NG TIN S\u1ea2N PH\u1ea8M &#8211; T\u00ean s\u1ea3n ph\u1ea9m: Vi\u00ean u\u1ed1ng HYMEGA ch\u1ee9a DHA &#8211; Th\u01b0\u01a1ng hi\u1ec7u: B\u1ed5 b\u1ea7u EU &#8211; Xu\u1ea5t X\u1ee9: T\u00e2y Ban Nha &#8211; Quy c\u00e1ch: H\u1ed9p 30 vi\u00ean &#8211; HSD: 3 [&hellip;]<\/p>","protected":false},"featured_media":1429,"comment_status":"open","ping_status":"closed","template":"","meta":{"_acf_changed":false},"product_brand":[],"product_cat":[108],"product_tag":[],"class_list":{"0":"post-1422","1":"product","2":"type-product","3":"status-publish","4":"has-post-thumbnail","6":"product_cat-thuc-pham-chuc-nang","8":"first","9":"instock","10":"shipping-taxable","11":"purchasable","12":"product-type-simple"},"acf":[],"_links":{"self":[{"href":"https:\/\/atlanticmedical.vn\/en\/wp-json\/wp\/v2\/product\/1422","targetHints":{"allow":["GET"]}}],"collection":[{"href":"https:\/\/atlanticmedical.vn\/en\/wp-json\/wp\/v2\/product"}],"about":[{"href":"https:\/\/atlanticmedical.vn\/en\/wp-json\/wp\/v2\/types\/product"}],"replies":[{"embeddable":true,"href":"https:\/\/atlanticmedical.vn\/en\/wp-json\/wp\/v2\/comments?post=1422"}],"wp:featuredmedia":[{"embeddable":true,"href":"https:\/\/atlanticmedical.vn\/en\/wp-json\/wp\/v2\/media\/1429"}],"wp:attachment":[{"href":"https:\/\/atlanticmedical.vn\/en\/wp-json\/wp\/v2\/media?parent=1422"}],"wp:term":[{"taxonomy":"product_brand","embeddable":true,"href":"https:\/\/atlanticmedical.vn\/en\/wp-json\/wp\/v2\/product_brand?post=1422"},{"taxonomy":"product_cat","embeddable":true,"href":"https:\/\/atlanticmedical.vn\/en\/wp-json\/wp\/v2\/product_cat?post=1422"},{"taxonomy":"product_tag","embeddable":true,"href":"https:\/\/atlanticmedical.vn\/en\/wp-json\/wp\/v2\/product_tag?post=1422"}],"curies":[{"name":"wp","href":"https:\/\/api.w.org\/{rel}","templated":true}]}}