{"id":1404,"date":"2026-03-23T10:14:00","date_gmt":"2026-03-23T03:14:00","guid":{"rendered":"https:\/\/atlanticmedical.vn\/?post_type=product&#038;p=1404"},"modified":"2026-03-23T10:14:55","modified_gmt":"2026-03-23T03:14:55","slug":"lineabon-d3k2-dang-nho-giot-cho-be-cao-lon-khoe-manh","status":"publish","type":"product","link":"https:\/\/atlanticmedical.vn\/en\/product\/lineabon-d3k2-dang-nho-giot-cho-be-cao-lon-khoe-manh\/","title":{"rendered":"LINEABON D3K2 &#8211; D\u1ea1ng Nh\u1ecf Gi\u1ecdt Cho B\u00e9 Cao L\u1edbn Kho\u1ebb M\u1ea1nh"},"content":{"rendered":"<p class=\"QN2lPu\">[Qu\u00e0 Xinh] LineaBon D3 K2 MK7 H\u1ed7 Tr\u1ee3 H\u1ea5p Thu Canxi Gi\u00fap B\u00e9 Cao L\u1edbn Kh\u1ecfe M\u1ea1nh L\u1ecd 10ml<\/p>\n<p class=\"QN2lPu\">1. TH\u00d4NG TIN S\u1ea2N PH\u1ea8M<\/p>\n<p class=\"QN2lPu\">&#8211; T\u00ean s\u1ea3n ph\u1ea9m: LineaBon K2+D3<\/p>\n<p class=\"QN2lPu\">&#8211; Th\u01b0\u01a1ng hi\u1ec7u: LineaBon<\/p>\n<p class=\"QN2lPu\">&#8211; Xu\u1ea5t X\u1ee9: Slovenia<\/p>\n<p class=\"QN2lPu\">&#8211; Quy c\u00e1ch: L\u1ecd 10ml t\u01b0\u01a1ng \u1ee9ng v\u1edbi 300 gi\u1ecdt<\/p>\n<p class=\"QN2lPu\">&#8211; HSD: 2 n\u0103m k\u1ec3 t\u1eeb ng\u00e0y s\u1ea3n xu\u1ea5t<\/p>\n<p class=\"QN2lPu\">2. \u0110\u1eb6C \u0110I\u1ec2M N\u1ed4I B\u1eacT<\/p>\n<p class=\"QN2lPu\">&#8211; D3 K2 LineaBon k\u1ebft h\u1ee3p vitamin D3 v\u00e0 vitamin K2-MK7 chu\u1ea9n h\u00e0m l\u01b0\u1ee3ng gi\u00fap t\u0103ng c\u01b0\u1eddng h\u1ea5p thu canxi gi\u00fap ph\u00e1t tri\u1ec3n x\u01b0\u01a1ng, r\u0103ng<\/p>\n<p class=\"QN2lPu\">&#8211; D3 K2 LineaBon:<\/p>\n<p class=\"QN2lPu\">+ Chi\u1ebft xu\u1ea5t t\u1eeb lanolin t\u1ef1 nhi\u00ean, c\u00f3 \u0111\u1ed9 tinh khi\u1ebft c\u1ee7a \u0111\u1ed3ng ph\u00e2n d\u1ea1ng all-trans \u0111\u1ea1t 99.75% c\u00f3 ho\u1ea1t t\u00ednh sinh h\u1ecdc cao<\/p>\n<p class=\"QN2lPu\">+ Kh\u1ea3 n\u0103ng h\u1ea5p thu t\u1ed1t \u0111\u01b0\u1ee3c ch\u1ee9ng minh l\u00e2m s\u00e0ng qua 22 nghi\u00ean c\u1ee9u<\/p>\n<p class=\"QN2lPu\">&#8211; D3 K2 LineaBon an to\u00e0n cho tr\u1ebb s\u01a1 sinh v\u00e0 tr\u1ebb nh\u1ecf: kh\u00f4ng m\u00e0u, kh\u00f4ng m\u00f9i, kh\u00f4ng v\u1ecb, kh\u00f4ng ch\u1ea5t bi\u1ec3n \u0111\u1ed5i gen, kh\u00f4ng ch\u1ea5t g\u00e2y d\u1ecb \u1ee9ng<\/p>\n<p class=\"QN2lPu\">&#8211; D3 K2 LineaBon c\u00f3 thi\u1ebft k\u1ebf van nh\u1ecf gi\u1ecdt 1 chi\u1ec1u, ph\u00e2n li\u1ec1u ch\u00ednh x\u00e1c, gi\u1ecdt xu\u1ed1ng \u0111\u1ec1u, h\u1ea1n ch\u1ebf vi khu\u1ea9n x\u00e2m nh\u1eadp.<\/p>\n<p class=\"QN2lPu\">&#8211; D3 K2 LineaBon s\u1ea3n ph\u1ea9m nh\u1eadp kh\u1ea9u ch\u00ednh h\u00e3ng t\u1eeb Slovenia<\/p>","protected":false},"excerpt":{"rendered":"<p>[Qu\u00e0 Xinh] LineaBon D3 K2 MK7 H\u1ed7 Tr\u1ee3 H\u1ea5p Thu Canxi Gi\u00fap B\u00e9 Cao L\u1edbn Kh\u1ecfe M\u1ea1nh L\u1ecd 10ml 1. TH\u00d4NG TIN S\u1ea2N PH\u1ea8M &#8211; T\u00ean s\u1ea3n ph\u1ea9m: LineaBon K2+D3 &#8211; Th\u01b0\u01a1ng hi\u1ec7u: LineaBon &#8211; Xu\u1ea5t X\u1ee9: Slovenia &#8211; Quy c\u00e1ch: L\u1ecd 10ml t\u01b0\u01a1ng \u1ee9ng v\u1edbi 300 gi\u1ecdt &#8211; HSD: 2 n\u0103m k\u1ec3 t\u1eeb ng\u00e0y [&hellip;]<\/p>","protected":false},"featured_media":1411,"comment_status":"open","ping_status":"closed","template":"","meta":{"_acf_changed":false},"product_brand":[],"product_cat":[108],"product_tag":[],"class_list":{"0":"post-1404","1":"product","2":"type-product","3":"status-publish","4":"has-post-thumbnail","6":"product_cat-thuc-pham-chuc-nang","8":"first","9":"instock","10":"shipping-taxable","11":"purchasable","12":"product-type-simple"},"acf":[],"_links":{"self":[{"href":"https:\/\/atlanticmedical.vn\/en\/wp-json\/wp\/v2\/product\/1404","targetHints":{"allow":["GET"]}}],"collection":[{"href":"https:\/\/atlanticmedical.vn\/en\/wp-json\/wp\/v2\/product"}],"about":[{"href":"https:\/\/atlanticmedical.vn\/en\/wp-json\/wp\/v2\/types\/product"}],"replies":[{"embeddable":true,"href":"https:\/\/atlanticmedical.vn\/en\/wp-json\/wp\/v2\/comments?post=1404"}],"wp:featuredmedia":[{"embeddable":true,"href":"https:\/\/atlanticmedical.vn\/en\/wp-json\/wp\/v2\/media\/1411"}],"wp:attachment":[{"href":"https:\/\/atlanticmedical.vn\/en\/wp-json\/wp\/v2\/media?parent=1404"}],"wp:term":[{"taxonomy":"product_brand","embeddable":true,"href":"https:\/\/atlanticmedical.vn\/en\/wp-json\/wp\/v2\/product_brand?post=1404"},{"taxonomy":"product_cat","embeddable":true,"href":"https:\/\/atlanticmedical.vn\/en\/wp-json\/wp\/v2\/product_cat?post=1404"},{"taxonomy":"product_tag","embeddable":true,"href":"https:\/\/atlanticmedical.vn\/en\/wp-json\/wp\/v2\/product_tag?post=1404"}],"curies":[{"name":"wp","href":"https:\/\/api.w.org\/{rel}","templated":true}]}}