{"id":1394,"date":"2026-03-23T15:19:58","date_gmt":"2026-03-23T08:19:58","guid":{"rendered":"https:\/\/atlanticmedical.vn\/?post_type=product&#038;p=1394"},"modified":"2026-03-23T15:19:58","modified_gmt":"2026-03-23T08:19:58","slug":"natto-ichou-genki-fami-vien-uong-bo-nao-ngua-dot-quy","status":"publish","type":"product","link":"https:\/\/atlanticmedical.vn\/en\/product\/natto-ichou-genki-fami-vien-uong-bo-nao-ngua-dot-quy\/","title":{"rendered":"NATTO ICHOU Genki Fami &#8211; Vi\u00ean U\u1ed1ng B\u1ed5 N\u00e3o Ng\u1eeba \u0110\u1ed9t Qu\u1ef5"},"content":{"rendered":"<p class=\"QN2lPu\">Vi\u00ean U\u1ed1ng Ng\u1eeba \u0110\u1ed9t Q\u1ee5y NATTOU ICHOU Genki Fami Gi\u00fap B\u1ed5 N\u00e3o, Gi\u1ea3m C\u0103ng Th\u1eb3ng H\u1ed9p 1 L\u1ecd 90 Vi\u00ean<\/p>\n<p class=\"QN2lPu\">\n<p class=\"QN2lPu\">1. TH\u00d4NG TIN S\u1ea2N PH\u1ea8M<\/p>\n<p class=\"QN2lPu\">&#8211; T\u00ean s\u1ea3n ph\u1ea9m: Vi\u00ean U\u1ed1ng Ng\u1eeba \u0110\u1ed9t Q\u1ee5y Natto Ichou<\/p>\n<p class=\"QN2lPu\">&#8211; Th\u01b0\u01a1ng hi\u1ec7u: GENKI FAMI<\/p>\n<p class=\"QN2lPu\">&#8211; Xu\u1ea5t X\u1ee9: Nh\u1eadt B\u1ea3n<\/p>\n<p class=\"QN2lPu\">&#8211; Quy c\u00e1ch: H\u1ed9p 1 L\u1ecd 90 Vi\u00ean Nang<\/p>\n<p class=\"QN2lPu\">&#8211; Tr\u1ecdng l\u01b0\u1ee3ng: 200g<\/p>\n<p class=\"QN2lPu\">&#8211; HSD: 3 n\u0103m k\u1ec3 t\u1eeb ng\u00e0y s\u1ea3n xu\u1ea5t<\/p>\n<p class=\"QN2lPu\">\n<p class=\"QN2lPu\">2. \u0110\u1eb6C \u0110I\u1ec2M N\u1ed4I B\u1eacT<\/p>\n<p class=\"QN2lPu\">&#8211; Nattokinase c\u00f3 t\u00e1c d\u1ee5ng l\u00e0m tan c\u1ee5c m\u00e1u \u0111\u00f4ng, \u0111\u01b0\u1ee3c s\u1eed d\u1ee5ng trong h\u1ed7 tr\u1ee3 \u0111.i\u1ec1.u tr.\u1ecb v\u00e0 d\u1ef1 ph\u00f2ng x\u01a1 v\u1eefa \u0111\u1ed9ng m\u1ea1ch v\u00e0 c\u00e1c b.\u1ec7nh l\u00fd do c\u1ee5c m\u00e1u \u0111\u00f4ng nh\u01b0 nh\u1ed3i m\u00e1u c\u01a1 tim, tai bi\u1ebfn m\u1ea1ch m\u00e1u n\u00e3o, t\u1eafc m\u1ea1ch v\u00e0nh. H\u00e0m l\u01b0\u1ee3ng Nattokinase 3000FU (trong 1 li\u1ec1u 3 vi\u00ean) cao g\u1ea5p 1,5 l\u1ea7n c\u00e1c s\u1ea3n ph\u1ea9m kh\u00e1c<\/p>\n<p class=\"QN2lPu\">&#8211; D\u1ea7u c\u00e1 ch\u1ee9a DHA-EPA c\u00f3 t\u00e1c d\u1ee5ng gi\u1ea3m m\u1ee1 m\u00e1u (triglycerides, cholesterol d\u1ea1ng LDL v\u00e0 VLDL) gi\u00fap c\u1ea3i thi\u1ec7n ch\u1ee9c n\u0103ng c\u1ee7a h\u1ec7 tim m\u1ea1ch.<\/p>\n<p class=\"QN2lPu\">&#8211; Chi\u1ebft xu\u1ea5t ti\u00eau \u0111en (ch\u1ee9a bioperine) gi\u00fap t\u0103ng c\u01b0\u1eddng kh\u1ea3 n\u0103ng h\u1ea5p thu, t\u0103ng sinh kh\u1ea3 d\u1ee5ng c\u1ee7a c\u00e1c nh\u00f3m ch\u1ea5t dinh d\u01b0\u1ee1ng kh\u00e1c v\u00e0 c\u00f3 th\u00eam t\u00e1c d\u1ee5ng t\u0103ng c\u01b0\u1eddng h\u1ec7 mi\u1ec5n d\u1ecbch, ng\u0103n c\u1ea3n kh\u1ed1i u, ch\u1ed1ng tr\u1ea7m c\u1ea3m \u2013 nh\u1eefng v\u1ea5n \u0111\u1ec1 d\u1ec5 m\u1eafc ph\u1ea3i tr\u00ean ng\u01b0\u1eddi b\u1ecb \u0111\u1ed9t qu\u1ef5<\/p>\n<p class=\"QN2lPu\">&#8211; Ngo\u00e0i ra, chi\u1ebft xu\u1ea5t l\u00e1 b\u1ea1ch qu\u1ea3 cho th\u1ea5y hi\u1ec7u qu\u1ea3 r\u00f5 r\u1ec7t trong \u0111.i\u1ec1.u tr.\u1ecb v\u00e0 ng\u0103n ng\u1eeba sa s\u00fat tr\u00ed tu\u1ec7, suy gi\u1ea3m nh\u1eadn th\u1ee9c, bao g\u1ed3m c\u00e1c ch\u1ee9ng li\u00ean quan \u0111\u1ebfn suy gi\u1ea3m kh\u1ea3 n\u0103ng t\u1eadp trung, nh\u1ea7m l\u1eabn, tr\u1ea7m c\u1ea3m, c\u0103ng th\u1eb3ng th\u1ea7n kinh<\/p>\n<p class=\"QN2lPu\">&#8211; S\u1ea3n ph\u1ea9m n\u1ed9i \u0111\u1ecba Nh\u1eadt B\u1ea3n<\/p>","protected":false},"excerpt":{"rendered":"<p>Vi\u00ean U\u1ed1ng Ng\u1eeba \u0110\u1ed9t Q\u1ee5y NATTOU ICHOU Genki Fami Gi\u00fap B\u1ed5 N\u00e3o, Gi\u1ea3m C\u0103ng Th\u1eb3ng H\u1ed9p 1 L\u1ecd 90 Vi\u00ean 1. TH\u00d4NG TIN S\u1ea2N PH\u1ea8M &#8211; T\u00ean s\u1ea3n ph\u1ea9m: Vi\u00ean U\u1ed1ng Ng\u1eeba \u0110\u1ed9t Q\u1ee5y Natto Ichou &#8211; Th\u01b0\u01a1ng hi\u1ec7u: GENKI FAMI &#8211; Xu\u1ea5t X\u1ee9: Nh\u1eadt B\u1ea3n &#8211; Quy c\u00e1ch: H\u1ed9p 1 L\u1ecd 90 Vi\u00ean Nang [&hellip;]<\/p>","protected":false},"featured_media":1560,"comment_status":"open","ping_status":"closed","template":"","meta":{"_acf_changed":false},"product_brand":[],"product_cat":[108],"product_tag":[],"class_list":{"0":"post-1394","1":"product","2":"type-product","3":"status-publish","4":"has-post-thumbnail","6":"product_cat-thuc-pham-chuc-nang","8":"first","9":"instock","10":"shipping-taxable","11":"purchasable","12":"product-type-simple"},"acf":[],"_links":{"self":[{"href":"https:\/\/atlanticmedical.vn\/en\/wp-json\/wp\/v2\/product\/1394","targetHints":{"allow":["GET"]}}],"collection":[{"href":"https:\/\/atlanticmedical.vn\/en\/wp-json\/wp\/v2\/product"}],"about":[{"href":"https:\/\/atlanticmedical.vn\/en\/wp-json\/wp\/v2\/types\/product"}],"replies":[{"embeddable":true,"href":"https:\/\/atlanticmedical.vn\/en\/wp-json\/wp\/v2\/comments?post=1394"}],"wp:featuredmedia":[{"embeddable":true,"href":"https:\/\/atlanticmedical.vn\/en\/wp-json\/wp\/v2\/media\/1560"}],"wp:attachment":[{"href":"https:\/\/atlanticmedical.vn\/en\/wp-json\/wp\/v2\/media?parent=1394"}],"wp:term":[{"taxonomy":"product_brand","embeddable":true,"href":"https:\/\/atlanticmedical.vn\/en\/wp-json\/wp\/v2\/product_brand?post=1394"},{"taxonomy":"product_cat","embeddable":true,"href":"https:\/\/atlanticmedical.vn\/en\/wp-json\/wp\/v2\/product_cat?post=1394"},{"taxonomy":"product_tag","embeddable":true,"href":"https:\/\/atlanticmedical.vn\/en\/wp-json\/wp\/v2\/product_tag?post=1394"}],"curies":[{"name":"wp","href":"https:\/\/api.w.org\/{rel}","templated":true}]}}