{"id":1385,"date":"2026-03-23T10:06:22","date_gmt":"2026-03-23T03:06:22","guid":{"rendered":"https:\/\/atlanticmedical.vn\/?post_type=product&#038;p=1385"},"modified":"2026-03-23T10:10:01","modified_gmt":"2026-03-23T03:10:01","slug":"bestical-x-60-vien-canxi-sinh-hoc-cho-me-bau-sau-sinh-tre-tu-8-tuoi","status":"publish","type":"product","link":"https:\/\/atlanticmedical.vn\/en\/product\/bestical-x-60-vien-canxi-sinh-hoc-cho-me-bau-sau-sinh-tre-tu-8-tuoi\/","title":{"rendered":"BESTICAL X 60 vi\u00ean &#8211; Canxi Sinh H\u1ecdc Cho M\u1eb9 B\u1ea7u Sau Sinh Tr\u1ebb T\u1eeb 8 Tu\u1ed5i"},"content":{"rendered":"<p class=\"QN2lPu\">Canxi Sinh H\u1ecdc BESTICAL X D\u1ec5 H\u1ea5p Thu \u00cdt T\u00e1o B\u00f3n Cho M\u1eb9 B\u1ea7u Sau Sinh Tr\u1ebb T\u1eeb 8 Tu\u1ed5i H\u1ed9p 60 Vi\u00ean<\/p>\n<p class=\"QN2lPu\">1. TH\u00d4NG TIN S\u1ea2N PH\u1ea8M<\/p>\n<p class=\"QN2lPu\">&#8211; T\u00ean s\u1ea3n ph\u1ea9m: Bestical X<\/p>\n<p class=\"QN2lPu\">&#8211; Th\u01b0\u01a1ng hi\u1ec7u: Bestical X<\/p>\n<p class=\"QN2lPu\">&#8211; Xu\u1ea5t x\u1ee9: Slovenia<\/p>\n<p class=\"QN2lPu\">&#8211; Quy c\u00e1ch: H\u1ed9p 1 l\u1ecd 60 vi\u00ean<\/p>\n<p class=\"QN2lPu\">&#8211; HSD: 24 th\u00e1ng n\u0103m k\u1ec3 t\u1eeb ng\u00e0y s\u1ea3n xu\u1ea5t<\/p>\n<p class=\"QN2lPu\">2. \u0110\u1eb6C \u0110I\u1ec2M N\u1ed4I B\u1eacT<\/p>\n<p class=\"QN2lPu\">&#8211; Canxi Bestical X \u1ee9ng d\u1ee5ng c\u00f4ng ngh\u1ec7 bao liposome l\u00e0 d\u1ea1ng canxi sinh h\u1ecdc c\u00f3 kh\u1ea3 n\u0103ng h\u1ea5p thu t\u1ed1t:<\/p>\n<p class=\"QN2lPu\">+ Canxi trong s\u1ea3n ph\u1ea9m \u0111\u01b0\u1ee3c \u0111\u01b0\u1ee3c l\u00e0m m\u1ecbn \u0111\u1ebfn k\u00edch th\u01b0\u1edbc si\u00eau nh\u1ecf r\u1ed3i b\u1ecdc trong ph\u00e2n t\u1eed \u0111\u1eadu n\u00e0nh Lecithin gi\u00fap Canxi d\u1ec5 d\u00e0ng qua m\u00e0ng \u01b0a n\u01b0\u1edbc<\/p>\n<p class=\"QN2lPu\">v\u00e0 m\u00e0ng \u01b0a protein c\u1ee7a t\u1ebf b\u00e0o.<\/p>\n<p class=\"QN2lPu\">+ Canxi Lipocal trong Bestical X gi\u00fap h\u1ea5p thu nhanh ch\u00f3ng, t\u0103ng t\u1ec9 l\u1ec7 h\u1ea5p thu l\u00ean h\u01a1n 41%<\/p>\n<p class=\"QN2lPu\">+ Canxi Lipocal trong Bestical X c\u00f3 t\u1ef7 l\u1ec7 Ca\/P t\u1eeb 1.660-1.665 t\u01b0\u01a1ng th\u00edch v\u1edbi gi\u00e1 tr\u1ecb 1,67 trong x\u01b0\u01a1ng ng\u01b0\u1eddi gi\u00fap canxi \u0111\u01b0\u1ee3c h\u1ea5p thu t\u1ed1t s\u1ebd kh\u00f4ng g\u00e2y l\u1eafng \u0111\u1ecdng canxi, h\u1ea1n ch\u1ebf n\u00f3ng t\u00e1o<\/p>\n<p class=\"QN2lPu\">&#8211; Canxi sinh h\u1ecdc Bestical X ch\u1ee9a vitamin D3, vitamin K2-MK7 gi\u00fap t\u1ed1i \u01b0u kh\u1ea3 n\u0103ng h\u1ea5p thu v\u00e0 g\u1eafn canxi v\u00e0o x\u01b0\u01a1ng<\/p>\n<p class=\"QN2lPu\">&#8211; Bestical X s\u1eed d\u1ee5ng vitamin K2-MK7 t\u1eeb th\u01b0\u01a1ng hi\u1ec7u uy t\u00edn MenaQ7 \u0111\u1ea3m b\u1ea3o ch\u1ea5t l\u01b0\u1ee3ng s\u1ea3n ph\u1ea9m<\/p>\n<p class=\"QN2lPu\">&#8211; Canxi sinh h\u1ecdc Bestical X \u0111\u01b0\u1ee3c nh\u1eadp kh\u1ea9u t\u1eeb Slovenia<\/p>","protected":false},"excerpt":{"rendered":"<p>Canxi Sinh H\u1ecdc BESTICAL X D\u1ec5 H\u1ea5p Thu \u00cdt T\u00e1o B\u00f3n Cho M\u1eb9 B\u1ea7u Sau Sinh Tr\u1ebb T\u1eeb 8 Tu\u1ed5i H\u1ed9p 60 Vi\u00ean 1. TH\u00d4NG TIN S\u1ea2N PH\u1ea8M &#8211; T\u00ean s\u1ea3n ph\u1ea9m: Bestical X &#8211; Th\u01b0\u01a1ng hi\u1ec7u: Bestical X &#8211; Xu\u1ea5t x\u1ee9: Slovenia &#8211; Quy c\u00e1ch: H\u1ed9p 1 l\u1ecd 60 vi\u00ean &#8211; HSD: 24 th\u00e1ng [&hellip;]<\/p>","protected":false},"featured_media":1401,"comment_status":"open","ping_status":"closed","template":"","meta":{"_acf_changed":false},"product_brand":[],"product_cat":[108],"product_tag":[],"class_list":{"0":"post-1385","1":"product","2":"type-product","3":"status-publish","4":"has-post-thumbnail","6":"product_cat-thuc-pham-chuc-nang","8":"first","9":"instock","10":"shipping-taxable","11":"purchasable","12":"product-type-simple"},"acf":[],"_links":{"self":[{"href":"https:\/\/atlanticmedical.vn\/en\/wp-json\/wp\/v2\/product\/1385","targetHints":{"allow":["GET"]}}],"collection":[{"href":"https:\/\/atlanticmedical.vn\/en\/wp-json\/wp\/v2\/product"}],"about":[{"href":"https:\/\/atlanticmedical.vn\/en\/wp-json\/wp\/v2\/types\/product"}],"replies":[{"embeddable":true,"href":"https:\/\/atlanticmedical.vn\/en\/wp-json\/wp\/v2\/comments?post=1385"}],"wp:featuredmedia":[{"embeddable":true,"href":"https:\/\/atlanticmedical.vn\/en\/wp-json\/wp\/v2\/media\/1401"}],"wp:attachment":[{"href":"https:\/\/atlanticmedical.vn\/en\/wp-json\/wp\/v2\/media?parent=1385"}],"wp:term":[{"taxonomy":"product_brand","embeddable":true,"href":"https:\/\/atlanticmedical.vn\/en\/wp-json\/wp\/v2\/product_brand?post=1385"},{"taxonomy":"product_cat","embeddable":true,"href":"https:\/\/atlanticmedical.vn\/en\/wp-json\/wp\/v2\/product_cat?post=1385"},{"taxonomy":"product_tag","embeddable":true,"href":"https:\/\/atlanticmedical.vn\/en\/wp-json\/wp\/v2\/product_tag?post=1385"}],"curies":[{"name":"wp","href":"https:\/\/api.w.org\/{rel}","templated":true}]}}