{"id":1367,"date":"2026-03-23T10:02:02","date_gmt":"2026-03-23T03:02:02","guid":{"rendered":"https:\/\/atlanticmedical.vn\/?post_type=product&#038;p=1367"},"modified":"2026-03-23T10:02:02","modified_gmt":"2026-03-23T03:02:02","slug":"omega-3-genki-fami-dau-gan-ca-map-bo-nao-ho-tro-tim-mach","status":"publish","type":"product","link":"https:\/\/atlanticmedical.vn\/en\/product\/omega-3-genki-fami-dau-gan-ca-map-bo-nao-ho-tro-tim-mach\/","title":{"rendered":"OMEGA-3 Genki Fami &#8211; D\u1ea7u Gan C\u00e1 M\u1eadp B\u1ed5 N\u00e3o H\u1ed7 Tr\u1ee3 Tim M\u1ea1ch"},"content":{"rendered":"<p class=\"QN2lPu\">Vi\u00ean U\u1ed1ng D\u1ea7u Gan C\u00e1 M\u1eadp OMEGA 3 Genki Fami Gi\u00fap B\u1ed5 N\u00e3o, Gi\u1ea3m Stress, T\u1ed1t Tim M\u1ea1ch H\u1ed9p 1 L\u1ecd 90 Vi\u00ean<\/p>\n<p class=\"QN2lPu\">\n<p class=\"QN2lPu\">1. TH\u00d4NG TIN S\u1ea2N PH\u1ea8M<\/p>\n<p class=\"QN2lPu\">&#8211; T\u00ean s\u1ea3n ph\u1ea9m: Vi\u00ean U\u1ed1ng D\u1ea7u Gan C\u00e1 M\u1eadp Omega 3<\/p>\n<p class=\"QN2lPu\">&#8211; Th\u01b0\u01a1ng hi\u1ec7u : GENKI FAMI<\/p>\n<p class=\"QN2lPu\">&#8211; Xu\u1ea5t X\u1ee9: Nh\u1eadt B\u1ea3n<\/p>\n<p class=\"QN2lPu\">&#8211; Quy c\u00e1ch: H\u1ed9p 1 L\u1ecd 90 Vi\u00ean nang<\/p>\n<p class=\"QN2lPu\">&#8211; Tr\u1ecdng l\u01b0\u1ee3ng: 200g<\/p>\n<p class=\"QN2lPu\">&#8211; HSD: 3 n\u0103m k\u1ec3 t\u1eeb ng\u00e0y s\u1ea3n xu\u1ea5t<\/p>\n<p class=\"QN2lPu\">\n<p class=\"QN2lPu\">2. \u0110\u1eb6C \u0110I\u1ec2M N\u1ed4I B\u1eacT<\/p>\n<p class=\"QN2lPu\">&#8211; S\u1ea3n ph\u1ea9m ch\u1ee9a DHA EPA t\u1eeb c\u00e1 m\u1eadp \u0111\u00e1nh b\u1eaft \u1edf v\u00f9ng bi\u1ec3n t\u1ef1 nhi\u00ean c\u1ee7a nh\u1eadt B\u1ea3n (c\u00e1 t\u1ef1 nhi\u00ean)<\/p>\n<p class=\"QN2lPu\">DHA EPA c\u00f3 nhi\u1ec1u b\u1eb1ng ch\u1ee9ng cho th\u1ea5y l\u1ee3i \u00edch v\u1edbi n\u00e3o b\u1ed9, tim m\u1ea1ch, m\u1eaft, x\u01b0\u01a1ng kh\u1edbp:<\/p>\n<p class=\"QN2lPu\">+ N\u00e3o b\u1ed9: H\u1ed7 tr\u1ee3 s\u1ef1 ph\u00e1t tri\u1ec3n c\u1ee7a n\u00e3o b\u1ed9, c\u1ea3i thi\u1ec7n kh\u1ea3 n\u0103ng nh\u1eadn th\u1ee9c, h\u1ea1n ch\u1ebf tr\u1ea7m c\u1ea3m, c\u1ea3i thi\u1ec7n t\u00ecnh tr\u1ea1ng suy gi\u1ea3m tr\u00ed nh\u1edb<\/p>\n<p class=\"QN2lPu\">+ Tim m\u1ea1ch: Ch\u1ed1ng v.i\u00eam, h\u1ea1n ch\u1ebf h\u00ecnh th\u00e0nh m\u1ea3ng b\u00e1m gi\u1ea3m nguy c\u01a1 \u0111\u1ed9t qu\u1ef5, gi\u1ea3m m\u1ee1 m\u00e1u, c\u1ea3i thi\u1ec7n tu\u1ea7n ho\u00e0n.<\/p>\n<p class=\"QN2lPu\">+ M\u1eaft: Ch\u1ed1ng kh\u00f4 m\u1eaft, c\u1ea3i thi\u1ec7n kh\u1ea3 n\u0103ng nh\u00ecn v\u00e0 gi\u1ea3m c\u00e1c b.\u1ec7nh v\u1ec1 m\u1eaft<\/p>\n<p class=\"QN2lPu\">+ X\u01b0\u01a1ng kh\u1edbp: C\u1ea3i thi\u1ec7n t\u00ecnh tr\u1ea1ng v.i\u00eam x\u01b0\u01a1ng kh\u1edbp, gi\u1ea3m \u0111au, h\u1ea1n ch\u1ebf t\u00ecnh tr\u1ea1ng x\u01a1 c\u1ee9ng kh\u1edbp bu\u1ed5i s\u00e1ng.<\/p>\n<p class=\"QN2lPu\">&#8211; S\u1ea3n ph\u1ea9m c\u00f3 Astaxanthin c\u00f3 m\u00e0u \u0111\u1ecf th\u1eabm (t\u1ea1o n\u00ean m\u00e0u \u0111\u1ecf \u0111\u1eb7c tr\u01b0ng c\u1ee7a s\u1ea3n ph\u1ea9m) c\u00f3 ngu\u1ed3n g\u1ed1c t\u1eeb t\u1ea3o\u00a0Haematococcus Pluvialis v\u00e0 n\u1ea5m men Xanthophyllomyces dendrorhous. Astaxanthin c\u00f3 t\u00ednh ch\u1ed1ng oxy h\u00f3a r\u1ea5t m\u1ea1nh v\u00e0 kh\u00f4ng l\u00e0m oxy h\u00f3a c\u00e1c ho\u1ea1t ch\u1ea5t kh\u00e1c n\u00ean \u0111\u01b0\u1ee3c s\u1eed d\u1ee5ng trong c\u00e1c lo\u1ea1i th\u1ef1c ph\u1ea9m b\u1ed5 sung h\u1ed7 tr\u1ee3 ng\u0103n ng\u1eeba c\u00e1c lo\u1ea1i b.\u1ec7nh li\u00ean quan \u0111\u1ebfn g\u1ed1c t\u1ef1 do ho\u1eb7c do m\u1ea5t c\u00e2n b\u1eb1ng oxi h\u00f3a =&gt; gi\u00fap gi\u1ea3m tho\u1ea3i h\u00f3a \u0111i\u1ec3m v\u00e0ng, h\u1ea1n ch\u1ebf t\u1ed5n th\u01b0\u01a1ng t\u1ebf b\u00e0o n\u00e3o, ng\u0103n ng\u1eeba l\u00e3o h\u00f3a<\/p>\n<p class=\"QN2lPu\">&#8211; S\u1ea3n ph\u1ea9m n\u1ed9i \u0111\u1ecba Nh\u1eadt B\u1ea3n<\/p>","protected":false},"excerpt":{"rendered":"<p>Vi\u00ean U\u1ed1ng D\u1ea7u Gan C\u00e1 M\u1eadp OMEGA 3 Genki Fami Gi\u00fap B\u1ed5 N\u00e3o, Gi\u1ea3m Stress, T\u1ed1t Tim M\u1ea1ch H\u1ed9p 1 L\u1ecd 90 Vi\u00ean 1. TH\u00d4NG TIN S\u1ea2N PH\u1ea8M &#8211; T\u00ean s\u1ea3n ph\u1ea9m: Vi\u00ean U\u1ed1ng D\u1ea7u Gan C\u00e1 M\u1eadp Omega 3 &#8211; Th\u01b0\u01a1ng hi\u1ec7u : GENKI FAMI &#8211; Xu\u1ea5t X\u1ee9: Nh\u1eadt B\u1ea3n &#8211; Quy c\u00e1ch: H\u1ed9p [&hellip;]<\/p>","protected":false},"featured_media":1393,"comment_status":"open","ping_status":"closed","template":"","meta":{"_acf_changed":false},"product_brand":[],"product_cat":[108],"product_tag":[],"class_list":{"0":"post-1367","1":"product","2":"type-product","3":"status-publish","4":"has-post-thumbnail","6":"product_cat-thuc-pham-chuc-nang","8":"first","9":"instock","10":"shipping-taxable","11":"purchasable","12":"product-type-simple"},"acf":[],"_links":{"self":[{"href":"https:\/\/atlanticmedical.vn\/en\/wp-json\/wp\/v2\/product\/1367","targetHints":{"allow":["GET"]}}],"collection":[{"href":"https:\/\/atlanticmedical.vn\/en\/wp-json\/wp\/v2\/product"}],"about":[{"href":"https:\/\/atlanticmedical.vn\/en\/wp-json\/wp\/v2\/types\/product"}],"replies":[{"embeddable":true,"href":"https:\/\/atlanticmedical.vn\/en\/wp-json\/wp\/v2\/comments?post=1367"}],"wp:featuredmedia":[{"embeddable":true,"href":"https:\/\/atlanticmedical.vn\/en\/wp-json\/wp\/v2\/media\/1393"}],"wp:attachment":[{"href":"https:\/\/atlanticmedical.vn\/en\/wp-json\/wp\/v2\/media?parent=1367"}],"wp:term":[{"taxonomy":"product_brand","embeddable":true,"href":"https:\/\/atlanticmedical.vn\/en\/wp-json\/wp\/v2\/product_brand?post=1367"},{"taxonomy":"product_cat","embeddable":true,"href":"https:\/\/atlanticmedical.vn\/en\/wp-json\/wp\/v2\/product_cat?post=1367"},{"taxonomy":"product_tag","embeddable":true,"href":"https:\/\/atlanticmedical.vn\/en\/wp-json\/wp\/v2\/product_tag?post=1367"}],"curies":[{"name":"wp","href":"https:\/\/api.w.org\/{rel}","templated":true}]}}