{"id":1349,"date":"2026-03-23T09:50:52","date_gmt":"2026-03-23T02:50:52","guid":{"rendered":"https:\/\/atlanticmedical.vn\/?post_type=product&#038;p=1349"},"modified":"2026-03-23T09:50:52","modified_gmt":"2026-03-23T02:50:52","slug":"imochild-calci-d3-canxi-sinh-hoc-cho-me-bau-sau-sinh-tre-6-tuoi","status":"publish","type":"product","link":"https:\/\/atlanticmedical.vn\/en\/product\/imochild-calci-d3-canxi-sinh-hoc-cho-me-bau-sau-sinh-tre-6-tuoi\/","title":{"rendered":"Imochild CalCi D3 &#8211; Canxi Sinh H\u1ecdc Cho M\u1eb9 B\u1ea7u Sau Sinh Tr\u1ebb >6 Tu\u1ed5i"},"content":{"rendered":"<p class=\"QN2lPu\">Vi\u00ean U\u1ed1ng Canxi Sinh H\u1ecdc Imochild Calci D3 D\u1ec5 H\u1ea5p Thu Cho M\u1eb9 B\u1ea7u, Cho Con B\u00fa, Ng\u01b0\u1eddi Cao Tu\u1ed5i<\/p>\n<p class=\"QN2lPu\">\n<p class=\"QN2lPu\">1. TH\u00d4NG TIN S\u1ea2N PH\u1ea8M<\/p>\n<p class=\"QN2lPu\">&#8211; T\u00ean s\u1ea3n ph\u1ea9m: Imochild Calci D3<\/p>\n<p class=\"QN2lPu\">&#8211; Th\u01b0\u01a1ng hi\u1ec7u: Imochild<\/p>\n<p class=\"QN2lPu\">&#8211; Xu\u1ea5t x\u1ee9: Ph\u00e1p<\/p>\n<p class=\"QN2lPu\">&#8211; Quy c\u00e1ch: H\u1ed9p 1 l\u1ecd 60 vi\u00ean<\/p>\n<p class=\"QN2lPu\">&#8211; HSD: 3 n\u0103m k\u1ec3 t\u1eeb ng\u00e0y s\u1ea3n xu\u1ea5t<\/p>\n<p class=\"QN2lPu\">\n<p class=\"QN2lPu\">2. \u0110\u1eb6C \u0110I\u1ec2M N\u1ed4I B\u1eacT<\/p>\n<p class=\"QN2lPu\">&#8211; Canxi d\u01b0\u1edbi d\u1ea1ng Lipocal k\u1ebft h\u1ee3p v\u1edbi canxi t\u1eeb t\u1ea3o \u0111\u1ecf \u0111\u1ec1u l\u00e0 d\u1ea1ng canxi sinh h\u1ecdc, h\u1eefu c\u01a1 c\u00f3 kh\u1ea3 n\u0103ng h\u1ea5p thu t\u1ed1t<\/p>\n<p class=\"QN2lPu\">+ LIPOCAL (Liposomal Calcium) hay c\u00f2n g\u1ecdi l\u00e0 canxi sinh h\u1ecdc l\u00e0 c\u00f4ng ngh\u1ec7 ti\u00ean ti\u1ebfn chi\u1ebft xu\u1ea5t canxi t\u1eeb th\u1ef1c v\u1eadt, \u0111\u01b0\u1ee3c l\u00e0m m\u1ecbn \u0111\u1ebfn k\u00edch th\u01b0\u1edbc si\u00eau nh\u1ecf r\u1ed3i b\u1ecdc trong ph\u00e2n t\u1eed \u0111\u1eadu n\u00e0nh Lecithin gi\u00fap Canxi d\u1ec5 d\u00e0ng qua m\u00e0ng \u01b0a n\u01b0\u1edbc v\u00e0 m\u00e0ng \u01b0a protein c\u1ee7a t\u1ebf b\u00e0o.<\/p>\n<p class=\"QN2lPu\">+ Canxi sinh h\u1ecdc Calci D3 gi\u00fap h\u1ea5p thu nhanh ch\u00f3ng, t\u0103ng t\u1ec9 l\u1ec7 h\u1ea5p thu l\u00ean h\u01a1n 41%<\/p>\n<p class=\"QN2lPu\">+ Canxi Lipocal c\u00f3 t\u1ef7 l\u1ec7 Ca\/P t\u1eeb 1.660-1.665 t\u01b0\u01a1ng th\u00edch v\u1edbi gi\u00e1 tr\u1ecb 1,67 trong x\u01b0\u01a1ng ng\u01b0\u1eddi<\/p>\n<p class=\"QN2lPu\">&#8211; Canxi sinh h\u1ecdc Calci D3 ch\u1ee9a vitamin D3, vitamin K2-MK7 v\u00e0 Magie gi\u00fap t\u1ed1i \u01b0u kh\u1ea3 n\u0103ng h\u1ea5p thu v\u00e0 g\u1eafn canxi v\u00e0o x\u01b0\u01a1ng<\/p>\n<p class=\"QN2lPu\">&#8211; Canxi sinh h\u1ecdc Calci D3 gi\u00fap canxi \u0111\u01b0\u1ee3c h\u1ea5p thu t\u1ed1t s\u1ebd kh\u00f4ng g\u00e2y l\u1eafng \u0111\u1ecdng canxi, kh\u00f4ng n\u00f3ng t\u00e1o<\/p>\n<p class=\"QN2lPu\">&#8211; Canxi sinh h\u1ecdc Calci D3 ch\u1ee9a ch\u1ea5t x\u01a1 ho\u00e0 tan FOS gi\u1ea3m t\u00e1o b\u00f3n \u1edf m\u1eb9 b\u1ea7u, ng\u01b0\u1eddi cao tu\u1ed5i<\/p>","protected":false},"excerpt":{"rendered":"<p>Vi\u00ean U\u1ed1ng Canxi Sinh H\u1ecdc Imochild Calci D3 D\u1ec5 H\u1ea5p Thu Cho M\u1eb9 B\u1ea7u, Cho Con B\u00fa, Ng\u01b0\u1eddi Cao Tu\u1ed5i 1. TH\u00d4NG TIN S\u1ea2N PH\u1ea8M &#8211; T\u00ean s\u1ea3n ph\u1ea9m: Imochild Calci D3 &#8211; Th\u01b0\u01a1ng hi\u1ec7u: Imochild &#8211; Xu\u1ea5t x\u1ee9: Ph\u00e1p &#8211; Quy c\u00e1ch: H\u1ed9p 1 l\u1ecd 60 vi\u00ean &#8211; HSD: 3 n\u0103m k\u1ec3 t\u1eeb ng\u00e0y [&hellip;]<\/p>","protected":false},"featured_media":1366,"comment_status":"open","ping_status":"closed","template":"","meta":{"_acf_changed":false},"product_brand":[],"product_cat":[108],"product_tag":[],"class_list":{"0":"post-1349","1":"product","2":"type-product","3":"status-publish","4":"has-post-thumbnail","6":"product_cat-thuc-pham-chuc-nang","8":"first","9":"instock","10":"shipping-taxable","11":"purchasable","12":"product-type-simple"},"acf":[],"_links":{"self":[{"href":"https:\/\/atlanticmedical.vn\/en\/wp-json\/wp\/v2\/product\/1349","targetHints":{"allow":["GET"]}}],"collection":[{"href":"https:\/\/atlanticmedical.vn\/en\/wp-json\/wp\/v2\/product"}],"about":[{"href":"https:\/\/atlanticmedical.vn\/en\/wp-json\/wp\/v2\/types\/product"}],"replies":[{"embeddable":true,"href":"https:\/\/atlanticmedical.vn\/en\/wp-json\/wp\/v2\/comments?post=1349"}],"wp:featuredmedia":[{"embeddable":true,"href":"https:\/\/atlanticmedical.vn\/en\/wp-json\/wp\/v2\/media\/1366"}],"wp:attachment":[{"href":"https:\/\/atlanticmedical.vn\/en\/wp-json\/wp\/v2\/media?parent=1349"}],"wp:term":[{"taxonomy":"product_brand","embeddable":true,"href":"https:\/\/atlanticmedical.vn\/en\/wp-json\/wp\/v2\/product_brand?post=1349"},{"taxonomy":"product_cat","embeddable":true,"href":"https:\/\/atlanticmedical.vn\/en\/wp-json\/wp\/v2\/product_cat?post=1349"},{"taxonomy":"product_tag","embeddable":true,"href":"https:\/\/atlanticmedical.vn\/en\/wp-json\/wp\/v2\/product_tag?post=1349"}],"curies":[{"name":"wp","href":"https:\/\/api.w.org\/{rel}","templated":true}]}}