{"id":1339,"date":"2026-03-23T09:54:10","date_gmt":"2026-03-23T02:54:10","guid":{"rendered":"https:\/\/atlanticmedical.vn\/?post_type=product&#038;p=1339"},"modified":"2026-03-23T09:54:10","modified_gmt":"2026-03-23T02:54:10","slug":"fertistill-bo-trung-ho-tro-mang-thai-tu-nhien","status":"publish","type":"product","link":"https:\/\/atlanticmedical.vn\/en\/product\/fertistill-bo-trung-ho-tro-mang-thai-tu-nhien\/","title":{"rendered":"FERTISTILL &#8211; B\u1ed5 Tr\u1ee9ng H\u1ed7 Tr\u1ee3 Mang Thai T\u1ef1 Nhi\u00ean"},"content":{"rendered":"<p class=\"QN2lPu\">[Qu\u00e0 Xinh] B\u1ed5 Tr\u1ee9ng Fertistill 2000mg Myo Inositol H\u1ed7 Tr\u1ee3 Mang Thai T\u1ef1 Nhi\u00ean H\u1ed9p 20 G\u00f3i<\/p>\n<p class=\"QN2lPu\">\n<p class=\"QN2lPu\">1. TH\u00d4NG TIN S\u1ea2N PH\u1ea8M<\/p>\n<p class=\"QN2lPu\">&#8211; T\u00ean s\u1ea3n ph\u1ea9m: B\u1ed4 TR\u1ee8NG FERTISTILL<\/p>\n<p class=\"QN2lPu\">&#8211; Th\u01b0\u01a1ng hi\u1ec7u : FERTISTILL<\/p>\n<p class=\"QN2lPu\">&#8211; Xu\u1ea5t X\u1ee9: T\u00e2y Ban Nha<\/p>\n<p class=\"QN2lPu\">&#8211; Quy c\u00e1ch: H\u1ed9p 20 g\u00f3i<\/p>\n<p class=\"QN2lPu\">&#8211; HSD: 3 n\u0103m k\u1ec3 t\u1eeb ng\u00e0y s\u1ea3n xu\u1ea5t<\/p>\n<p class=\"QN2lPu\">\n<p class=\"QN2lPu\">2. \u0110\u1eb6C \u0110I\u1ec2M N\u1ed4I B\u1eacT<\/p>\n<p class=\"QN2lPu\">&#8211; B\u1ed5 tr\u1ee9ng Fertistill ch\u1ee9a 2000mg Myo Inositol\u00a0gi\u00fap n\u00e2ng cao ch\u1ea5t l\u01b0\u1ee3ng v\u00e0 k\u00edch th\u01b0\u1edbc t\u1ebf b\u00e0o tr\u1ee9ng, gi\u00fap tr\u1ee9ng ch\u00edn \u0111\u1ec1u, r\u1ee5ng \u0111\u1ec1u, t\u0103ng th\u1ee5 thai<\/p>\n<p class=\"QN2lPu\">&#8211; B\u1ed5 tr\u1ee9ng Fertistill ch\u1ee9a Coenzyme Q10\u00a0ch\u1ed1ng oxy h\u00f3a, b\u1ea3o v\u1ec7 t\u1ebf b\u00e0o tr\u1ee9ng v\u00e0 ch\u1ed1ng suy gi\u1ea3m s\u1ed1 l\u01b0\u1ee3ng tr\u1ee9ng<\/p>\n<p class=\"QN2lPu\">&#8211; B\u1ed5 tr\u1ee9ng Fertistill ch\u1ee9a Vitamin D3 v\u00e0 Axit Folic\u00a0cung c\u1ea5p d\u01b0\u1ee1ng ch\u1ea5t thi\u1ebft y\u1ebfu cho c\u01a1 th\u1ec3, ph\u00f2ng ng\u1eeba d\u1ecb t\u1eadt v\u00e0 s\u1ea3y thai li\u00ean ti\u1ebfp<\/p>\n<p class=\"QN2lPu\">&#8211; B\u1ed5 tr\u1ee9ng Fertistill ch\u1ee9a Chi\u1ebft \u00a0xu\u1ea5t V\u1ecf qu\u1ebf\u00a0gi\u00fap t\u0103ng tu\u1ea7n ho\u00e0n m\u00e1u trong t\u1eed cung, \u0111i\u1ec1u h\u00f2a kinh nguy\u1ec7t v\u00e0 d\u1ec5 th\u1ee5 thai<\/p>\n<p class=\"QN2lPu\">&#8211; B\u1ed5 tr\u1ee9ng Fertistill ch\u1ee9a c\u00f2n gi\u00fap h\u1ea1n ch\u1ebf nguy c\u01a1 \u0111\u00e1i th\u00e1o \u0111\u01b0\u1eddng thai k\u00ec, huy\u1ebft \u00e1p cao v\u00e0 \u0111\u1eb7c bi\u1ec7t c\u00f3 l\u1ee3i cho ph\u1ee5 n\u1eef m\u1eafc Bu\u1ed3ng tr\u1ee9ng \u0111a nang<\/p>","protected":false},"excerpt":{"rendered":"<p>[Qu\u00e0 Xinh] B\u1ed5 Tr\u1ee9ng Fertistill 2000mg Myo Inositol H\u1ed7 Tr\u1ee3 Mang Thai T\u1ef1 Nhi\u00ean H\u1ed9p 20 G\u00f3i 1. TH\u00d4NG TIN S\u1ea2N PH\u1ea8M &#8211; T\u00ean s\u1ea3n ph\u1ea9m: B\u1ed4 TR\u1ee8NG FERTISTILL &#8211; Th\u01b0\u01a1ng hi\u1ec7u : FERTISTILL &#8211; Xu\u1ea5t X\u1ee9: T\u00e2y Ban Nha &#8211; Quy c\u00e1ch: H\u1ed9p 20 g\u00f3i &#8211; HSD: 3 n\u0103m k\u1ec3 t\u1eeb ng\u00e0y s\u1ea3n xu\u1ea5t [&hellip;]<\/p>","protected":false},"featured_media":1373,"comment_status":"open","ping_status":"closed","template":"","meta":{"_acf_changed":false},"product_brand":[],"product_cat":[108],"product_tag":[],"class_list":{"0":"post-1339","1":"product","2":"type-product","3":"status-publish","4":"has-post-thumbnail","6":"product_cat-thuc-pham-chuc-nang","8":"first","9":"instock","10":"shipping-taxable","11":"purchasable","12":"product-type-simple"},"acf":[],"_links":{"self":[{"href":"https:\/\/atlanticmedical.vn\/en\/wp-json\/wp\/v2\/product\/1339","targetHints":{"allow":["GET"]}}],"collection":[{"href":"https:\/\/atlanticmedical.vn\/en\/wp-json\/wp\/v2\/product"}],"about":[{"href":"https:\/\/atlanticmedical.vn\/en\/wp-json\/wp\/v2\/types\/product"}],"replies":[{"embeddable":true,"href":"https:\/\/atlanticmedical.vn\/en\/wp-json\/wp\/v2\/comments?post=1339"}],"wp:featuredmedia":[{"embeddable":true,"href":"https:\/\/atlanticmedical.vn\/en\/wp-json\/wp\/v2\/media\/1373"}],"wp:attachment":[{"href":"https:\/\/atlanticmedical.vn\/en\/wp-json\/wp\/v2\/media?parent=1339"}],"wp:term":[{"taxonomy":"product_brand","embeddable":true,"href":"https:\/\/atlanticmedical.vn\/en\/wp-json\/wp\/v2\/product_brand?post=1339"},{"taxonomy":"product_cat","embeddable":true,"href":"https:\/\/atlanticmedical.vn\/en\/wp-json\/wp\/v2\/product_cat?post=1339"},{"taxonomy":"product_tag","embeddable":true,"href":"https:\/\/atlanticmedical.vn\/en\/wp-json\/wp\/v2\/product_tag?post=1339"}],"curies":[{"name":"wp","href":"https:\/\/api.w.org\/{rel}","templated":true}]}}