{"id":1338,"date":"2026-03-23T09:47:18","date_gmt":"2026-03-23T02:47:18","guid":{"rendered":"https:\/\/atlanticmedical.vn\/?post_type=product&#038;p=1338"},"modified":"2026-03-23T09:47:18","modified_gmt":"2026-03-23T02:47:18","slug":"bificure-2-chung-men-vi-sinh-thuan-chung-tu-nhat-ban","status":"publish","type":"product","link":"https:\/\/atlanticmedical.vn\/en\/product\/bificure-2-chung-men-vi-sinh-thuan-chung-tu-nhat-ban\/","title":{"rendered":"BIFICURE &#8211; 2 Ch\u1ee7ng Men Vi Sinh Thu\u1ea7n Ch\u1ee7ng T\u1eeb Nh\u1eadt B\u1ea3n"},"content":{"rendered":"<p class=\"QN2lPu\">Men Vi Sinh BIFICURE L\u1ee3i Khu\u1ea9n Gi\u00fap Ti\u00eau Ho\u00e1 T\u1ed1t Ng\u1eeba \u0110\u1ea7y B\u1ee5ng T\u00e1o B\u00f3n Ti\u00eau Ch\u1ea3y Ph\u00e2n S\u1ed1ng Cho B\u00e9<\/p>\n<p class=\"QN2lPu\">\n<p class=\"QN2lPu\">1. TH\u00d4NG TIN S\u1ea2N PH\u1ea8M<\/p>\n<p class=\"QN2lPu\">&#8211; T\u00ean s\u1ea3n ph\u1ea9m: BIFICURE<\/p>\n<p class=\"QN2lPu\">&#8211; Th\u01b0\u01a1ng hi\u1ec7u : BIFICURE<\/p>\n<p class=\"QN2lPu\">&#8211; Xu\u1ea5t X\u1ee9: Nh\u1eadt B\u1ea3n<\/p>\n<p class=\"QN2lPu\">&#8211; Quy c\u00e1ch: H\u1ed9p 20 g\u00f3i<\/p>\n<p class=\"QN2lPu\">&#8211; HSD: 3 n\u0103m k\u1ec3 t\u1eeb ng\u00e0y s\u1ea3n xu\u1ea5t<\/p>\n<p class=\"QN2lPu\">\n<p class=\"QN2lPu\">2. \u0110\u1eb6C \u0110I\u1ec2M N\u1ed4I B\u1eacT<\/p>\n<p class=\"QN2lPu\">&#8211; B\u1ed9t c\u1ed1m c\u00f3 th\u1ec3 ho\u00e0 tan v\u1edbi s\u1eefa ho\u1eb7c n\u01b0\u1edbc ch\u1ee9a 6 t\u1ef7 l\u1ee3i khu\u1ea9n trong m\u1ed7i li\u1ec1u, c\u00f3 c\u00f4ng ngh\u1ec7 vi bao, \u00edt ch\u1ecbu \u1ea3nh h\u01b0\u1edfng b\u1edfi d\u1ecbch d\u1ea1 d\u00e0y<\/p>\n<p class=\"QN2lPu\">&#8211; L\u1ee3i khu\u1ea9n \u0111\u01b0\u1ee3c b\u1ea5t ho\u1ea1t b\u1edfi nhi\u1ec7t, sau khi v\u00e0o ru\u1ed9t non s\u1ebd \u201ct\u1ec9nh gi\u1ea5c\u201d v\u00e0 t\u1ea1o ra nh\u1eefng t\u00e1c d\u1ee5ng c\u00f3 l\u1ee3i tr\u00ean h\u1ec7 ti\u00eau ho\u00e1: h\u1ed7 tr\u1ee3 gi\u1ea3m tri\u1ec7u ch\u1ee9ng r\u1ed1i lo\u1ea1n ti\u00eau ho\u00e1, ti\u00eau ch\u1ea3y, ph\u00e2n s\u1ed1ng, ph\u00e2n x\u00ec xo\u1eb9t, \u0111\u1ea7y b\u1ee5ng, kh\u00f3 ti\u00eau,<\/p>\n<p class=\"QN2lPu\">t\u00e1o b\u00f3n<\/p>\n<p class=\"QN2lPu\">&#8211; An to\u00e0n v\u1edbi c\u1ea3 tr\u1ebb s.\u01a1 s.i.n.h<\/p>\n<p class=\"QN2lPu\">&#8211; S\u1ea3n ph\u1ea9m nh\u1eadp kh\u1ea9u t\u1eeb Nh\u1eadt B\u1ea3n<\/p>","protected":false},"excerpt":{"rendered":"<p>Men Vi Sinh BIFICURE L\u1ee3i Khu\u1ea9n Gi\u00fap Ti\u00eau Ho\u00e1 T\u1ed1t Ng\u1eeba \u0110\u1ea7y B\u1ee5ng T\u00e1o B\u00f3n Ti\u00eau Ch\u1ea3y Ph\u00e2n S\u1ed1ng Cho B\u00e9 1. TH\u00d4NG TIN S\u1ea2N PH\u1ea8M &#8211; T\u00ean s\u1ea3n ph\u1ea9m: BIFICURE &#8211; Th\u01b0\u01a1ng hi\u1ec7u : BIFICURE &#8211; Xu\u1ea5t X\u1ee9: Nh\u1eadt B\u1ea3n &#8211; Quy c\u00e1ch: H\u1ed9p 20 g\u00f3i &#8211; HSD: 3 n\u0103m k\u1ec3 t\u1eeb ng\u00e0y s\u1ea3n [&hellip;]<\/p>","protected":false},"featured_media":1350,"comment_status":"open","ping_status":"closed","template":"","meta":{"_acf_changed":false},"product_brand":[],"product_cat":[108],"product_tag":[],"class_list":{"0":"post-1338","1":"product","2":"type-product","3":"status-publish","4":"has-post-thumbnail","6":"product_cat-thuc-pham-chuc-nang","8":"first","9":"instock","10":"shipping-taxable","11":"purchasable","12":"product-type-simple"},"acf":[],"_links":{"self":[{"href":"https:\/\/atlanticmedical.vn\/en\/wp-json\/wp\/v2\/product\/1338","targetHints":{"allow":["GET"]}}],"collection":[{"href":"https:\/\/atlanticmedical.vn\/en\/wp-json\/wp\/v2\/product"}],"about":[{"href":"https:\/\/atlanticmedical.vn\/en\/wp-json\/wp\/v2\/types\/product"}],"replies":[{"embeddable":true,"href":"https:\/\/atlanticmedical.vn\/en\/wp-json\/wp\/v2\/comments?post=1338"}],"wp:featuredmedia":[{"embeddable":true,"href":"https:\/\/atlanticmedical.vn\/en\/wp-json\/wp\/v2\/media\/1350"}],"wp:attachment":[{"href":"https:\/\/atlanticmedical.vn\/en\/wp-json\/wp\/v2\/media?parent=1338"}],"wp:term":[{"taxonomy":"product_brand","embeddable":true,"href":"https:\/\/atlanticmedical.vn\/en\/wp-json\/wp\/v2\/product_brand?post=1338"},{"taxonomy":"product_cat","embeddable":true,"href":"https:\/\/atlanticmedical.vn\/en\/wp-json\/wp\/v2\/product_cat?post=1338"},{"taxonomy":"product_tag","embeddable":true,"href":"https:\/\/atlanticmedical.vn\/en\/wp-json\/wp\/v2\/product_tag?post=1338"}],"curies":[{"name":"wp","href":"https:\/\/api.w.org\/{rel}","templated":true}]}}