{"id":1327,"date":"2026-03-23T09:45:36","date_gmt":"2026-03-23T02:45:36","guid":{"rendered":"https:\/\/atlanticmedical.vn\/?post_type=product&#038;p=1327"},"modified":"2026-03-23T09:45:36","modified_gmt":"2026-03-23T02:45:36","slug":"orthomol-natal-pre-vien-uong-bo-trung-ho-tro-sinh-san-nu-gioi","status":"publish","type":"product","link":"https:\/\/atlanticmedical.vn\/en\/product\/orthomol-natal-pre-vien-uong-bo-trung-ho-tro-sinh-san-nu-gioi\/","title":{"rendered":"ORTHOMOL NATAL Pre &#8211; Vi\u00ean U\u1ed1ng B\u1ed5 Tr\u1ee9ng H\u1ed7 Tr\u1ee3 Sinh S\u1ea3n N\u1eef Gi\u1edbi"},"content":{"rendered":"<p class=\"QN2lPu\">Vi\u00ean U\u1ed1ng B\u1ed5 Tr\u1ee9ng Orthomol Natal Pre H\u1ed7 Tr\u1ee3 S\u1ee9c Kho\u1ebb Sinh S\u1ea3n Cho Ph\u1ee5 N\u1eef Chu\u1ea9n B\u1ecb Mang Thai H\u1ed9p 30 Vi\u00ean<\/p>\n<p class=\"QN2lPu\">\n<p class=\"QN2lPu\">1. TH\u00d4NG TIN S\u1ea2N PH\u1ea8M<\/p>\n<p class=\"QN2lPu\">&#8211; T\u00ean s\u1ea3n ph\u1ea9m: Orthomol Natal Pre<\/p>\n<p class=\"QN2lPu\">&#8211; Th\u01b0\u01a1ng hi\u1ec7u: Orthomol<\/p>\n<p class=\"QN2lPu\">&#8211; Xu\u1ea5t x\u1ee9: \u0110\u1ee9c<\/p>\n<p class=\"QN2lPu\">&#8211; Quy c\u00e1ch: H\u1ed9p 30 vi\u00ean<\/p>\n<p class=\"QN2lPu\">&#8211; HSD: 3 n\u0103m k\u1ec3 t\u1eeb ng\u00e0y s\u1ea3n xu\u1ea5t<\/p>\n<p class=\"QN2lPu\">\n<p class=\"QN2lPu\">2. \u0110\u1eb6C \u0110I\u1ec2M N\u1ed4I B\u1eacT<\/p>\n<p class=\"QN2lPu\">&#8211; Orthomol Natal Pre b\u1ed5 sung c\u00e1c d\u01b0\u1ee1ng ch\u1ea5t thi\u1ebft y\u1ebfu cho ph\u1ee5 n\u1eef chu\u1ea9n b\u1ecb mang thai gi\u00fap h\u1ed7 tr\u1ee3 s\u1ee9c kh\u1ecfe sinh s\u1ea3n v\u00e0 t\u0103ng kh\u1ea3 n\u0103ng th\u1ee5 thai.<\/p>\n<p class=\"QN2lPu\">&#8211; Acid Folic l\u00e0m t\u0103ng n\u1ed3ng \u0111\u1ed9 folate, gi\u1ea3m nguy c\u01a1 d\u1ecb t\u1eadt \u1ed1ng th\u1ea7n kinh. Li\u1ec1u cao c\u00f3 t\u00e1c d\u1ee5ng h\u1ed7 tr\u1ee3 t\u0103ng t\u1ef7 l\u1ec7 mang thai l\u00e2m s\u00e0ng, gi\u1ea3m t\u1ef7 l\u1ec7 th\u1ea5t b\u1ea1i chu k\u1ef3 IVF tr\u01b0\u1edbc chy\u1ec3n ph\u00f4i, t\u0103ng t\u1ef7 l\u1ec7 tr\u1ee9ng \u0111\u01b0\u1ee3c th\u1ee5 tinh th\u00e0nh c\u00f4ng<\/p>\n<p class=\"QN2lPu\">&#8211; Quatrefolic &#8211; \u0111\u01b0\u1ee3c coi l\u00e0 folate th\u1ebf h\u1ec7 4, gi\u00fap c\u01a1 th\u1ec3 c\u00f3 th\u1ec3 h\u1ea5p thu tr\u1ef1c ti\u1ebfp m\u00e0 kh\u00f4ng c\u1ea7n qua chuy\u1ec3n ho\u00e1, sinh kh\u1ea3 d\u1ee5ng v\u01b0\u1ee3t tr\u1ed9i \u0111\u00e3 \u0111\u01b0\u1ee3c nghi\u00ean c\u1ee9u.<\/p>\n<p class=\"QN2lPu\">&#8211; Coenzym Q10 h\u1ed7 tr\u1ee3 c\u1ea3i thi\u1ec7n ch\u1ea5t l\u01b0\u1ee3ng tr\u1ee9ng v\u00e0 t\u0103ng s\u1ed1 l\u01b0\u1ee3ng tr\u1ee9ng thu \u0111\u01b0\u1ee3c trong qu\u00e1 tr\u00ecnh th\u1ee5 tinh nh\u00e2n t\u1ea1o, t\u0103ng kh\u1ea3 n\u0103ng th\u1ee5 thai.<\/p>\n<p class=\"QN2lPu\">&#8211; K\u1ebdm: H\u1ed7 tr\u1ee3 kh\u1ea3 n\u0103ng sinh s\u1ea3n, t\u0103ng kh\u1ea3 n\u0103ng th\u1ee5 thai v\u00e0 c\u00f3 vai tr\u00f2 trong qu\u00e1 tr\u00ecnh ph\u00e2n chia t\u1ebf b\u00e0o<\/p>\n<p class=\"QN2lPu\">&#8211; Nh\u1eadp kh\u1ea9u ch\u00ednh ng\u1ea1ch t\u1eeb \u0110\u1ee9c, c\u00f3 \u0111\u1ea7y \u0111\u1ee7 ho\u00e1 \u0111\u01a1n VAT<\/p>","protected":false},"excerpt":{"rendered":"<p>Vi\u00ean U\u1ed1ng B\u1ed5 Tr\u1ee9ng Orthomol Natal Pre H\u1ed7 Tr\u1ee3 S\u1ee9c Kho\u1ebb Sinh S\u1ea3n Cho Ph\u1ee5 N\u1eef Chu\u1ea9n B\u1ecb Mang Thai H\u1ed9p 30 Vi\u00ean 1. TH\u00d4NG TIN S\u1ea2N PH\u1ea8M &#8211; T\u00ean s\u1ea3n ph\u1ea9m: Orthomol Natal Pre &#8211; Th\u01b0\u01a1ng hi\u1ec7u: Orthomol &#8211; Xu\u1ea5t x\u1ee9: \u0110\u1ee9c &#8211; Quy c\u00e1ch: H\u1ed9p 30 vi\u00ean &#8211; HSD: 3 n\u0103m k\u1ec3 t\u1eeb [&hellip;]<\/p>","protected":false},"featured_media":1348,"comment_status":"open","ping_status":"closed","template":"","meta":{"_acf_changed":false},"product_brand":[],"product_cat":[108],"product_tag":[],"class_list":{"0":"post-1327","1":"product","2":"type-product","3":"status-publish","4":"has-post-thumbnail","6":"product_cat-thuc-pham-chuc-nang","8":"first","9":"instock","10":"shipping-taxable","11":"purchasable","12":"product-type-simple"},"acf":[],"_links":{"self":[{"href":"https:\/\/atlanticmedical.vn\/en\/wp-json\/wp\/v2\/product\/1327","targetHints":{"allow":["GET"]}}],"collection":[{"href":"https:\/\/atlanticmedical.vn\/en\/wp-json\/wp\/v2\/product"}],"about":[{"href":"https:\/\/atlanticmedical.vn\/en\/wp-json\/wp\/v2\/types\/product"}],"replies":[{"embeddable":true,"href":"https:\/\/atlanticmedical.vn\/en\/wp-json\/wp\/v2\/comments?post=1327"}],"wp:featuredmedia":[{"embeddable":true,"href":"https:\/\/atlanticmedical.vn\/en\/wp-json\/wp\/v2\/media\/1348"}],"wp:attachment":[{"href":"https:\/\/atlanticmedical.vn\/en\/wp-json\/wp\/v2\/media?parent=1327"}],"wp:term":[{"taxonomy":"product_brand","embeddable":true,"href":"https:\/\/atlanticmedical.vn\/en\/wp-json\/wp\/v2\/product_brand?post=1327"},{"taxonomy":"product_cat","embeddable":true,"href":"https:\/\/atlanticmedical.vn\/en\/wp-json\/wp\/v2\/product_cat?post=1327"},{"taxonomy":"product_tag","embeddable":true,"href":"https:\/\/atlanticmedical.vn\/en\/wp-json\/wp\/v2\/product_tag?post=1327"}],"curies":[{"name":"wp","href":"https:\/\/api.w.org\/{rel}","templated":true}]}}