{"id":1295,"date":"2026-03-23T09:36:36","date_gmt":"2026-03-23T02:36:36","guid":{"rendered":"https:\/\/atlanticmedical.vn\/?post_type=product&#038;p=1295"},"modified":"2026-03-23T09:36:36","modified_gmt":"2026-03-23T02:36:36","slug":"neo-kids-gummies-vitazinc-keo-deo-kem-huu-co","status":"publish","type":"product","link":"https:\/\/atlanticmedical.vn\/en\/product\/neo-kids-gummies-vitazinc-keo-deo-kem-huu-co\/","title":{"rendered":"NEO KIDS Gummies VitaZinC &#8211; K\u1eb9o D\u1ebbo K\u1ebdm H\u1eefu C\u01a1"},"content":{"rendered":"<p class=\"QN2lPu\">K\u1eb9o Nhai K\u1ebdm H\u1eefu C\u01a1 NEO KIDS GUMMIES VITAZINC Th\u01a1m Ngon Gi\u00fap Tr\u1ebb \u0102n Ngon \u0110\u1ec1 Kh\u00e1ng T\u1ed1t L\u1ecd 60 Vi\u00ean<\/p>\n<p class=\"QN2lPu\">\n<p class=\"QN2lPu\">1. TH\u00d4NG TIN S\u1ea2N PH\u1ea8M<\/p>\n<p class=\"QN2lPu\">&#8211; T\u00ean s\u1ea3n ph\u1ea9m: K\u1eb9o Nhai K\u1ebdm H\u1eefu C\u01a1 NEOKIDS<\/p>\n<p class=\"QN2lPu\">&#8211; Th\u01b0\u01a1ng hi\u1ec7u: Neo Kids<\/p>\n<p class=\"QN2lPu\">&#8211; Xu\u1ea5t X\u1ee9: T\u00e2y Ban Nha<\/p>\n<p class=\"QN2lPu\">&#8211; Quy c\u00e1ch: H\u1ed9p 60 vi\u00ean nhai<\/p>\n<p class=\"QN2lPu\">&#8211; HSD: 30 th\u00e1ng k\u1ec3 t\u1eeb ng\u00e0y s\u1ea3n xu\u1ea5t<\/p>\n<p class=\"QN2lPu\">\n<p class=\"QN2lPu\">2. \u0110\u1eb6C \u0110I\u1ec2M N\u1ed4I B\u1eacT<\/p>\n<p class=\"QN2lPu\">&#8211; S\u1ea3n ph\u1ea9m b\u1ed5 sung k\u1ebdm, vitamin C, vitamin D3 gi\u00fap t\u0103ng \u0111\u1ec1 kh\u00e1ng \u0111a c\u01a1 ch\u1ebf<\/p>\n<p class=\"QN2lPu\">&#8211; K\u1ebdm gi\u00fap k\u00edch th\u00edch v\u1ecb gi\u00e1c c\u1ee7a tr\u1ebb, tr\u1ebb \u0103n ngon, ti\u00eau ho\u00e1 t\u1ed1t<\/p>\n<p class=\"QN2lPu\">&#8211; D\u1ea1ng k\u1eb9o nhai th\u01a1m m\u00f9i d\u00e2u, v\u1ecb ng\u1ecdt d\u1ec5 d\u00f9ng cho tr\u1ebb nh\u1ecf<\/p>\n<p class=\"QN2lPu\">&#8211; Thi\u1ebft k\u1ebf l\u1ecd an to\u00e0n v\u1edbi tr\u1ebb nh\u1ecf<\/p>\n<p class=\"QN2lPu\">&#8211; S\u1ea3n ph\u1ea9m nh\u1eadp kh\u1ea9u t\u1eeb T\u00e2y Ban Nha<\/p>","protected":false},"excerpt":{"rendered":"<p>K\u1eb9o Nhai K\u1ebdm H\u1eefu C\u01a1 NEO KIDS GUMMIES VITAZINC Th\u01a1m Ngon Gi\u00fap Tr\u1ebb \u0102n Ngon \u0110\u1ec1 Kh\u00e1ng T\u1ed1t L\u1ecd 60 Vi\u00ean 1. TH\u00d4NG TIN S\u1ea2N PH\u1ea8M &#8211; T\u00ean s\u1ea3n ph\u1ea9m: K\u1eb9o Nhai K\u1ebdm H\u1eefu C\u01a1 NEOKIDS &#8211; Th\u01b0\u01a1ng hi\u1ec7u: Neo Kids &#8211; Xu\u1ea5t X\u1ee9: T\u00e2y Ban Nha &#8211; Quy c\u00e1ch: H\u1ed9p 60 vi\u00ean nhai &#8211; [&hellip;]<\/p>","protected":false},"featured_media":1318,"comment_status":"open","ping_status":"closed","template":"","meta":{"_acf_changed":false},"product_brand":[],"product_cat":[108],"product_tag":[],"class_list":{"0":"post-1295","1":"product","2":"type-product","3":"status-publish","4":"has-post-thumbnail","6":"product_cat-thuc-pham-chuc-nang","8":"first","9":"instock","10":"shipping-taxable","11":"purchasable","12":"product-type-simple"},"acf":[],"_links":{"self":[{"href":"https:\/\/atlanticmedical.vn\/en\/wp-json\/wp\/v2\/product\/1295","targetHints":{"allow":["GET"]}}],"collection":[{"href":"https:\/\/atlanticmedical.vn\/en\/wp-json\/wp\/v2\/product"}],"about":[{"href":"https:\/\/atlanticmedical.vn\/en\/wp-json\/wp\/v2\/types\/product"}],"replies":[{"embeddable":true,"href":"https:\/\/atlanticmedical.vn\/en\/wp-json\/wp\/v2\/comments?post=1295"}],"wp:featuredmedia":[{"embeddable":true,"href":"https:\/\/atlanticmedical.vn\/en\/wp-json\/wp\/v2\/media\/1318"}],"wp:attachment":[{"href":"https:\/\/atlanticmedical.vn\/en\/wp-json\/wp\/v2\/media?parent=1295"}],"wp:term":[{"taxonomy":"product_brand","embeddable":true,"href":"https:\/\/atlanticmedical.vn\/en\/wp-json\/wp\/v2\/product_brand?post=1295"},{"taxonomy":"product_cat","embeddable":true,"href":"https:\/\/atlanticmedical.vn\/en\/wp-json\/wp\/v2\/product_cat?post=1295"},{"taxonomy":"product_tag","embeddable":true,"href":"https:\/\/atlanticmedical.vn\/en\/wp-json\/wp\/v2\/product_tag?post=1295"}],"curies":[{"name":"wp","href":"https:\/\/api.w.org\/{rel}","templated":true}]}}