{"id":1294,"date":"2026-03-23T09:30:33","date_gmt":"2026-03-23T02:30:33","guid":{"rendered":"https:\/\/atlanticmedical.vn\/?post_type=product&#038;p=1294"},"modified":"2026-03-23T09:30:34","modified_gmt":"2026-03-23T02:30:34","slug":"dau-tram-3m-therapy-giup-lam-am-phong-cam-lanh-ngua-muoi-dot","status":"publish","type":"product","link":"https:\/\/atlanticmedical.vn\/en\/product\/dau-tram-3m-therapy-giup-lam-am-phong-cam-lanh-ngua-muoi-dot\/","title":{"rendered":"D\u1ea6U TR\u00c0M 3M Therapy Gi\u00fap L\u00e0m \u1ea4m Ph\u00f2ng C\u1ea3m L\u1ea1nh Ng\u1eeba Mu\u1ed7i \u0110\u1ed1t"},"content":{"rendered":"<p class=\"QN2lPu\">[GIFT] Tinh D\u1ea7u Tr\u00e0m Khuynh Di\u1ec7p THERAPY 3M Gi\u00fap L\u00e0m \u1ea4m, Ng\u1eeba Mu\u1ed7i \u0110\u1ed1t L\u1ecd 30ml<\/p>\n<p class=\"QN2lPu\">\n<p class=\"QN2lPu\">1. TH\u00d4NG TIN S\u1ea2N PH\u1ea8M<\/p>\n<p class=\"QN2lPu\">&#8211; T\u00ean s\u1ea3n ph\u1ea9m: Tinh D\u1ea7u Tr\u00e0m Khuynh Di\u1ec7p THERAPY 3M<\/p>\n<p class=\"QN2lPu\">&#8211; Xu\u1ea5t X\u1ee9: Vi\u1ec7t Nam<\/p>\n<p class=\"QN2lPu\">&#8211; Dung t\u00edch: 30ml<\/p>\n<p class=\"QN2lPu\">\n<p class=\"QN2lPu\">2. \u0110\u1eb6C \u0110I\u1ec2M N\u1ed4I B\u1eacT<\/p>\n<p class=\"QN2lPu\">&#8211; K\u1ebft h\u1ee3p D\u1ea7u tr\u00e0m v\u00e0 d\u1ea7u khuynh di\u1ec7p v\u1edbi t\u1ec9 l\u1ec7 th\u00edch h\u1ee3p: 3ml tinh d\u1ea7u tr\u00e0m c\u00f9ng 17ml tinh d\u1ea7u khuynh di\u1ec7p gi\u00fap t\u0103ng c\u01b0\u1eddng t\u00e1c d\u1ee5ng v\u00e0 kh\u1eafc ph\u1ee5c nh\u01b0\u1ee3c \u0111i\u1ec3m c\u1ed1 h\u1eefu c\u1ee7a c\u00e1c s\u1ea3n ph\u1ea9m tinh d\u1ea7u ri\u00eang l\u1ebb.<\/p>\n<p class=\"QN2lPu\">&#8211; Th\u00e0nh ph\u1ea7n thi\u00ean nhi\u00ean, an to\u00e0n cho tr\u1ebb s\u01a1 sinh, tr\u1ebb nh\u1ecf, ph\u1ee5 n\u1eef c\u00f3 thai, ph\u1ee5 n\u1eef cho con b\u00fa.<\/p>\n<p class=\"QN2lPu\">&#8211; M\u00f9i h\u01b0\u01a1ng t\u1ef1 nhi\u00ean, d\u1ec5 ch\u1ecbu, l\u01b0u h\u01b0\u01a1ng l\u00e2u.<\/p>\n<p class=\"QN2lPu\">&#8211; Kh\u00f4ng g\u00e2y n\u00f3ng k\u00edch \u1ee9ng, b\u1ecfng r\u00e1t da.<\/p>\n<p class=\"QN2lPu\">&#8211; Quy tr\u00ecnh s\u1ea3n xu\u1ea5t theo ti\u00eau chu\u1ea9n GMP-WHO- ti\u00eau chu\u1ea9n quan tr\u1ecdng trong s\u1ea3n xu\u1ea5t d\u01b0\u1ee3c ph\u1ea9m.<\/p>","protected":false},"excerpt":{"rendered":"<p>[GIFT] Tinh D\u1ea7u Tr\u00e0m Khuynh Di\u1ec7p THERAPY 3M Gi\u00fap L\u00e0m \u1ea4m, Ng\u1eeba Mu\u1ed7i \u0110\u1ed1t L\u1ecd 30ml 1. TH\u00d4NG TIN S\u1ea2N PH\u1ea8M &#8211; T\u00ean s\u1ea3n ph\u1ea9m: Tinh D\u1ea7u Tr\u00e0m Khuynh Di\u1ec7p THERAPY 3M &#8211; Xu\u1ea5t X\u1ee9: Vi\u1ec7t Nam &#8211; Dung t\u00edch: 30ml 2. \u0110\u1eb6C \u0110I\u1ec2M N\u1ed4I B\u1eacT &#8211; K\u1ebft h\u1ee3p D\u1ea7u tr\u00e0m v\u00e0 d\u1ea7u khuynh di\u1ec7p [&hellip;]<\/p>","protected":false},"featured_media":1300,"comment_status":"open","ping_status":"closed","template":"","meta":{"_acf_changed":false},"product_brand":[],"product_cat":[108],"product_tag":[],"class_list":{"0":"post-1294","1":"product","2":"type-product","3":"status-publish","4":"has-post-thumbnail","6":"product_cat-thuc-pham-chuc-nang","8":"first","9":"instock","10":"shipping-taxable","11":"purchasable","12":"product-type-simple"},"acf":[],"_links":{"self":[{"href":"https:\/\/atlanticmedical.vn\/en\/wp-json\/wp\/v2\/product\/1294","targetHints":{"allow":["GET"]}}],"collection":[{"href":"https:\/\/atlanticmedical.vn\/en\/wp-json\/wp\/v2\/product"}],"about":[{"href":"https:\/\/atlanticmedical.vn\/en\/wp-json\/wp\/v2\/types\/product"}],"replies":[{"embeddable":true,"href":"https:\/\/atlanticmedical.vn\/en\/wp-json\/wp\/v2\/comments?post=1294"}],"wp:featuredmedia":[{"embeddable":true,"href":"https:\/\/atlanticmedical.vn\/en\/wp-json\/wp\/v2\/media\/1300"}],"wp:attachment":[{"href":"https:\/\/atlanticmedical.vn\/en\/wp-json\/wp\/v2\/media?parent=1294"}],"wp:term":[{"taxonomy":"product_brand","embeddable":true,"href":"https:\/\/atlanticmedical.vn\/en\/wp-json\/wp\/v2\/product_brand?post=1294"},{"taxonomy":"product_cat","embeddable":true,"href":"https:\/\/atlanticmedical.vn\/en\/wp-json\/wp\/v2\/product_cat?post=1294"},{"taxonomy":"product_tag","embeddable":true,"href":"https:\/\/atlanticmedical.vn\/en\/wp-json\/wp\/v2\/product_tag?post=1294"}],"curies":[{"name":"wp","href":"https:\/\/api.w.org\/{rel}","templated":true}]}}