{"id":1287,"date":"2026-03-23T09:34:07","date_gmt":"2026-03-23T02:34:07","guid":{"rendered":"https:\/\/atlanticmedical.vn\/?post_type=product&#038;p=1287"},"modified":"2026-03-23T09:39:05","modified_gmt":"2026-03-23T02:39:05","slug":"orthomol-natal-bo-bau-cao-cap-29-vitamin-va-khoang-chat","status":"publish","type":"product","link":"https:\/\/atlanticmedical.vn\/en\/product\/orthomol-natal-bo-bau-cao-cap-29-vitamin-va-khoang-chat\/","title":{"rendered":"ORTHOMOL NATAL &#8211; B\u1ed5 B\u1ea7u Cao C\u1ea5p 29 Vitamin V\u00e0 Kho\u00e1ng Ch\u1ea5t"},"content":{"rendered":"<p class=\"QN2lPu\">B\u1ed5 B\u1ea7u Cao C\u1ea5p ORTHOMOL NATAL B\u1ed5 Sung To\u00e0n Di\u1ec7n Vitamin Kho\u00e1ng Ch\u1ea5t L\u1ee3i Khu\u1ea9n Cho Ph\u1ee5 N\u1eef C\u00f3 Thai Sau Sinh H\u1ed9p 30 Li\u1ec1u<\/p>\n<p class=\"QN2lPu\">1. TH\u00d4NG TIN S\u1ea2N PH\u1ea8M<\/p>\n<p class=\"QN2lPu\">&#8211; T\u00ean s\u1ea3n ph\u1ea9m: Orthomol Natal<\/p>\n<p class=\"QN2lPu\">&#8211; Th\u01b0\u01a1ng hi\u1ec7u: Orthomol<\/p>\n<p class=\"QN2lPu\">&#8211; Xu\u1ea5t X\u1ee9: \u0110\u1ee9c<\/p>\n<p class=\"QN2lPu\">&#8211; Quy c\u00e1ch: H\u1ed9p 30 li\u1ec1u. M\u1ed7i li\u1ec1u g\u1ed3m: 1 g\u00f3i to ch\u1ee9a b\u1ed9t, 1 g\u00f3i nh\u1ecf ch\u1ee9a 2 vi\u00ean nang m\u00e0u n\u00e2u, 1 vi\u00ean nang ch\u1ee9a l\u1ee3i khu\u1ea9n m\u00e0u tr\u1eafng<\/p>\n<p class=\"QN2lPu\">&#8211; HSD: 2 n\u0103m k\u1ec3 t\u1eeb ng\u00e0y s\u1ea3n xu\u1ea5t<\/p>\n<p class=\"QN2lPu\">2. \u0110\u1eb6C \u0110I\u1ec2M N\u1ed4I B\u1eacT<\/p>\n<p class=\"QN2lPu\">&#8211; B\u1ed5 sung 13 vitamin, 9 kho\u00e1ng ch\u1ea5t c\u1ea7n thi\u1ebft cho thai k\u1ef3 gi\u00fap nu\u00f4i d\u01b0\u1ee1ng thai nhi to\u00e0n di\u1ec7n (d\u00f2ng b\u1ed5 b\u1ea7u ch\u1ee9a \u0111\u1ea7y \u0111\u1ee7 vitamin v\u00e0 kho\u00e1ng ch\u1ea5t n.h.\u1ea5.t th\u1ecb tr\u01b0\u1eddng Vi\u1ec7t Nam hi\u1ec7n nay)<\/p>\n<p class=\"QN2lPu\">&#8211; Omega-3 gi\u00e0u DHA, Choline ph\u00e1t tri\u1ec3n n\u00e3o b\u1ed9, th\u1ecb gi\u00e1c cho b\u00e9<\/p>\n<p class=\"QN2lPu\">&#8211; Acid folic d\u01b0\u1edbi d\u1ea1ng Quatrefolic\u00ae &#8211; folate ho\u1ea1t t\u00ednh d\u1ea1ng c\u1ea3i ti\u1ebfn, gi\u00fap c\u01a1 th\u1ec3 c\u00f3 th\u1ec3 h\u1ea5p thu tr\u1ef1c ti\u1ebfp m\u00e0 kh\u00f4ng c\u1ea7n chuy\u1ec3n ho\u00e1, sinh kh\u1ea3 d\u1ee5ng v\u01b0\u1ee3t tr\u1ed9i, ng\u0103n ng\u1eeba d\u1ecb t\u1eadt \u1ed1ng th\u1ea7n kinh cho tr\u1ebb<\/p>\n<p class=\"QN2lPu\">&#8211; Molypden \u0111\u00f3ng vai tr\u00f2 quan tr\u1ecdng ph\u00e1t tri\u1ec3n h\u1ec7 th\u1ea7n kinh c\u1ee7a b\u00e9<\/p>\n<p class=\"QN2lPu\">&#8211; Iod v\u00e0 Selen g\u00f3p ph\u1ea7n h\u1ed7 tr\u1ee3 b\u00ecnh th\u01b0\u1eddng ho\u00e1 ch\u1ee9c n\u0103ng tuy\u1ebfn gi\u00e1p<\/p>\n<p class=\"QN2lPu\">&#8211; 3 t\u1ef7 l\u1ee3i khu\u1ea9n m\u1eb9 b\u1ea7u kh\u00f4ng lo t\u00e1o b\u00f3n, b\u00e9 con kh\u00f4ng lo kh\u00f3c d\u1ea1 \u0111\u1ec1 sau sinh<\/p>","protected":false},"excerpt":{"rendered":"<p>B\u1ed5 B\u1ea7u Cao C\u1ea5p ORTHOMOL NATAL B\u1ed5 Sung To\u00e0n Di\u1ec7n Vitamin Kho\u00e1ng Ch\u1ea5t L\u1ee3i Khu\u1ea9n Cho Ph\u1ee5 N\u1eef C\u00f3 Thai Sau Sinh H\u1ed9p 30 Li\u1ec1u 1. TH\u00d4NG TIN S\u1ea2N PH\u1ea8M &#8211; T\u00ean s\u1ea3n ph\u1ea9m: Orthomol Natal &#8211; Th\u01b0\u01a1ng hi\u1ec7u: Orthomol &#8211; Xu\u1ea5t X\u1ee9: \u0110\u1ee9c &#8211; Quy c\u00e1ch: H\u1ed9p 30 li\u1ec1u. M\u1ed7i li\u1ec1u g\u1ed3m: 1 g\u00f3i [&hellip;]<\/p>","protected":false},"featured_media":1308,"comment_status":"open","ping_status":"closed","template":"","meta":{"_acf_changed":false},"product_brand":[],"product_cat":[108],"product_tag":[],"class_list":{"0":"post-1287","1":"product","2":"type-product","3":"status-publish","4":"has-post-thumbnail","6":"product_cat-thuc-pham-chuc-nang","8":"first","9":"instock","10":"shipping-taxable","11":"purchasable","12":"product-type-simple"},"acf":[],"_links":{"self":[{"href":"https:\/\/atlanticmedical.vn\/en\/wp-json\/wp\/v2\/product\/1287","targetHints":{"allow":["GET"]}}],"collection":[{"href":"https:\/\/atlanticmedical.vn\/en\/wp-json\/wp\/v2\/product"}],"about":[{"href":"https:\/\/atlanticmedical.vn\/en\/wp-json\/wp\/v2\/types\/product"}],"replies":[{"embeddable":true,"href":"https:\/\/atlanticmedical.vn\/en\/wp-json\/wp\/v2\/comments?post=1287"}],"wp:featuredmedia":[{"embeddable":true,"href":"https:\/\/atlanticmedical.vn\/en\/wp-json\/wp\/v2\/media\/1308"}],"wp:attachment":[{"href":"https:\/\/atlanticmedical.vn\/en\/wp-json\/wp\/v2\/media?parent=1287"}],"wp:term":[{"taxonomy":"product_brand","embeddable":true,"href":"https:\/\/atlanticmedical.vn\/en\/wp-json\/wp\/v2\/product_brand?post=1287"},{"taxonomy":"product_cat","embeddable":true,"href":"https:\/\/atlanticmedical.vn\/en\/wp-json\/wp\/v2\/product_cat?post=1287"},{"taxonomy":"product_tag","embeddable":true,"href":"https:\/\/atlanticmedical.vn\/en\/wp-json\/wp\/v2\/product_tag?post=1287"}],"curies":[{"name":"wp","href":"https:\/\/api.w.org\/{rel}","templated":true}]}}