{"id":1286,"date":"2026-03-23T09:24:01","date_gmt":"2026-03-23T02:24:01","guid":{"rendered":"https:\/\/atlanticmedical.vn\/?post_type=product&#038;p=1286"},"modified":"2026-03-23T09:24:01","modified_gmt":"2026-03-23T02:24:01","slug":"neobiolina-dau-massage-chong-ran-cho-me-bau-diu-nhe-cho-tre-so-sinh","status":"publish","type":"product","link":"https:\/\/atlanticmedical.vn\/en\/product\/neobiolina-dau-massage-chong-ran-cho-me-bau-diu-nhe-cho-tre-so-sinh\/","title":{"rendered":"NEOBIOLINA D\u1ea7u Massage Ch\u1ed1ng R\u1ea1n Cho M\u1eb9 B\u1ea7u D\u1ecbu Nh\u1eb9 Cho Tr\u1ebb S\u01a1 Sinh"},"content":{"rendered":"<p class=\"QN2lPu\">Tinh D\u1ea7u massage Nebiolina &#8211; Ch\u1ed1ng R\u1ea1n Cho M\u1eb9 B\u1ea7u, D\u1ecbu Nh\u1eb9 Cho Tr\u1ebb S\u01a1 Sinh Chai 100ML<\/p>\n<p class=\"QN2lPu\">\n<p class=\"QN2lPu\">1. TH\u00d4NG TIN S\u1ea2N PH\u1ea8M<\/p>\n<p class=\"QN2lPu\">&#8211; T\u00ean s\u1ea3n ph\u1ea9m: D\u1ea6U MASSAGE NEBIOLINA<\/p>\n<p class=\"QN2lPu\">&#8211; Th\u01b0\u01a1ng hi\u1ec7u : NeBiolina<\/p>\n<p class=\"QN2lPu\">&#8211; Xu\u1ea5t X\u1ee9: Italia<\/p>\n<p class=\"QN2lPu\">&#8211; Quy c\u00e1ch: L\u1ecd 100ml<\/p>\n<p class=\"QN2lPu\">&#8211; HSD: 3 n\u0103m k\u1ec3 t\u1eeb ng\u00e0y s\u1ea3n xu\u1ea5t<\/p>\n<p class=\"QN2lPu\">\n<p class=\"QN2lPu\">2. \u0110\u1eb6C \u0110I\u1ec2M N\u1ed4I B\u1eacT<\/p>\n<p class=\"QN2lPu\">&#8211; Chi\u1ebft su\u1ea5t 100% t\u1eeb y\u1ebfn m\u1ea1ch h\u1eefu c\u01a1, \u0111\u00e3 \u0111\u01b0\u1ee3c th\u1eed nghi\u1ec7m l\u00e2m s\u00e0ng tr\u00ean l\u00e0n da nh\u1ea1y c\u1ea3m nh\u1ea5t.<\/p>\n<p class=\"QN2lPu\">&#8211; Tinh ch\u1ea5t d\u1ea7u y\u1ebfn m\u1ea1ch ch\u1ee9a vitamin E, Omega 3, Omega 6 r\u1ea5t gi\u00e0u ch\u1ea5t ch\u1ed1ng oxy h\u00f3a gi\u00fap t\u0103ng \u0111\u1ed9 \u1ea9m, \u0111\u1ed9 \u0111\u00e0n h\u1ed3i v\u00e0 t\u1ea1o l\u1edbp m\u00e0ng b\u1ea3o v\u1ec7 cho l\u00e0n da. V\u1edbi c\u01a1 ch\u1ebf th\u1ea9m th\u1ea5u nhanh, kh\u00f4ng g\u00e2y b\u1ebft d\u00ednh k\u1ebft h\u1ee3p v\u1edbi h\u01b0\u01a1ng th\u01a1m t\u1ef1 nhi\u00ean d\u1ecbu nh\u1eb9 mang l\u1ea1i c\u1ea3m<\/p>\n<p class=\"QN2lPu\">gi\u00e1c th\u01b0 th\u00e1i, d\u1ec5 ch\u1ecbu khi massage.<\/p>\n<p class=\"QN2lPu\">&#8211; \u0110\u1ea1t c\u00e1c ch\u1ee9ng nh\u1eadn h\u00e0ng \u0111\u1ea7u Ch\u00e2u \u00c2u v\u1ec1 ch\u1ea5t l\u01b0\u1ee3ng nh\u01b0: Ch\u1ee9ng ch\u1eadn s\u1ea3n ph\u1ea9m h\u1eefu c\u01a1 ICEA, th\u1ef1c<\/p>\n<p class=\"QN2lPu\">ph\u1ea9m thu\u1ea7n chay\u2026<\/p>\n<p class=\"QN2lPu\">&#8211; Chi\u1ebft su\u1ea5t 100% t\u1eeb y\u1ebfn m\u1ea1ch h\u1eefu c\u01a1, \u0111\u00e3 \u0111\u01b0\u1ee3c th\u1eed nghi\u1ec7m l\u00e2m s\u00e0ng tr\u00ean l\u00e0n da nh\u1ea1y c\u1ea3m nh\u1ea5t.<\/p>","protected":false},"excerpt":{"rendered":"<p>Tinh D\u1ea7u massage Nebiolina &#8211; Ch\u1ed1ng R\u1ea1n Cho M\u1eb9 B\u1ea7u, D\u1ecbu Nh\u1eb9 Cho Tr\u1ebb S\u01a1 Sinh Chai 100ML 1. TH\u00d4NG TIN S\u1ea2N PH\u1ea8M &#8211; T\u00ean s\u1ea3n ph\u1ea9m: D\u1ea6U MASSAGE NEBIOLINA &#8211; Th\u01b0\u01a1ng hi\u1ec7u : NeBiolina &#8211; Xu\u1ea5t X\u1ee9: Italia &#8211; Quy c\u00e1ch: L\u1ecd 100ml &#8211; HSD: 3 n\u0103m k\u1ec3 t\u1eeb ng\u00e0y s\u1ea3n xu\u1ea5t 2. \u0110\u1eb6C [&hellip;]<\/p>","protected":false},"featured_media":1293,"comment_status":"open","ping_status":"closed","template":"","meta":{"_acf_changed":false},"product_brand":[],"product_cat":[108],"product_tag":[],"class_list":{"0":"post-1286","1":"product","2":"type-product","3":"status-publish","4":"has-post-thumbnail","6":"product_cat-thuc-pham-chuc-nang","8":"first","9":"instock","10":"shipping-taxable","11":"purchasable","12":"product-type-simple"},"acf":[],"_links":{"self":[{"href":"https:\/\/atlanticmedical.vn\/en\/wp-json\/wp\/v2\/product\/1286","targetHints":{"allow":["GET"]}}],"collection":[{"href":"https:\/\/atlanticmedical.vn\/en\/wp-json\/wp\/v2\/product"}],"about":[{"href":"https:\/\/atlanticmedical.vn\/en\/wp-json\/wp\/v2\/types\/product"}],"replies":[{"embeddable":true,"href":"https:\/\/atlanticmedical.vn\/en\/wp-json\/wp\/v2\/comments?post=1286"}],"wp:featuredmedia":[{"embeddable":true,"href":"https:\/\/atlanticmedical.vn\/en\/wp-json\/wp\/v2\/media\/1293"}],"wp:attachment":[{"href":"https:\/\/atlanticmedical.vn\/en\/wp-json\/wp\/v2\/media?parent=1286"}],"wp:term":[{"taxonomy":"product_brand","embeddable":true,"href":"https:\/\/atlanticmedical.vn\/en\/wp-json\/wp\/v2\/product_brand?post=1286"},{"taxonomy":"product_cat","embeddable":true,"href":"https:\/\/atlanticmedical.vn\/en\/wp-json\/wp\/v2\/product_cat?post=1286"},{"taxonomy":"product_tag","embeddable":true,"href":"https:\/\/atlanticmedical.vn\/en\/wp-json\/wp\/v2\/product_tag?post=1286"}],"curies":[{"name":"wp","href":"https:\/\/api.w.org\/{rel}","templated":true}]}}