{"id":1268,"date":"2026-03-23T09:17:03","date_gmt":"2026-03-23T02:17:03","guid":{"rendered":"https:\/\/atlanticmedical.vn\/?post_type=product&#038;p=1268"},"modified":"2026-03-23T09:24:54","modified_gmt":"2026-03-23T02:24:54","slug":"imunski-siro-tang-de-khang-hieu-qua-cho-be","status":"publish","type":"product","link":"https:\/\/atlanticmedical.vn\/en\/product\/imunski-siro-tang-de-khang-hieu-qua-cho-be\/","title":{"rendered":"IMUNSKI &#8211; Siro T\u0103ng \u0110\u1ec1 Kh\u00e1ng Hi\u1ec7u Qu\u1ea3 Cho B\u00e9"},"content":{"rendered":"<p class=\"QN2lPu\">Siro T\u0103ng \u0110\u1ec1 Kh\u00e1ng Cho B\u00e9 IMUNSKI H\u1ed7 Tr\u1ee3 Mi\u1ec5n D\u1ecbch Nh\u1eadp Kh\u1ea9u Ch\u00e2u \u00c2u Th\u01a1m Ngon D\u1ec5 U\u1ed1ng L\u1ecd 120ml<\/p>\n<p class=\"QN2lPu\">1. TH\u00d4NG TIN S\u1ea2N PH\u1ea8M<\/p>\n<p class=\"QN2lPu\">-T\u00ean s\u1ea3n ph\u1ea9m: Imuski<\/p>\n<p class=\"QN2lPu\">&#8211; Th\u01b0\u01a1ng hi\u1ec7u: Imochild<\/p>\n<p class=\"QN2lPu\">&#8211; Xu\u1ea5t X\u1ee9: Slovenia<\/p>\n<p class=\"QN2lPu\">&#8211; Quy c\u00e1ch: H\u1ed9p 1 l\u1ecd 120ml<\/p>\n<p class=\"QN2lPu\">&#8211; HSD: 2 n\u0103m k\u1ec3 t\u1eeb ng\u00e0y s\u1ea3n xu\u1ea5t<\/p>\n<p class=\"QN2lPu\">2, \u0110\u1eb6C \u0110I\u1ec2M N\u1ed4I B\u1eacT<\/p>\n<p class=\"QN2lPu\">B\u1ed5 sung Epicor\u00ae (s\u1ea3n ph\u1ea9m l\u00ean men t\u1eeb n\u1ea5m men Saccharomyces cerevisiae), k\u1ebdm v\u00e0 Vitamin D3 cho c\u01a1 th\u1ec3 do \u0111\u00f3\u00b7<\/p>\n<p class=\"QN2lPu\">&#8211; Siro T\u0103ng \u0110\u1ec1 Kh\u00e1ng Cho B\u00e9 IMUNSKI gi\u00fap t\u0103ng c\u01b0\u1eddng s\u1ee9c \u0111\u1ec1 kh\u00e1ng.<\/p>\n<p class=\"QN2lPu\">&#8211; Siro T\u0103ng \u0110\u1ec1 Kh\u00e1ng Cho B\u00e9 IMUNSKI gi\u00fap gi\u1ea3m t\u1ef7 l\u1ec7, th\u1eddi gian m\u1eafc v\u00e0 tri\u1ec7u ch\u1ee9ng b\u1ec7nh c\u1ea3m, h\u00f4 h\u1ea5p<\/p>\n<p class=\"QN2lPu\">&#8211; Siro T\u0103ng \u0110\u1ec1 Kh\u00e1ng Cho B\u00e9 IMUNSKI gi\u00fap \u0111i\u1ec1u ho\u00e0 c\u00e1c ph\u1ea3n \u1ee9ng mi\u1ec5n d\u1ecbch qu\u00e1 m\u1eabn, gi\u1ea3m d\u1ecb \u1ee9ng<\/p>\n<p class=\"QN2lPu\">&#8211; Siro T\u0103ng \u0110\u1ec1 Kh\u00e1ng Cho B\u00e9 IMUNSKI h\u1ed7 tr\u1ee3 ti\u00eau ho\u00e1, c\u1ea3i thi\u1ec7n t\u00e1o b\u00f3n, c\u00e2n b\u1eb1ng h\u1ec7 vi sinh \u0111\u01b0\u1eddng ru\u1ed9t<\/p>","protected":false},"excerpt":{"rendered":"<p>Siro T\u0103ng \u0110\u1ec1 Kh\u00e1ng Cho B\u00e9 IMUNSKI H\u1ed7 Tr\u1ee3 Mi\u1ec5n D\u1ecbch Nh\u1eadp Kh\u1ea9u Ch\u00e2u \u00c2u Th\u01a1m Ngon D\u1ec5 U\u1ed1ng L\u1ecd 120ml 1. TH\u00d4NG TIN S\u1ea2N PH\u1ea8M -T\u00ean s\u1ea3n ph\u1ea9m: Imuski &#8211; Th\u01b0\u01a1ng hi\u1ec7u: Imochild &#8211; Xu\u1ea5t X\u1ee9: Slovenia &#8211; Quy c\u00e1ch: H\u1ed9p 1 l\u1ecd 120ml &#8211; HSD: 2 n\u0103m k\u1ec3 t\u1eeb ng\u00e0y s\u1ea3n xu\u1ea5t 2, [&hellip;]<\/p>","protected":false},"featured_media":1285,"comment_status":"open","ping_status":"closed","template":"","meta":{"_acf_changed":false},"product_brand":[],"product_cat":[108],"product_tag":[],"class_list":{"0":"post-1268","1":"product","2":"type-product","3":"status-publish","4":"has-post-thumbnail","6":"product_cat-thuc-pham-chuc-nang","8":"first","9":"instock","10":"shipping-taxable","11":"purchasable","12":"product-type-simple"},"acf":[],"_links":{"self":[{"href":"https:\/\/atlanticmedical.vn\/en\/wp-json\/wp\/v2\/product\/1268","targetHints":{"allow":["GET"]}}],"collection":[{"href":"https:\/\/atlanticmedical.vn\/en\/wp-json\/wp\/v2\/product"}],"about":[{"href":"https:\/\/atlanticmedical.vn\/en\/wp-json\/wp\/v2\/types\/product"}],"replies":[{"embeddable":true,"href":"https:\/\/atlanticmedical.vn\/en\/wp-json\/wp\/v2\/comments?post=1268"}],"wp:featuredmedia":[{"embeddable":true,"href":"https:\/\/atlanticmedical.vn\/en\/wp-json\/wp\/v2\/media\/1285"}],"wp:attachment":[{"href":"https:\/\/atlanticmedical.vn\/en\/wp-json\/wp\/v2\/media?parent=1268"}],"wp:term":[{"taxonomy":"product_brand","embeddable":true,"href":"https:\/\/atlanticmedical.vn\/en\/wp-json\/wp\/v2\/product_brand?post=1268"},{"taxonomy":"product_cat","embeddable":true,"href":"https:\/\/atlanticmedical.vn\/en\/wp-json\/wp\/v2\/product_cat?post=1268"},{"taxonomy":"product_tag","embeddable":true,"href":"https:\/\/atlanticmedical.vn\/en\/wp-json\/wp\/v2\/product_tag?post=1268"}],"curies":[{"name":"wp","href":"https:\/\/api.w.org\/{rel}","templated":true}]}}