{"id":1258,"date":"2026-03-23T09:10:25","date_gmt":"2026-03-23T02:10:25","guid":{"rendered":"https:\/\/atlanticmedical.vn\/?post_type=product&#038;p=1258"},"modified":"2026-03-23T09:25:14","modified_gmt":"2026-03-23T02:25:14","slug":"imochild-feron-siro-sat-huu-co-cho-be-tu-so-sinh","status":"publish","type":"product","link":"https:\/\/atlanticmedical.vn\/en\/product\/imochild-feron-siro-sat-huu-co-cho-be-tu-so-sinh\/","title":{"rendered":"IMOCHILD FERON &#8211; Siro S\u1eaft H\u1eefu C\u01a1 Cho B\u00e9 T\u1eeb S\u01a1 Sinh"},"content":{"rendered":"<p class=\"QN2lPu\">Siro S\u1eaft H\u1eefu C\u01a1 Imochild FERON V\u1ecb Chanh B\u1ed5 Sung S\u1eaft Amin Vitamin B6 B9 B12 Cho B\u00e9 Kh\u1ecfe M\u1ea1nh L\u1ecd 30ml<\/p>\n<p class=\"QN2lPu\">1. TH\u00d4NG TIN S\u1ea2N PH\u1ea8M<\/p>\n<p class=\"QN2lPu\">&#8211; T\u00ean s\u1ea3n ph\u1ea9m: IMOCHILD FERON<\/p>\n<p class=\"QN2lPu\">&#8211; Th\u01b0\u01a1ng hi\u1ec7u: Imochild<\/p>\n<p class=\"QN2lPu\">&#8211; Xu\u1ea5t X\u1ee9: Italia<\/p>\n<p class=\"QN2lPu\">&#8211; Quy c\u00e1ch: H\u1ed9p 1 l\u1ecd 30ml<\/p>\n<p class=\"QN2lPu\">&#8211; HSD: 3 n\u0103m k\u1ec3 t\u1eeb ng\u00e0y s\u1ea3n xu\u1ea5t<\/p>\n<p class=\"QN2lPu\">2. \u0110\u1eb6C \u0110I\u1ec2M N\u1ed4I B\u1eacT<\/p>\n<p class=\"QN2lPu\">&#8211; Siro s\u1eaft h\u1eefu c\u01a1 Imochild Feron b\u1ed5 sung s\u1eaft bisglycinate d\u1ec5 h\u1ea5p thu c\u00f9ng axit folic v\u00e0 c\u00e1c vitamin nh\u00f3m B gi\u00fap t\u1ed1i \u01b0u qu\u00e1 tr\u00ecnh t\u1ea1o h\u1ed3ng c\u1ea7u<\/p>\n<p class=\"QN2lPu\">&#8211; Siro s\u1eaft h\u1eefu c\u01a1 Imochild Feron ch\u1ee9a h\u00e0m l\u01b0\u1ee3ng s\u1eaft cao 30mg\/2ml, s\u1ed1 th\u1ec3 t\u00edch m\u1ed7i l\u1ea7n u\u1ed1ng nh\u1ecf gi\u00fap b\u00e9 d\u1ec5 h\u1ee3p t\u00e1c d\u00f9ng s\u1ea3n ph\u1ea9m h\u01a1n<\/p>\n<p class=\"QN2lPu\">&#8211; Siro s\u1eaft h\u1eefu c\u01a1 Imochild Feron \u0111\u01b0\u1ee3c b\u00e0o ch\u1ebf v\u1edbi h\u01b0\u01a1ng chanh, v\u1ecb ng\u1ecdt ph\u00f9 h\u1ee3p v\u1edbi tr\u1ebb s\u01a1 sinh, tr\u1ebb nh\u1ecf<\/p>\n<p class=\"QN2lPu\">&#8211; Siro s\u1eaft h\u1eefu c\u01a1 Imochild Feron \u0111\u01b0\u1ee3c thi\u1ebft k\u1ebf d\u1ea1ng nh\u1ecf gi\u1ecdt ti\u1ec7n d\u00f9ng<\/p>\n<p class=\"QN2lPu\">&#8211; Siro s\u1eaft h\u1eefu c\u01a1 Imochild Feron nh\u1eadp kh\u1ea9u ch\u00ednh h\u00e3ng, 100% ho\u00e1 \u0111\u01a1n VAT<\/p>","protected":false},"excerpt":{"rendered":"<p>Siro S\u1eaft H\u1eefu C\u01a1 Imochild FERON V\u1ecb Chanh B\u1ed5 Sung S\u1eaft Amin Vitamin B6 B9 B12 Cho B\u00e9 Kh\u1ecfe M\u1ea1nh L\u1ecd 30ml 1. TH\u00d4NG TIN S\u1ea2N PH\u1ea8M &#8211; T\u00ean s\u1ea3n ph\u1ea9m: IMOCHILD FERON &#8211; Th\u01b0\u01a1ng hi\u1ec7u: Imochild &#8211; Xu\u1ea5t X\u1ee9: Italia &#8211; Quy c\u00e1ch: H\u1ed9p 1 l\u1ecd 30ml &#8211; HSD: 3 n\u0103m k\u1ec3 t\u1eeb ng\u00e0y [&hellip;]<\/p>","protected":false},"featured_media":1267,"comment_status":"open","ping_status":"closed","template":"","meta":{"_acf_changed":false},"product_brand":[],"product_cat":[108],"product_tag":[],"class_list":{"0":"post-1258","1":"product","2":"type-product","3":"status-publish","4":"has-post-thumbnail","6":"product_cat-thuc-pham-chuc-nang","8":"first","9":"instock","10":"shipping-taxable","11":"purchasable","12":"product-type-simple"},"acf":[],"_links":{"self":[{"href":"https:\/\/atlanticmedical.vn\/en\/wp-json\/wp\/v2\/product\/1258","targetHints":{"allow":["GET"]}}],"collection":[{"href":"https:\/\/atlanticmedical.vn\/en\/wp-json\/wp\/v2\/product"}],"about":[{"href":"https:\/\/atlanticmedical.vn\/en\/wp-json\/wp\/v2\/types\/product"}],"replies":[{"embeddable":true,"href":"https:\/\/atlanticmedical.vn\/en\/wp-json\/wp\/v2\/comments?post=1258"}],"wp:featuredmedia":[{"embeddable":true,"href":"https:\/\/atlanticmedical.vn\/en\/wp-json\/wp\/v2\/media\/1267"}],"wp:attachment":[{"href":"https:\/\/atlanticmedical.vn\/en\/wp-json\/wp\/v2\/media?parent=1258"}],"wp:term":[{"taxonomy":"product_brand","embeddable":true,"href":"https:\/\/atlanticmedical.vn\/en\/wp-json\/wp\/v2\/product_brand?post=1258"},{"taxonomy":"product_cat","embeddable":true,"href":"https:\/\/atlanticmedical.vn\/en\/wp-json\/wp\/v2\/product_cat?post=1258"},{"taxonomy":"product_tag","embeddable":true,"href":"https:\/\/atlanticmedical.vn\/en\/wp-json\/wp\/v2\/product_tag?post=1258"}],"curies":[{"name":"wp","href":"https:\/\/api.w.org\/{rel}","templated":true}]}}