{"id":1254,"date":"2026-03-23T09:07:38","date_gmt":"2026-03-23T02:07:38","guid":{"rendered":"https:\/\/atlanticmedical.vn\/?post_type=product&#038;p=1254"},"modified":"2026-03-23T09:16:46","modified_gmt":"2026-03-23T02:16:46","slug":"bioamicus-vitamin-d3k2-be-cao-lon-khoe-manh","status":"publish","type":"product","link":"https:\/\/atlanticmedical.vn\/en\/product\/bioamicus-vitamin-d3k2-be-cao-lon-khoe-manh\/","title":{"rendered":"BIOAMICUS VITAMIN D3K2 &#8211; B\u00e9 Cao L\u1edbn Kho\u1ebb M\u1ea1nh"},"content":{"rendered":"<p>BioAmicus Vitamin D3K2 MK7 H\u1ed7 Tr\u1ee3 B\u00e9 Cao L\u1edbn Kh\u1ecfe M\u1ea1nh L\u1ecd 10ml<\/p>\n<p>&nbsp;<\/p>\n<p>1. TH\u00d4NG TIN S\u1ea2N PH\u1ea8M<\/p>\n<p>&#8211; T\u00ean s\u1ea3n ph\u1ea9m: BioAmicus Vitamin D3K2<\/p>\n<p>&#8211; Th\u01b0\u01a1ng hi\u1ec7u: BioAmicus<\/p>\n<p>&#8211; Xu\u1ea5t X\u1ee9: Canada<\/p>\n<p>&#8211; Quy c\u00e1ch: L\u1ecd 10ml t\u01b0\u01a1ng \u1ee9ng v\u1edbi 360 gi\u1ecdt<\/p>\n<p>&#8211; HSD: 3 n\u0103m k\u1ec3 t\u1eeb ng\u00e0y s\u1ea3n xu\u1ea5t<\/p>\n<p>&nbsp;<\/p>\n<p>2. \u0110\u1eb6C \u0110I\u1ec2M N\u1ed4I B\u1eacT<\/p>\n<p>&#8211; K\u1ebft h\u1ee3p vitamin D3 v\u00e0 vitamin K2-MK7 chu\u1ea9n h\u00e0m l\u01b0\u1ee3ng gi\u00fap t\u0103ng c\u01b0\u1eddng h\u1ea5p thu canxi gi\u00fap ph\u00e1t tri\u1ec3n x\u01b0\u01a1ng, r\u0103ng<\/p>\n<p>&#8211; Vitamin K2-MK7 \u0111\u1ebfn t\u1eeb nh\u00e3n h\u00e0ng K2vital \u0111\u01b0\u1ee3c bi\u1ebft \u0111\u1ebfn v\u1edbi \u0111\u1ed9 tinh khi\u1ebft 99.7%<\/p>\n<p>&#8211; An to\u00e0n cho tr\u1ebb s\u01a1 sinh v\u00e0 tr\u1ebb nh\u1ecf: kh\u00f4ng m\u00e0u, kh\u00f4ng m\u00f9i, kh\u00f4ng v\u1ecb, kh\u00f4ng ch\u1ea5t bi\u1ec3n \u0111\u1ed5i gen, kh\u00f4ng ch\u1ea5t g\u00e2y d\u1ecb \u1ee9ng<\/p>\n<p>&#8211; S\u1ea3n ph\u1ea9m nh\u1eadp kh\u1ea9u ch\u00ednh h\u00e3ng t\u1eeb Canada<\/p>","protected":false},"excerpt":{"rendered":"<p>BioAmicus Vitamin D3K2 MK7 H\u1ed7 Tr\u1ee3 B\u00e9 Cao L\u1edbn Kh\u1ecfe M\u1ea1nh L\u1ecd 10ml &nbsp; 1. TH\u00d4NG TIN S\u1ea2N PH\u1ea8M &#8211; T\u00ean s\u1ea3n ph\u1ea9m: BioAmicus Vitamin D3K2 &#8211; Th\u01b0\u01a1ng hi\u1ec7u: BioAmicus &#8211; Xu\u1ea5t X\u1ee9: Canada &#8211; Quy c\u00e1ch: L\u1ecd 10ml t\u01b0\u01a1ng \u1ee9ng v\u1edbi 360 gi\u1ecdt &#8211; HSD: 3 n\u0103m k\u1ec3 t\u1eeb ng\u00e0y s\u1ea3n xu\u1ea5t &nbsp; 2. [&hellip;]<\/p>","protected":false},"featured_media":1274,"comment_status":"open","ping_status":"closed","template":"","meta":{"_acf_changed":false},"product_brand":[],"product_cat":[108],"product_tag":[],"class_list":{"0":"post-1254","1":"product","2":"type-product","3":"status-publish","4":"has-post-thumbnail","6":"product_cat-thuc-pham-chuc-nang","8":"first","9":"instock","10":"shipping-taxable","11":"purchasable","12":"product-type-simple"},"acf":[],"_links":{"self":[{"href":"https:\/\/atlanticmedical.vn\/en\/wp-json\/wp\/v2\/product\/1254","targetHints":{"allow":["GET"]}}],"collection":[{"href":"https:\/\/atlanticmedical.vn\/en\/wp-json\/wp\/v2\/product"}],"about":[{"href":"https:\/\/atlanticmedical.vn\/en\/wp-json\/wp\/v2\/types\/product"}],"replies":[{"embeddable":true,"href":"https:\/\/atlanticmedical.vn\/en\/wp-json\/wp\/v2\/comments?post=1254"}],"wp:featuredmedia":[{"embeddable":true,"href":"https:\/\/atlanticmedical.vn\/en\/wp-json\/wp\/v2\/media\/1274"}],"wp:attachment":[{"href":"https:\/\/atlanticmedical.vn\/en\/wp-json\/wp\/v2\/media?parent=1254"}],"wp:term":[{"taxonomy":"product_brand","embeddable":true,"href":"https:\/\/atlanticmedical.vn\/en\/wp-json\/wp\/v2\/product_brand?post=1254"},{"taxonomy":"product_cat","embeddable":true,"href":"https:\/\/atlanticmedical.vn\/en\/wp-json\/wp\/v2\/product_cat?post=1254"},{"taxonomy":"product_tag","embeddable":true,"href":"https:\/\/atlanticmedical.vn\/en\/wp-json\/wp\/v2\/product_tag?post=1254"}],"curies":[{"name":"wp","href":"https:\/\/api.w.org\/{rel}","templated":true}]}}