{"id":1235,"date":"2026-03-23T08:59:39","date_gmt":"2026-03-23T01:59:39","guid":{"rendered":"https:\/\/atlanticmedical.vn\/?post_type=product&#038;p=1235"},"modified":"2026-03-23T09:01:40","modified_gmt":"2026-03-23T02:01:40","slug":"ferrolip-baby-siro-sat-huu-co-cho-be-tu-so-sinh","status":"publish","type":"product","link":"https:\/\/atlanticmedical.vn\/en\/product\/ferrolip-baby-siro-sat-huu-co-cho-be-tu-so-sinh\/","title":{"rendered":"FERROLIP baby &#8211; Siro S\u1eaft H\u1eefu C\u01a1 Cho B\u00e9 T\u1eeb S\u01a1 Sinh"},"content":{"rendered":"<p class=\"QN2lPu\">Siro FERROLIP BABY B\u1ed5 Sung S\u1eaft Amin H\u1eefu C\u01a1, Th\u01a1m Ngon Cho B\u00e9 Kh\u1ecfe M\u1ea1nh L\u1ecd 30ml<\/p>\n<p class=\"QN2lPu\">1. TH\u00d4NG TIN S\u1ea2N PH\u1ea8M<\/p>\n<p class=\"QN2lPu\">&#8211; T\u00ean s\u1ea3n ph\u1ea9m: FERROLIP BABY<\/p>\n<p class=\"QN2lPu\">&#8211; Th\u01b0\u01a1ng hi\u1ec7u : Ferrolip<\/p>\n<p class=\"QN2lPu\">&#8211; Xu\u1ea5t X\u1ee9: Italia<\/p>\n<p class=\"QN2lPu\">&#8211; Quy c\u00e1ch: H\u1ed9p 1 l\u1ecd 30ml<\/p>\n<p class=\"QN2lPu\">&#8211; HSD: 3 n\u0103m k\u1ec3 t\u1eeb ng\u00e0y s\u1ea3n xu\u1ea5t<\/p>\n<p class=\"QN2lPu\">2. \u0110\u1eb6C \u0110I\u1ec2M N\u1ed4I B\u1eacT<\/p>\n<p class=\"QN2lPu\">&#8211; S\u1eaft bisglycinate &#8211; S\u1eaft h\u1eefu c\u01a1 th\u1ebf h\u1ec7 m\u1edbi gi\u00fap d\u1ec5 h\u1ea5p thu<\/p>\n<p class=\"QN2lPu\">&#8211; \u00cdt g\u00e2y t\u00e1o b\u00f3n, n\u00f3ng trong<\/p>\n<p class=\"QN2lPu\">&#8211; C\u00f3 th\u1ec3 d\u00f9ng \u0111\u01b0\u1ee3c v\u1edbi c\u1ea3 tr\u1ebb s\u01a1 sinh v\u00e0 tr\u1ebb kh\u00f4ng dung n\u1ea1p lactose<\/p>\n<p class=\"QN2lPu\">&#8211; D\u1ea1ng nh\u1ecf gi\u1ecdt, \u1ed1ng chia li\u1ec1u ch\u00ednh x\u00e1c<\/p>\n<p class=\"QN2lPu\">&#8211; V\u1ecb ng\u1ecdt, h\u01b0\u01a1ng \u0111\u00e0o th\u01a1m ngon che gi\u1ea5u m\u00f9i tanh c\u1ee7a s\u1eaft<\/p>","protected":false},"excerpt":{"rendered":"<p>Siro FERROLIP BABY B\u1ed5 Sung S\u1eaft Amin H\u1eefu C\u01a1, Th\u01a1m Ngon Cho B\u00e9 Kh\u1ecfe M\u1ea1nh L\u1ecd 30ml 1. TH\u00d4NG TIN S\u1ea2N PH\u1ea8M &#8211; T\u00ean s\u1ea3n ph\u1ea9m: FERROLIP BABY &#8211; Th\u01b0\u01a1ng hi\u1ec7u : Ferrolip &#8211; Xu\u1ea5t X\u1ee9: Italia &#8211; Quy c\u00e1ch: H\u1ed9p 1 l\u1ecd 30ml &#8211; HSD: 3 n\u0103m k\u1ec3 t\u1eeb ng\u00e0y s\u1ea3n xu\u1ea5t 2. \u0110\u1eb6C [&hellip;]<\/p>","protected":false},"featured_media":1253,"comment_status":"open","ping_status":"closed","template":"","meta":{"_acf_changed":false},"product_brand":[],"product_cat":[108],"product_tag":[],"class_list":{"0":"post-1235","1":"product","2":"type-product","3":"status-publish","4":"has-post-thumbnail","6":"product_cat-thuc-pham-chuc-nang","8":"first","9":"instock","10":"shipping-taxable","11":"purchasable","12":"product-type-simple"},"acf":[],"_links":{"self":[{"href":"https:\/\/atlanticmedical.vn\/en\/wp-json\/wp\/v2\/product\/1235","targetHints":{"allow":["GET"]}}],"collection":[{"href":"https:\/\/atlanticmedical.vn\/en\/wp-json\/wp\/v2\/product"}],"about":[{"href":"https:\/\/atlanticmedical.vn\/en\/wp-json\/wp\/v2\/types\/product"}],"replies":[{"embeddable":true,"href":"https:\/\/atlanticmedical.vn\/en\/wp-json\/wp\/v2\/comments?post=1235"}],"wp:featuredmedia":[{"embeddable":true,"href":"https:\/\/atlanticmedical.vn\/en\/wp-json\/wp\/v2\/media\/1253"}],"wp:attachment":[{"href":"https:\/\/atlanticmedical.vn\/en\/wp-json\/wp\/v2\/media?parent=1235"}],"wp:term":[{"taxonomy":"product_brand","embeddable":true,"href":"https:\/\/atlanticmedical.vn\/en\/wp-json\/wp\/v2\/product_brand?post=1235"},{"taxonomy":"product_cat","embeddable":true,"href":"https:\/\/atlanticmedical.vn\/en\/wp-json\/wp\/v2\/product_cat?post=1235"},{"taxonomy":"product_tag","embeddable":true,"href":"https:\/\/atlanticmedical.vn\/en\/wp-json\/wp\/v2\/product_tag?post=1235"}],"curies":[{"name":"wp","href":"https:\/\/api.w.org\/{rel}","templated":true}]}}