{"id":1210,"date":"2026-03-23T08:50:39","date_gmt":"2026-03-23T01:50:39","guid":{"rendered":"https:\/\/atlanticmedical.vn\/?post_type=product&#038;p=1210"},"modified":"2026-03-23T08:53:27","modified_gmt":"2026-03-23T01:53:27","slug":"biolizin-kem-huu-co-ho-tro-tre-an-ngon-khoe-manh","status":"publish","type":"product","link":"https:\/\/atlanticmedical.vn\/en\/product\/biolizin-kem-huu-co-ho-tro-tre-an-ngon-khoe-manh\/","title":{"rendered":"BIOLIZIN &#8211; K\u1ebdm H\u1eefu C\u01a1 H\u1ed7 Tr\u1ee3 Tr\u1ebb \u0102n Ngon Kho\u1ebb M\u1ea1nh"},"content":{"rendered":"<p class=\"QN2lPu\">Siro BIOLIZIN B\u1ed5 Sung K\u1ebdm H\u1ed7 Tr\u1ee3 Tr\u1ebb \u0102n Ngon Mi\u1ec7ng, Ph\u00e1t Tri\u1ec3n Th\u1ec3 Ch\u1ea5t, T\u0103ng S\u1ee9c \u0110\u1ec1 Kh\u00e1ng L\u1ecd 50ml<\/p>\n<p class=\"QN2lPu\">1. TH\u00d4NG TIN S\u1ea2N PH\u1ea8M<\/p>\n<p class=\"QN2lPu\">&#8211; T\u00ean s\u1ea3n ph\u1ea9m: Th\u1ef1c Ph\u1ea9m B\u1ed5 Sung Biolizin<\/p>\n<p class=\"QN2lPu\">&#8211; Th\u01b0\u01a1ng hi\u1ec7u: Biolizin<\/p>\n<p class=\"QN2lPu\">&#8211; Xu\u1ea5t X\u1ee9: T\u00e2y Ban Nha<\/p>\n<p class=\"QN2lPu\">&#8211; Quy c\u00e1ch: H\u1ed9p 1 l\u1ecd 50ml<\/p>\n<p class=\"QN2lPu\">&#8211; HSD: 3 n\u0103m k\u1ec3 t\u1eeb ng\u00e0y s\u1ea3n xu\u1ea5t<\/p>\n<p class=\"QN2lPu\">2. \u0110\u1eb6C \u0110I\u1ec2M N\u1ed4I B\u1eacT<\/p>\n<p class=\"QN2lPu\">&#8211; K\u1ebdm h\u1eefu c\u01a1 bisglycinate gi\u00fap c\u00f3 kh\u1ea3 n\u0103ng dung n\u1ea1p t\u1ed1t, sinh kh\u1ea3 d\u1ee5ng cao h\u01a1n k\u1ebdm gluconate<\/p>\n<p class=\"QN2lPu\">&#8211; B\u1ed9 ba vi ch\u1ea5t (k\u1ebdm, lysine, vitamin B6) h\u1ed7 tr\u1ee3 ph\u00e1t tri\u1ec3n th\u1ec3 ch\u1ea5t v\u00e0 \u0111\u1ec1 kh\u00e1ng cho tr\u1ebb<\/p>\n<p class=\"QN2lPu\">&#8211; V\u1ecb ng\u1ecdt, m\u00f9i \u0111\u00e0o th\u01a1m ngon, d\u1ec5 u\u1ed1ng<\/p>","protected":false},"excerpt":{"rendered":"<p>Siro BIOLIZIN B\u1ed5 Sung K\u1ebdm H\u1ed7 Tr\u1ee3 Tr\u1ebb \u0102n Ngon Mi\u1ec7ng, Ph\u00e1t Tri\u1ec3n Th\u1ec3 Ch\u1ea5t, T\u0103ng S\u1ee9c \u0110\u1ec1 Kh\u00e1ng L\u1ecd 50ml 1. TH\u00d4NG TIN S\u1ea2N PH\u1ea8M &#8211; T\u00ean s\u1ea3n ph\u1ea9m: Th\u1ef1c Ph\u1ea9m B\u1ed5 Sung Biolizin &#8211; Th\u01b0\u01a1ng hi\u1ec7u: Biolizin &#8211; Xu\u1ea5t X\u1ee9: T\u00e2y Ban Nha &#8211; Quy c\u00e1ch: H\u1ed9p 1 l\u1ecd 50ml &#8211; HSD: 3 [&hellip;]<\/p>","protected":false},"featured_media":1224,"comment_status":"open","ping_status":"closed","template":"","meta":{"_acf_changed":false},"product_brand":[],"product_cat":[108],"product_tag":[],"class_list":{"0":"post-1210","1":"product","2":"type-product","3":"status-publish","4":"has-post-thumbnail","6":"product_cat-thuc-pham-chuc-nang","8":"first","9":"instock","10":"shipping-taxable","11":"purchasable","12":"product-type-simple"},"acf":[],"_links":{"self":[{"href":"https:\/\/atlanticmedical.vn\/en\/wp-json\/wp\/v2\/product\/1210","targetHints":{"allow":["GET"]}}],"collection":[{"href":"https:\/\/atlanticmedical.vn\/en\/wp-json\/wp\/v2\/product"}],"about":[{"href":"https:\/\/atlanticmedical.vn\/en\/wp-json\/wp\/v2\/types\/product"}],"replies":[{"embeddable":true,"href":"https:\/\/atlanticmedical.vn\/en\/wp-json\/wp\/v2\/comments?post=1210"}],"wp:featuredmedia":[{"embeddable":true,"href":"https:\/\/atlanticmedical.vn\/en\/wp-json\/wp\/v2\/media\/1224"}],"wp:attachment":[{"href":"https:\/\/atlanticmedical.vn\/en\/wp-json\/wp\/v2\/media?parent=1210"}],"wp:term":[{"taxonomy":"product_brand","embeddable":true,"href":"https:\/\/atlanticmedical.vn\/en\/wp-json\/wp\/v2\/product_brand?post=1210"},{"taxonomy":"product_cat","embeddable":true,"href":"https:\/\/atlanticmedical.vn\/en\/wp-json\/wp\/v2\/product_cat?post=1210"},{"taxonomy":"product_tag","embeddable":true,"href":"https:\/\/atlanticmedical.vn\/en\/wp-json\/wp\/v2\/product_tag?post=1210"}],"curies":[{"name":"wp","href":"https:\/\/api.w.org\/{rel}","templated":true}]}}