{"id":1199,"date":"2026-03-23T08:24:45","date_gmt":"2026-03-23T01:24:45","guid":{"rendered":"https:\/\/atlanticmedical.vn\/?post_type=product&#038;p=1199"},"modified":"2026-03-23T08:44:52","modified_gmt":"2026-03-23T01:44:52","slug":"bioamicus-omega-3-dha-bo-sung-dha-cho-be-thong-minh-sang-mat","status":"publish","type":"product","link":"https:\/\/atlanticmedical.vn\/en\/product\/bioamicus-omega-3-dha-bo-sung-dha-cho-be-thong-minh-sang-mat\/","title":{"rendered":"BIOAMICUS OMEGA-3 DHA &#8211; B\u1ed5 Sung DHA Cho B\u00e9 Th\u00f4ng Minh S\u00e1ng M\u1eaft"},"content":{"rendered":"<p class=\"QN2lPu\">BioAmicus Omega 3 B\u1ed5 Sung DHA Gi\u00fap B\u00e9 Th\u00f4ng Minh, S\u00e1ng M\u1eaft, V\u1ecb Ngon T\u1ef1 Nhi\u00ean Kh\u00f4ng Tanh 30ml<\/p>\n<p class=\"QN2lPu\">1. TH\u00d4NG TIN S\u1ea2N PH\u1ea8M<\/p>\n<p class=\"QN2lPu\">&#8211; T\u00ean s\u1ea3n ph\u1ea9m: BioAmicus Omega 3<\/p>\n<p class=\"QN2lPu\">&#8211; Th\u01b0\u01a1ng hi\u1ec7u : BioAmicus<\/p>\n<p class=\"QN2lPu\">&#8211; Xu\u1ea5t X\u1ee9: Canada<\/p>\n<p class=\"QN2lPu\">&#8211; Quy c\u00e1ch: L\u1ecd 30ml t\u01b0\u01a1ng \u1ee9ng v\u1edbi 60 li\u1ec1u<\/p>\n<p class=\"QN2lPu\">&#8211; HSD: 2 n\u0103m k\u1ec3 t\u1eeb ng\u00e0y s\u1ea3n xu\u1ea5t<\/p>\n<p class=\"QN2lPu\">2. \u0110\u1eb6C \u0110I\u1ec2M N\u1ed4I B\u1eacT<\/p>\n<p class=\"QN2lPu\">&#8211; S\u1ea3n ph\u1ea9m \u0111\u01b0\u1ee3c s\u1ea3n xu\u1ea5t t\u1eeb ngu\u1ed3n Omega-3 tinh khi\u1ebft t\u1eeb Epax (NaUy) \u0111\u01b0\u1ee3c bi\u1ebft \u0111\u1ebfn \u0111\u00e3 lo\u1ea1i b\u1ecf \u0111\u01b0\u1ee3c c\u00e1c \u0111\u1ed9c t\u1ed1 kim lo\u1ea1i n\u1eb7ng<\/p>\n<p class=\"QN2lPu\">&#8211; Omega-3 \u1edf d\u1ea1ng triglyceride v\u1edbi h\u00e0m l\u01b0\u1ee3ng cao, h\u1ea5p thu d\u1ec5 d\u00e0ng<\/p>\n<p class=\"QN2lPu\">&#8211; S\u1ea3n ph\u1ea9m kh\u00f4ng tanh, v\u1ecb ng\u1ecdt nh\u1eb9 t\u1eeb qu\u1ea3 la h\u00e1n, h\u01b0\u01a1ng cam t\u1ef1 nhi\u00ean d\u1ec5 u\u1ed1ng<\/p>\n<p class=\"QN2lPu\">&#8211; S\u1eed d\u1ee5ng \u0111\u01b0\u1ee3c cho tr\u1ebb t\u1eeb s\u01a1.sinh (kh\u00f4ng ch\u1ee9a ch\u1ea5t g\u00e2y d\u1ecb \u1ee9ng, kh\u00f4ng bi\u1ebfn \u0111\u1ed5i gen)<\/p>\n<p class=\"QN2lPu\">&#8211; S\u1ea3n ph\u1ea9m s\u1ea3n xu\u1ea5t tr\u00ean d\u00e2y chuy\u1ec1n GMP, nh\u1eadp kh\u1ea9u t\u1eeb Canada, ho\u00e1 \u0111\u01a1n VAT 100%<\/p>","protected":false},"excerpt":{"rendered":"<p>BioAmicus Omega 3 B\u1ed5 Sung DHA Gi\u00fap B\u00e9 Th\u00f4ng Minh, S\u00e1ng M\u1eaft, V\u1ecb Ngon T\u1ef1 Nhi\u00ean Kh\u00f4ng Tanh 30ml 1. TH\u00d4NG TIN S\u1ea2N PH\u1ea8M &#8211; T\u00ean s\u1ea3n ph\u1ea9m: BioAmicus Omega 3 &#8211; Th\u01b0\u01a1ng hi\u1ec7u : BioAmicus &#8211; Xu\u1ea5t X\u1ee9: Canada &#8211; Quy c\u00e1ch: L\u1ecd 30ml t\u01b0\u01a1ng \u1ee9ng v\u1edbi 60 li\u1ec1u &#8211; HSD: 2 n\u0103m k\u1ec3 [&hellip;]<\/p>","protected":false},"featured_media":1204,"comment_status":"open","ping_status":"closed","template":"","meta":{"_acf_changed":false},"product_brand":[],"product_cat":[108],"product_tag":[],"class_list":{"0":"post-1199","1":"product","2":"type-product","3":"status-publish","4":"has-post-thumbnail","6":"product_cat-thuc-pham-chuc-nang","8":"first","9":"instock","10":"shipping-taxable","11":"purchasable","12":"product-type-simple"},"acf":[],"_links":{"self":[{"href":"https:\/\/atlanticmedical.vn\/en\/wp-json\/wp\/v2\/product\/1199","targetHints":{"allow":["GET"]}}],"collection":[{"href":"https:\/\/atlanticmedical.vn\/en\/wp-json\/wp\/v2\/product"}],"about":[{"href":"https:\/\/atlanticmedical.vn\/en\/wp-json\/wp\/v2\/types\/product"}],"replies":[{"embeddable":true,"href":"https:\/\/atlanticmedical.vn\/en\/wp-json\/wp\/v2\/comments?post=1199"}],"wp:featuredmedia":[{"embeddable":true,"href":"https:\/\/atlanticmedical.vn\/en\/wp-json\/wp\/v2\/media\/1204"}],"wp:attachment":[{"href":"https:\/\/atlanticmedical.vn\/en\/wp-json\/wp\/v2\/media?parent=1199"}],"wp:term":[{"taxonomy":"product_brand","embeddable":true,"href":"https:\/\/atlanticmedical.vn\/en\/wp-json\/wp\/v2\/product_brand?post=1199"},{"taxonomy":"product_cat","embeddable":true,"href":"https:\/\/atlanticmedical.vn\/en\/wp-json\/wp\/v2\/product_cat?post=1199"},{"taxonomy":"product_tag","embeddable":true,"href":"https:\/\/atlanticmedical.vn\/en\/wp-json\/wp\/v2\/product_tag?post=1199"}],"curies":[{"name":"wp","href":"https:\/\/api.w.org\/{rel}","templated":true}]}}