{"id":1191,"date":"2026-03-23T08:01:26","date_gmt":"2026-03-23T01:01:26","guid":{"rendered":"https:\/\/atlanticmedical.vn\/?post_type=product&#038;p=1191"},"modified":"2026-03-30T08:22:30","modified_gmt":"2026-03-30T01:22:30","slug":"bestical-120ml-canxi-sinh-hoc-dang-nuoc-cho-be","status":"publish","type":"product","link":"https:\/\/atlanticmedical.vn\/en\/product\/bestical-120ml-canxi-sinh-hoc-dang-nuoc-cho-be\/","title":{"rendered":"BESTICAL 120ml &#8211; Canxi Sinh H\u1ecdc D\u1ea1ng N\u01b0\u1edbc Cho B\u00e9"},"content":{"rendered":"<p class=\"QN2lPu\">1. TH\u00d4NG TIN S\u1ea2N PH\u1ea8M<\/p>\n<p class=\"QN2lPu\">&#8211; T\u00ean s\u1ea3n ph\u1ea9m: Bestical<\/p>\n<p class=\"QN2lPu\">&#8211; Th\u01b0\u01a1ng hi\u1ec7u: Bestical<\/p>\n<p class=\"QN2lPu\">&#8211; Xu\u1ea5t X\u1ee9: Slovenia<\/p>\n<p class=\"QN2lPu\">&#8211; Quy c\u00e1ch: L\u1ecd 120ml<\/p>\n<p class=\"QN2lPu\">&#8211; HSD: 2 n\u0103m k\u1ec3 t\u1eeb ng\u00e0y s\u1ea3n xu\u1ea5t in tr\u00ean bao b\u00ec<\/p>\n<p class=\"QN2lPu\">2. \u0110\u1eb6C \u0110I\u1ec2M N\u1ed4I B\u1eacT<\/p>\n<p class=\"QN2lPu\">&#8211; Bestical ch\u1ee9a Lipocal (Liposomal Calcium) l\u00e0 c\u00f4ng ngh\u1ec7 ti\u00ean ti\u1ebfn chi\u1ebft xu\u1ea5t canxi t\u1eeb th\u1ef1c v\u1eadt, \u0111\u01b0\u1ee3c l\u00e0m m\u1ecbn \u0111\u1ebfn k\u00edch th\u01b0\u1edbc si\u00eau nh\u1ecf r\u1ed3i b\u1ecdc trong ph\u00e2n t\u1eed \u0111\u1eadu n\u00e0nh lecithin gi\u00fap Canxi d\u1ec5 d\u00e0ng qua m\u00e0ng \u01b0a n\u01b0\u1edbc v\u00e0 m\u00e0ng \u01b0a protein c\u1ee7a t\u1ebf b\u00e0o n\u00ean d\u1ec5 h\u1ea5p thu t\u1eeb \u0111\u00f3 t\u0103ng chi\u1ec1u cao v\u00e0 ch\u1eafc x\u01b0\u01a1ng<\/p>\n<p class=\"QN2lPu\">&#8211; Canxi Lipocal trong Bestical c\u00f3 t\u1ef7 l\u1ec7 Ca\/P t\u1eeb 1.660-1.665 t\u01b0\u01a1ng th\u00edch v\u1edbi gi\u00e1 tr\u1ecb 1.67 trong c\u1ea5u tr\u00fac x\u01b0\u01a1ng ng\u01b0\u1eddi<\/p>\n<p class=\"QN2lPu\">&#8211; Bestical c\u00f3 c\u00f4ng th\u1ee9c to\u00e0n di\u1ec7n v\u1edbi Vitamin D3, Vitamin K2-MK7 t\u0103ng kh\u1ea3 n\u0103ng h\u1ea5p thu v\u00e0 g\u1eafn canxi v\u00e0o x\u01b0\u01a1ng t\u1ed1i \u01b0u chi\u1ec1u cao<\/p>\n<p class=\"QN2lPu\">&#8211; Bestical \u0111\u01b0\u1ee3c b\u00e0o ch\u1ebf \u1edf d\u1ea1ng siro h\u01b0\u01a1ng d\u00e2u th\u01a1m ngon, d\u1ec5 u\u1ed1ng<\/p>\n<p class=\"QN2lPu\">&#8211; Bestical \u0111\u01b0\u1ee3c nh\u1eadp kh\u1ea9u ch\u00ednh h\u00e3ng t\u1eeb Slovenia<\/p>","protected":false},"excerpt":{"rendered":"<p>1. TH\u00d4NG TIN S\u1ea2N PH\u1ea8M &#8211; T\u00ean s\u1ea3n ph\u1ea9m: Bestical &#8211; Th\u01b0\u01a1ng hi\u1ec7u: Bestical &#8211; Xu\u1ea5t X\u1ee9: Slovenia &#8211; Quy c\u00e1ch: L\u1ecd 120ml &#8211; HSD: 2 n\u0103m k\u1ec3 t\u1eeb ng\u00e0y s\u1ea3n xu\u1ea5t in tr\u00ean bao b\u00ec 2. \u0110\u1eb6C \u0110I\u1ec2M N\u1ed4I B\u1eacT &#8211; Bestical ch\u1ee9a Lipocal (Liposomal Calcium) l\u00e0 c\u00f4ng ngh\u1ec7 ti\u00ean ti\u1ebfn chi\u1ebft xu\u1ea5t canxi [&hellip;]<\/p>","protected":false},"featured_media":1197,"comment_status":"open","ping_status":"closed","template":"","meta":{"_acf_changed":false},"product_brand":[],"product_cat":[108],"product_tag":[],"class_list":{"0":"post-1191","1":"product","2":"type-product","3":"status-publish","4":"has-post-thumbnail","6":"product_cat-thuc-pham-chuc-nang","8":"first","9":"instock","10":"shipping-taxable","11":"purchasable","12":"product-type-simple"},"acf":[],"_links":{"self":[{"href":"https:\/\/atlanticmedical.vn\/en\/wp-json\/wp\/v2\/product\/1191","targetHints":{"allow":["GET"]}}],"collection":[{"href":"https:\/\/atlanticmedical.vn\/en\/wp-json\/wp\/v2\/product"}],"about":[{"href":"https:\/\/atlanticmedical.vn\/en\/wp-json\/wp\/v2\/types\/product"}],"replies":[{"embeddable":true,"href":"https:\/\/atlanticmedical.vn\/en\/wp-json\/wp\/v2\/comments?post=1191"}],"wp:featuredmedia":[{"embeddable":true,"href":"https:\/\/atlanticmedical.vn\/en\/wp-json\/wp\/v2\/media\/1197"}],"wp:attachment":[{"href":"https:\/\/atlanticmedical.vn\/en\/wp-json\/wp\/v2\/media?parent=1191"}],"wp:term":[{"taxonomy":"product_brand","embeddable":true,"href":"https:\/\/atlanticmedical.vn\/en\/wp-json\/wp\/v2\/product_brand?post=1191"},{"taxonomy":"product_cat","embeddable":true,"href":"https:\/\/atlanticmedical.vn\/en\/wp-json\/wp\/v2\/product_cat?post=1191"},{"taxonomy":"product_tag","embeddable":true,"href":"https:\/\/atlanticmedical.vn\/en\/wp-json\/wp\/v2\/product_tag?post=1191"}],"curies":[{"name":"wp","href":"https:\/\/api.w.org\/{rel}","templated":true}]}}