{"id":710,"date":"2025-08-01T11:32:16","date_gmt":"2025-08-01T04:32:16","guid":{"rendered":"https:\/\/atlanticmedical.vn\/?page_id=710"},"modified":"2025-08-01T11:36:59","modified_gmt":"2025-08-01T04:36:59","slug":"chinh-sach-thanh-toan","status":"publish","type":"page","link":"https:\/\/atlanticmedical.vn\/en\/chinh-sach-thanh-toan\/","title":{"rendered":"Ch\u00ednh s\u00e1ch thanh to\u00e1n"},"content":{"rendered":"<div data-elementor-type=\"wp-page\" data-elementor-id=\"710\" class=\"elementor elementor-710\" data-elementor-post-type=\"page\">\n\t\t\t\t<div class=\"elementor-element elementor-element-a368d2c e-flex e-con-boxed e-con e-parent\" data-id=\"a368d2c\" data-element_type=\"container\" data-settings=\"{&quot;background_background&quot;:&quot;classic&quot;}\">\n\t\t\t\t\t<div class=\"e-con-inner\">\n\t\t\t\t<div class=\"elementor-element elementor-element-fc2cefc elementor-widget elementor-widget-woocommerce-breadcrumb\" data-id=\"fc2cefc\" data-element_type=\"widget\" data-widget_type=\"woocommerce-breadcrumb.default\">\n\t\t\t\t<div class=\"elementor-widget-container\">\n\t\t\t\t\t<nav class=\"woocommerce-breadcrumb\" aria-label=\"Breadcrumb\" data-no-translation=\"\" data-trp-gettext=\"\">Home<\/nav>\t\t\t\t<\/div>\n\t\t\t\t<\/div>\n\t\t\t\t\t<\/div>\n\t\t\t\t<\/div>\n\t\t<div class=\"elementor-element elementor-element-21c92e0c e-flex e-con-boxed e-con e-parent\" data-id=\"21c92e0c\" data-element_type=\"container\">\n\t\t\t\t\t<div class=\"e-con-inner\">\n\t\t\t\t<div class=\"elementor-element elementor-element-60c81e2 elementor-widget elementor-widget-heading\" data-id=\"60c81e2\" data-element_type=\"widget\" data-widget_type=\"heading.default\">\n\t\t\t\t<div class=\"elementor-widget-container\">\n\t\t\t\t\t<h2 class=\"elementor-heading-title elementor-size-default\">Ch\u00ednh s\u00e1ch thanh to\u00e1n<\/h2>\t\t\t\t<\/div>\n\t\t\t\t<\/div>\n\t\t\t\t<div class=\"elementor-element elementor-element-54613093 elementor-widget elementor-widget-text-editor\" data-id=\"54613093\" data-element_type=\"widget\" data-widget_type=\"text-editor.default\">\n\t\t\t\t<div class=\"elementor-widget-container\">\n\t\t\t\t\t\t\t\t\t\n<ul class=\"wp-block-list\">\n<li>Thanh to\u00e1n b\u1eb1ng ti\u1ec1n m\u1eb7t: S\u1ed1 15B \u0110\u00e0o T\u1ea5n, ph\u01b0\u1eddng Ng\u1ecdc Kh\u00e1nh, qu\u1eadn Ba \u0110\u00ecnh, th\u00e0nh ph\u1ed1 H\u00e0 N\u1ed9i<\/li>\n\n<li>Thanh to\u00e1n b\u1eb1ng h\u00ecnh th\u1ee9c chuy\u1ec3n kho\u1ea3n: S\u1ed1 t\u00e0i kho\u1ea3n c\u00f4ng ty<\/li>\n\n<li>S\u1ed1 \u0111i\u1ec7n tho\u1ea1i mua h\u00e0ng + m\u00e3 \u0111\u01a1n h\u00e0ng.<\/li>\n<\/ul>\n\n<p>Sau khi nh\u1eadn \u0111\u01b0\u1ee3c chuy\u1ec3n kho\u1ea3n ch\u1eadm nh\u1ea5t sau 12 ti\u1ebfng ch\u00fang t\u00f4i s\u1ebd g\u1ecdi \u0111i\u1ec7n x\u00e1c nh\u1eadn v\u1edbi kh\u00e1ch h\u00e0ng.<\/p>\n\n<p>C\u00f4ng ty khi nh\u1eadn \u0111\u01b0\u1ee3c thanh to\u00e1n s\u1ebd xu\u1ea5t h\u00f3a \u0111\u01a1n ho\u1eb7c ch\u1ee9ng t\u1eeb g\u1edfi qua mail cho kh\u00e1ch h\u00e0ng trong qu\u00e1 tr\u00ecnh mua h\u00e0ng.<\/p>\n\n<p>\u00a0<\/p>\n\t\t\t\t\t\t\t\t<\/div>\n\t\t\t\t<\/div>\n\t\t\t\t\t<\/div>\n\t\t\t\t<\/div>\n\t\t\t\t<\/div>","protected":false},"excerpt":{"rendered":"<p>Ch\u00ednh s\u00e1ch thanh to\u00e1n Sau khi nh\u1eadn \u0111\u01b0\u1ee3c chuy\u1ec3n kho\u1ea3n ch\u1eadm nh\u1ea5t sau 12 ti\u1ebfng ch\u00fang t\u00f4i s\u1ebd g\u1ecdi \u0111i\u1ec7n x\u00e1c nh\u1eadn v\u1edbi kh\u00e1ch h\u00e0ng. C\u00f4ng ty khi nh\u1eadn \u0111\u01b0\u1ee3c thanh to\u00e1n s\u1ebd xu\u1ea5t h\u00f3a \u0111\u01a1n ho\u1eb7c ch\u1ee9ng t\u1eeb g\u1edfi qua mail cho kh\u00e1ch h\u00e0ng trong qu\u00e1 tr\u00ecnh mua h\u00e0ng. \u00a0<\/p>","protected":false},"author":1,"featured_media":0,"parent":0,"menu_order":0,"comment_status":"closed","ping_status":"closed","template":"","meta":{"_acf_changed":false,"footnotes":""},"class_list":["post-710","page","type-page","status-publish","hentry"],"acf":[],"_links":{"self":[{"href":"https:\/\/atlanticmedical.vn\/en\/wp-json\/wp\/v2\/pages\/710","targetHints":{"allow":["GET"]}}],"collection":[{"href":"https:\/\/atlanticmedical.vn\/en\/wp-json\/wp\/v2\/pages"}],"about":[{"href":"https:\/\/atlanticmedical.vn\/en\/wp-json\/wp\/v2\/types\/page"}],"author":[{"embeddable":true,"href":"https:\/\/atlanticmedical.vn\/en\/wp-json\/wp\/v2\/users\/1"}],"replies":[{"embeddable":true,"href":"https:\/\/atlanticmedical.vn\/en\/wp-json\/wp\/v2\/comments?post=710"}],"version-history":[{"count":0,"href":"https:\/\/atlanticmedical.vn\/en\/wp-json\/wp\/v2\/pages\/710\/revisions"}],"wp:attachment":[{"href":"https:\/\/atlanticmedical.vn\/en\/wp-json\/wp\/v2\/media?parent=710"}],"curies":[{"name":"wp","href":"https:\/\/api.w.org\/{rel}","templated":true}]}}