{"id":705,"date":"2025-08-01T11:29:34","date_gmt":"2025-08-01T04:29:34","guid":{"rendered":"https:\/\/atlanticmedical.vn\/?page_id=705"},"modified":"2025-08-01T11:41:06","modified_gmt":"2025-08-01T04:41:06","slug":"chinh-sach-giao-nhan-hang-va-kiem-hang","status":"publish","type":"page","link":"https:\/\/atlanticmedical.vn\/en\/chinh-sach-giao-nhan-hang-va-kiem-hang\/","title":{"rendered":"Ch\u00ednh s\u00e1ch giao, nh\u1eadn h\u00e0ng v\u00e0 ki\u1ec3m h\u00e0ng"},"content":{"rendered":"<div data-elementor-type=\"wp-page\" data-elementor-id=\"705\" class=\"elementor elementor-705\" data-elementor-post-type=\"page\">\n\t\t\t\t<div class=\"elementor-element elementor-element-40cb45c e-flex e-con-boxed e-con e-parent\" data-id=\"40cb45c\" data-element_type=\"container\" data-settings=\"{&quot;background_background&quot;:&quot;classic&quot;}\">\n\t\t\t\t\t<div class=\"e-con-inner\">\n\t\t\t\t<div class=\"elementor-element elementor-element-7158ded elementor-widget elementor-widget-woocommerce-breadcrumb\" data-id=\"7158ded\" data-element_type=\"widget\" data-widget_type=\"woocommerce-breadcrumb.default\">\n\t\t\t\t<div class=\"elementor-widget-container\">\n\t\t\t\t\t<nav class=\"woocommerce-breadcrumb\" aria-label=\"Breadcrumb\" data-no-translation=\"\" data-trp-gettext=\"\">Home<\/nav>\t\t\t\t<\/div>\n\t\t\t\t<\/div>\n\t\t\t\t\t<\/div>\n\t\t\t\t<\/div>\n\t\t<div class=\"elementor-element elementor-element-43faaa2f e-flex e-con-boxed e-con e-parent\" data-id=\"43faaa2f\" data-element_type=\"container\">\n\t\t\t\t\t<div class=\"e-con-inner\">\n\t\t\t\t<div class=\"elementor-element elementor-element-f5b2400 elementor-widget elementor-widget-heading\" data-id=\"f5b2400\" data-element_type=\"widget\" data-widget_type=\"heading.default\">\n\t\t\t\t<div class=\"elementor-widget-container\">\n\t\t\t\t\t<h2 class=\"elementor-heading-title elementor-size-default\">Ch\u00ednh s\u00e1ch giao, nh\u1eadn h\u00e0ng v\u00e0 ki\u1ec3m h\u00e0ng<\/h2>\t\t\t\t<\/div>\n\t\t\t\t<\/div>\n\t\t\t\t<div class=\"elementor-element elementor-element-2fca9e45 elementor-widget elementor-widget-text-editor\" data-id=\"2fca9e45\" data-element_type=\"widget\" data-widget_type=\"text-editor.default\">\n\t\t\t\t<div class=\"elementor-widget-container\">\n\t\t\t\t\t\t\t\t\t\n<p>1. <strong>Ph\u1ea1m vi \u00e1p d\u1ee5ng:<\/strong><\/p>\n\n\n\n<ol class=\"wp-block-list\"><\/ol>\n\n\n\n<p>Ph\u1ea1m vi \u00e1p d\u1ee5ng: t\u1ea5t c\u1ea3 m\u1ecdi t\u1ec9nh th\u00e0nh tr\u00ean c\u1ea3 n\u01b0\u1edbc.<\/p>\n\n\n\n<p>2. <strong>Th\u1eddi gian giao \u2013 nh\u1eadn h\u00e0ng<\/strong><\/p>\n\n\n\n<p>\u2013 \u0110\u01a1n h\u00e0ng sau khi \u0111\u01b0\u1ee3c ti\u1ebfp nh\u1eadn x\u1eed l\u00fd xong s\u1ebd \u0111\u01b0\u1ee3c giao ngay trong v\u00f2ng 24h ho\u1eb7c theo ti\u1ebfn \u0111\u1ed9 h\u1ee3p \u0111\u1ed3ng.&nbsp;<\/p>\n\n\n\n<p>\u2013 \u0110\u1ed1i v\u1edbi kh\u00e1ch h\u00e0ng \u1edf t\u1ec9nh xa, sau khi ti\u1ebfp nh\u1eadn \u0111\u01a1n h\u00e0ng th\u1eddi gian nh\u1eadn h\u00e0ng d\u1ef1 ki\u1ebfn t\u1eeb 3 &#8211; 5 ng\u00e0y. Tuy nhi\u00ean, t\u00f9y v\u00e0o t\u00ecnh tr\u1ea1ng h\u00e0ng h\u00f3a \u0111i\u1ec1u ki\u1ec7n th\u1eddi ti\u1ebft,&#8230; m\u00e0 ng\u00e0y nh\u1eadn h\u00e0ng s\u1ebd c\u00f3 s\u1ef1 thay \u0111\u1ed5i.&nbsp;<\/p>\n\n\n\n<p>\u2013 Th\u1eddi gian giao h\u00e0ng \u0111\u01b0\u1ee3c t\u00ednh t\u1eeb l\u00fac ho\u00e0n t\u1ea5t th\u1ee7 t\u1ee5c \u0111\u1eb7t h\u00e0ng v\u1edbi nh\u00e2n vi\u00ean t\u01b0 v\u1ea5n \u0111\u1ebfn khi nh\u1eadn \u0111\u01b0\u1ee3c hang<\/p>\n\n\n\n<p>3. <strong>H\u00ecnh th\u1ee9c giao h\u00e0ng:<\/strong><\/p>\n\n\n\n<ol class=\"wp-block-list\"><\/ol>\n\n\n\n<p>&#8211; \u0110\u1ed1i v\u1edbi kh\u00e1ch t\u1ec9nh xa: S\u1eed d\u1ee5ng d\u1ecbch v\u1ee5 giao h\u00e0ng.\u00a0<\/p>\n\n\n\n<p>&#8211; \u0110\u1ed1i v\u1edbi kh\u00e1ch n\u1ed9i th\u00e0nh\/ ngo\u1ea1i th\u00e0nh: S\u1eed d\u1ee5ng d\u1ecbch v\u1ee5 giao h\u00e0ng.&nbsp;<\/p>\n\n\n\n<p>B\u1eaft bu\u1ed9c c\u00f3 c\u00e2u n\u00e0y&nbsp; :<\/p>\n\n\n\n<p>* &nbsp;Ph\u00e2n \u0111\u1ecbnh tr\u00e1ch nhi\u1ec7m c\u1ee7a th\u01b0\u01a1ng nh\u00e2n, t\u1ed5 ch\u1ee9c cung \u1ee9ng d\u1ecbch v\u1ee5 logistics v\u1ec1 cung c\u1ea5p ch\u1ee9ng t\u1eeb h\u00e0ng h\u00f3a trong qu\u00e1 tr\u00ecnh giao nh\u1eadn.<\/p>\n\n\n\n<p>\u0110\u01a1n v\u1ecb cung c\u1ea5p d\u1ecbch v\u1ee5 logistic c\u00f3 tr\u00e1ch nhi\u1ec7m cung c\u1ea5p b\u1eb1ng ch\u1ee9ng giao nh\u1eadn h\u00e0ng h\u00f3a (\u1ea3nh ch\u1ee5p v\u00e0 ch\u1eef k\u00fd ng\u01b0\u1eddi nh\u1eadn h\u00e0ng) t\u1edbi ng\u01b0\u1eddi mua v\u00e0 ng\u01b0\u1eddi b\u00e1n khi c\u00f3 y\u00eau c\u1ea7u.<\/p>\n\n\n\n<p>4. <strong>Ch\u00ednh s\u00e1ch ki\u1ec3m h\u00e0ng: (ch\u1ecdn 1 trong 2 tr\u01b0\u1eddng h\u1ee3p)<\/strong><\/p>\n\n\n\n<ul class=\"wp-block-list\">\n<li>Tr\u01b0\u1eddng h\u1ee3p cho ki\u1ec3m tra h\u00e0ng:<\/li>\n\n\n\n<li>\u00a0Khi nh\u1eadn h\u00e0ng qu\u00fd kh\u00e1ch c\u00f3 quy\u1ec1n y\u00eau c\u1ea7u nh\u00e2n vi\u00ean giao h\u00e0ng m\u1edf cho ki\u1ec3m.<\/li>\n\n\n\n<li>Tr\u01b0\u1eddng h\u1ee3p \u0111\u01a1n h\u00e0ng \u0111\u1eb7t m\u00e0 b\u00ean b\u00e1n giao kh\u00f4ng \u0111\u00fang\u00a0lo\u1ea1i s\u1ea3n ph\u1ea9m qu\u00fd kh\u00e1ch c\u00f3 quy\u1ec1n tr\u1ea3 h\u00e0ng v\u00e0 kh\u00f4ng kh\u00f4ng thanh to\u00e1n ti\u1ec1n.<\/li>\n\n\n\n<li>Tr\u01b0\u1eddng h\u1ee3p qu\u00fd kh\u00e1ch \u0111\u00e3 thanh to\u00e1n tr\u01b0\u1edbc nh\u01b0ng\u00a0\u0111\u01a1n h\u00e0ng kh\u00f4ng \u0111\u00fang qu\u00fd kh\u00e1ch y\u00eau c\u1ea7u ho\u00e0n to\u00e0n ho\u1eb7c giao l\u1ea1i \u0111\u01a1n m\u1edbi nh\u01b0 \u0111\u00e3 \u0111\u1eb7t.<\/li>\n\n\n\n<li>Trong tr\u01b0\u1eddng h\u1ee3p y\u00eau c\u1ea7u ho\u00e0n ti\u1ec1n ho\u1eb7c \u0111\u1ed5i \u0111\u01a1n qu\u00fd kh\u00e1ch li\u00ean h\u1ec7 qua Email: chief.vuoncuabe@gmail.com ho\u1eb7c s\u1ed1 \u0111i\u1ec7n tho\u1ea1i 0912277022 ch\u00fang t\u00f4i cam k\u1ebft s\u1ebd gi\u1ea3i quy\u1ebft m\u1ecdi y\u00eau c\u1ea7u c\u1ee7a qu\u00fd kh\u00e1ch.\u00a0\u00a0<\/li>\n\n\n\n<li>Tr\u01b0\u1eddng h\u1ee3p kh\u00f4ng cho ki\u1ec3m tra h\u00e0ng:<\/li>\n<\/ul>\n\n\n\n<p>B\u00ean Shop&nbsp;<strong>KH\u00d4NG CHO XEM \/ KI\u1ec2M TRA H\u00c0NG (Kh\u00f4ng \u0111\u1ed3ng ki\u1ec3m).<\/strong>&nbsp;Tr\u00e1nh tr\u01b0\u1eddng h\u1ee3p b\u1ecb tr\u00e1o \u0111\u1ed5i h\u00e0ng h\u00f3a b\u00ean trong, Kh\u00e1ch nh\u1eadn h\u00e0ng xong&nbsp;<strong>C\u00d3 V\u1ea4N \u0110\u1ec0<\/strong>&nbsp;th\u00ec g\u1ecdi ngay&nbsp;<strong>0912277022 <\/strong>&nbsp;\u0111\u1ec3 Shop x\u1eed l\u00fd &amp; s\u1ebd \u0111\u1ed5i tr\u1ea3 mi\u1ec5n ph\u00ed. Xin c\u1ea3m \u01a1n!<\/p>\n\n\n\n<p><\/p>\n\t\t\t\t\t\t\t\t<\/div>\n\t\t\t\t<\/div>\n\t\t\t\t\t<\/div>\n\t\t\t\t<\/div>\n\t\t\t\t<\/div>","protected":false},"excerpt":{"rendered":"<p>Ch\u00ednh s\u00e1ch giao, nh\u1eadn h\u00e0ng v\u00e0 ki\u1ec3m h\u00e0ng 1. Ph\u1ea1m vi \u00e1p d\u1ee5ng: Ph\u1ea1m vi \u00e1p d\u1ee5ng: t\u1ea5t c\u1ea3 m\u1ecdi t\u1ec9nh th\u00e0nh tr\u00ean c\u1ea3 n\u01b0\u1edbc. 2. Th\u1eddi gian giao \u2013 nh\u1eadn h\u00e0ng \u2013 \u0110\u01a1n h\u00e0ng sau khi \u0111\u01b0\u1ee3c ti\u1ebfp nh\u1eadn x\u1eed l\u00fd xong s\u1ebd \u0111\u01b0\u1ee3c giao ngay trong v\u00f2ng 24h ho\u1eb7c theo ti\u1ebfn \u0111\u1ed9 h\u1ee3p [&hellip;]<\/p>","protected":false},"author":1,"featured_media":0,"parent":0,"menu_order":0,"comment_status":"closed","ping_status":"closed","template":"","meta":{"_acf_changed":false,"footnotes":""},"class_list":["post-705","page","type-page","status-publish","hentry"],"acf":[],"_links":{"self":[{"href":"https:\/\/atlanticmedical.vn\/en\/wp-json\/wp\/v2\/pages\/705","targetHints":{"allow":["GET"]}}],"collection":[{"href":"https:\/\/atlanticmedical.vn\/en\/wp-json\/wp\/v2\/pages"}],"about":[{"href":"https:\/\/atlanticmedical.vn\/en\/wp-json\/wp\/v2\/types\/page"}],"author":[{"embeddable":true,"href":"https:\/\/atlanticmedical.vn\/en\/wp-json\/wp\/v2\/users\/1"}],"replies":[{"embeddable":true,"href":"https:\/\/atlanticmedical.vn\/en\/wp-json\/wp\/v2\/comments?post=705"}],"version-history":[{"count":0,"href":"https:\/\/atlanticmedical.vn\/en\/wp-json\/wp\/v2\/pages\/705\/revisions"}],"wp:attachment":[{"href":"https:\/\/atlanticmedical.vn\/en\/wp-json\/wp\/v2\/media?parent=705"}],"curies":[{"name":"wp","href":"https:\/\/api.w.org\/{rel}","templated":true}]}}