{"id":52,"date":"2025-08-01T11:31:40","date_gmt":"2025-08-01T04:31:40","guid":{"rendered":"https:\/\/atlanticmedical.vn\/?page_id=52"},"modified":"2025-08-01T11:40:25","modified_gmt":"2025-08-01T04:40:25","slug":"hoan-tien-tra-hang","status":"publish","type":"page","link":"https:\/\/atlanticmedical.vn\/en\/hoan-tien-tra-hang\/","title":{"rendered":"Ch\u00ednh s\u00e1ch b\u1ea3o h\u00e0nh, \u0111\u1ed5i tr\u1ea3"},"content":{"rendered":"<div data-elementor-type=\"wp-page\" data-elementor-id=\"52\" class=\"elementor elementor-52\" data-elementor-post-type=\"page\">\n\t\t\t\t<div class=\"elementor-element elementor-element-8b229ac e-flex e-con-boxed e-con e-parent\" data-id=\"8b229ac\" data-element_type=\"container\" data-settings=\"{&quot;background_background&quot;:&quot;classic&quot;}\">\n\t\t\t\t\t<div class=\"e-con-inner\">\n\t\t\t\t<div class=\"elementor-element elementor-element-7637491 elementor-widget elementor-widget-woocommerce-breadcrumb\" data-id=\"7637491\" data-element_type=\"widget\" data-widget_type=\"woocommerce-breadcrumb.default\">\n\t\t\t\t<div class=\"elementor-widget-container\">\n\t\t\t\t\t<nav class=\"woocommerce-breadcrumb\" aria-label=\"Breadcrumb\" data-no-translation=\"\" data-trp-gettext=\"\">Home<\/nav>\t\t\t\t<\/div>\n\t\t\t\t<\/div>\n\t\t\t\t\t<\/div>\n\t\t\t\t<\/div>\n\t\t<div class=\"elementor-element elementor-element-7aa6637 e-flex e-con-boxed e-con e-parent\" data-id=\"7aa6637\" data-element_type=\"container\">\n\t\t\t\t\t<div class=\"e-con-inner\">\n\t\t\t\t<div class=\"elementor-element elementor-element-1bcbc0d elementor-widget elementor-widget-heading\" data-id=\"1bcbc0d\" data-element_type=\"widget\" data-widget_type=\"heading.default\">\n\t\t\t\t<div class=\"elementor-widget-container\">\n\t\t\t\t\t<h2 class=\"elementor-heading-title elementor-size-default\">Ch\u00ednh s\u00e1ch b\u1ea3o h\u00e0nh, \u0111\u1ed5i tr\u1ea3<\/h2>\t\t\t\t<\/div>\n\t\t\t\t<\/div>\n\t\t\t\t<div class=\"elementor-element elementor-element-25151482 elementor-widget elementor-widget-text-editor\" data-id=\"25151482\" data-element_type=\"widget\" data-widget_type=\"text-editor.default\">\n\t\t\t\t<div class=\"elementor-widget-container\">\n\t\t\t\t\t\t\t\t\t\n<p>1. <strong>Ch\u00ednh s\u00e1ch b\u1ea3o h\u00e0nh<\/strong><br>\u00a0 \u00a0Th\u1eddi gian b\u1ea3o h\u00e0nh: T\u1ea5t c\u1ea3 m\u1eb7t h\u00e0ng do ch\u00fang t\u00f4i\u00a0cung c\u1ea5p \u0111\u01b0\u1ee3c b\u1ea3o h\u00e0nh mi\u1ec5n ph\u00ed t\u1eeb 06 th\u00e1ng k\u1ec3 t\u1eeb ng\u00e0y giao h\u00e0ng v\u00e0 l\u1eafp \u0111\u1eb7t ho\u00e0n thi\u1ec7n.<\/p>\n\n\n\n<ol class=\"wp-block-list\"><\/ol>\n\n\n\n<p>2.<strong>\u0110i\u1ec1u ki\u1ec7n b\u1ea3o h\u00e0nh<\/strong><\/p>\n\n\n\n<ul class=\"wp-block-list\">\n<li>Ch\u00fang t\u00f4i s\u1ebd ti\u1ebfn h\u00e0nh b\u1ea3o h\u00e0nh \u0111\u1ed1i v\u1edbi m\u1ecdi tr\u1ee5c tr\u1eb7c k\u1ef9 thu\u1eadt \u0111\u1ed1i v\u1edbi c\u00e1c l\u1ed7i thu\u1ed9c v\u1ec1 kh\u00e2u s\u1ea3n xu\u1ea5t v\u00e0 l\u1eafp \u0111\u1eb7t g\u00e2y ra.<\/li>\n\n\n\n<li>H\u00e0ng h\u00f3a b\u1ea3o h\u00e0nh ph\u1ea3i c\u00f2n nguy\u00ean tem b\u1ea3o h\u00e0nh, tem s\u1ea3n ph\u1ea9m v\u00e0 gi\u1ea5y bi\u00ean nh\u1eadn ch\u1ee9ng minh l\u00e0 qu\u00fd kh\u00e1ch \u0111\u00e3 mua h\u00e0ng t\u1eeb\u00a0vuoncuabe.vn.<\/li>\n\n\n\n<li>\u0110\u1ed1i v\u1edbi nh\u1eefng h\u1ecfng h\u00f3c nh\u01b0: L\u00e0m v\u1ee1, l\u00e0m h\u1ecfng, g\u00e2y bi\u1ebfn d\u1ea1ng, \u0111\u1ec3 l\u1eeda g\u00e2y h\u01b0 h\u1ea1i v\u00e0 c\u00e1c tr\u01b0\u1eddng h\u1ee3p t\u01b0\u01a1ng t\u1ef1 kh\u00e1c kh\u00f4ng thu\u1ed9c ph\u1ea1m v\u1ecb b\u1ea3o h\u00e0nh.<\/li>\n\n\n\n<li>Ch\u00fang t\u00f4i v\u1eabn c\u00f3 tr\u00e1ch nhi\u1ec7m s\u1eeda ch\u1eefa nh\u01b0ng b\u00ean mua ph\u1ea3i thanh to\u00e1n theo chi ph\u00ed th\u1ef1c t\u1ebf c\u1ee7a v\u1eadt t\u01b0 linh ki\u1ec7n thay th\u1ebf.<br>\u00a0 \u00a0S\u1eeda ch\u1eefa ho\u1eb7c thay th\u1ebf m\u1edbi v\u1edbi gi\u00e1 \u01b0u \u0111\u00e3i khi h\u1ebft th\u1eddi h\u1ea1n b\u1ea3o h\u00e0nh.<\/li>\n<\/ul>\n\n\n\n<p>3. <strong>H\u01b0\u1edbng d\u1eabn y\u00eau c\u1ea7u b\u1ea3o h\u00e0nh<\/strong><\/p>\n\n\n\n<ol class=\"wp-block-list\"><\/ol>\n\n\n\n<p>&nbsp; &nbsp;Qu\u00fd kh\u00e1ch c\u00f3 th\u1ec3 g\u1ecdi \u0111i\u1ec7n t\u1edbi b\u1ed9 ph\u1eadn ch\u0103m s\u00f3c kh\u00e1ch h\u00e0ng c\u1ee7a c\u00f4ng ty&nbsp;\u0111\u1ec3 y\u00eau c\u1ea7u b\u1ea3o h\u00e0nh:<\/p>\n\n\n\n<p>&nbsp; &nbsp;M\u1ecdi chi ti\u1ebft xin qu\u00fd kh\u00e1ch vui l\u00f2ng li\u00ean h\u1ec7 v\u1edbi ch\u00fang t\u00f4i:<\/p>\n\n\n\n<p>&nbsp; &nbsp;Hotline:&nbsp;\u2026\u2026\u2026.<\/p>\n\n\n\n<p>4. <strong>Ch\u00ednh s\u00e1ch \u0111\u1ed5i tr\u1ea3<\/strong><\/p>\n\n\n\n<p><strong>&#8211; Ph\u1ea1m vi \u00e1p d\u1ee5ng<\/strong><\/p>\n\n\n\n<p>\u00c1p d\u1ee5ng \u0111\u1ed5i tr\u1ea3 h\u00e0ng trong v\u00f2ng 12 gi\u1edd \u0111\u1ed1i v\u1edbi c\u00e1c s\u1ea3n ph\u1ea9m b\u1ecb h\u01b0 h\u1ecfng do l\u1ed7i v\u1eadn chuy\u1ec3n ho\u1eb7c l\u1ed7i do nh\u00e0 s\u1ea3n xu\u1ea5t<\/p>\n\n\n\n<p>5. <strong>\u0110i\u1ec1u ki\u1ec7n \u0111\u1ed5i tr\u1ea3<\/strong><\/p>\n\n\n\n<ol class=\"wp-block-list\"><\/ol>\n\n\n\n<p><strong>\u2013 Th\u1eddi gian \u0111\u1ed5i tr\u1ea3: trong v\u00f2ng 7 ng\u00e0y k\u1ec3 t\u1eeb ng\u00e0y y\u00eau c\u1ea7u \u0111\u1ed5i tr\u1ea3 h\u00e0ng<\/strong><\/p>\n\n\n\n<p><strong>\u2013 Y\u00eau c\u1ea7u gi\u1eef nguy\u00ean bao b\u00ec, tem m\u00e1c&nbsp;c\u1ee7a s\u1ea3n ph\u1ea9m khi \u0111\u1ed5i tr\u1ea3<\/strong><\/p>\n\n\n\n<p><strong>\u2013 S\u1ed1 l\u1ea7n \u0111\u1ed5i tr\u1ea3 cho 1 s\u1ea3n ph\u1ea9m l\u00e0 1 l\u1ea7n<\/strong><\/p>\n\n\n\n<p><em>\u2013 C\u00e1c s\u1ea3n ph\u1ea9m kh\u00f4ng \u0111\u01b0\u1ee3c \u0111\u1ed5i tr\u1ea3: \u0111\u00e3 h\u1ebft th\u1eddi gian \u0111\u1ed5i tr\u1ea3 v\u00e0 c\u00e1c s\u1ea3n ph\u1ea9m kh\u00f4ng do l\u1ed7i c\u1ee7a nh\u00e0 v\u1eadn chuy\u1ec3n v\u00e0 kh\u00f4ng do l\u1ed7i c\u1ee7a nh\u00e0 s\u1ea3n xu\u1ea5t<\/em><\/p>\n\n\n\n<p>Ch\u00fang t\u00f4i c\u0169ng r\u1ea5t s\u1eb5n l\u00f2ng l\u1eafng nghe c\u00e1c g\u00f3p \u00fd v\u00e0 y\u00eau c\u1ea7u c\u1ee7a qu\u00fd kh\u00e1ch h\u00e0ng.<\/p>\n\n\n\n<p>Qu\u00fd kh\u00e1ch c\u00f3 th\u1ec3 li\u00ean h\u1ec7 s\u1ed1: \u2026\u2026\u2026\u2026(gi\u1edd h\u00e0nh ch\u00ednh)&nbsp;\u0111\u1ec3 \u0111\u00f3ng g\u00f3p \u00fd ki\u1ebfn c\u1ee7a qu\u00fd kh\u00e1ch v\u1ec1 s\u1ea3n ph\u1ea9m v\u00e0 d\u1ecbch v\u1ee5 c\u1ee7a ch\u00fang t\u00f4i<\/p>\n\n\n\n<p><\/p>\n\t\t\t\t\t\t\t\t<\/div>\n\t\t\t\t<\/div>\n\t\t\t\t\t<\/div>\n\t\t\t\t<\/div>\n\t\t\t\t<\/div>","protected":false},"excerpt":{"rendered":"<p>Ch\u00ednh s\u00e1ch b\u1ea3o h\u00e0nh, \u0111\u1ed5i tr\u1ea3 1. Ch\u00ednh s\u00e1ch b\u1ea3o h\u00e0nh\u00a0 \u00a0Th\u1eddi gian b\u1ea3o h\u00e0nh: T\u1ea5t c\u1ea3 m\u1eb7t h\u00e0ng do ch\u00fang t\u00f4i\u00a0cung c\u1ea5p \u0111\u01b0\u1ee3c b\u1ea3o h\u00e0nh mi\u1ec5n ph\u00ed t\u1eeb 06 th\u00e1ng k\u1ec3 t\u1eeb ng\u00e0y giao h\u00e0ng v\u00e0 l\u1eafp \u0111\u1eb7t ho\u00e0n thi\u1ec7n. 2.\u0110i\u1ec1u ki\u1ec7n b\u1ea3o h\u00e0nh 3. H\u01b0\u1edbng d\u1eabn y\u00eau c\u1ea7u b\u1ea3o h\u00e0nh &nbsp; &nbsp;Qu\u00fd kh\u00e1ch [&hellip;]<\/p>","protected":false},"author":1,"featured_media":0,"parent":0,"menu_order":0,"comment_status":"closed","ping_status":"closed","template":"","meta":{"_acf_changed":false,"footnotes":""},"class_list":["post-52","page","type-page","status-publish","hentry"],"acf":[],"_links":{"self":[{"href":"https:\/\/atlanticmedical.vn\/en\/wp-json\/wp\/v2\/pages\/52","targetHints":{"allow":["GET"]}}],"collection":[{"href":"https:\/\/atlanticmedical.vn\/en\/wp-json\/wp\/v2\/pages"}],"about":[{"href":"https:\/\/atlanticmedical.vn\/en\/wp-json\/wp\/v2\/types\/page"}],"author":[{"embeddable":true,"href":"https:\/\/atlanticmedical.vn\/en\/wp-json\/wp\/v2\/users\/1"}],"replies":[{"embeddable":true,"href":"https:\/\/atlanticmedical.vn\/en\/wp-json\/wp\/v2\/comments?post=52"}],"version-history":[{"count":0,"href":"https:\/\/atlanticmedical.vn\/en\/wp-json\/wp\/v2\/pages\/52\/revisions"}],"wp:attachment":[{"href":"https:\/\/atlanticmedical.vn\/en\/wp-json\/wp\/v2\/media?parent=52"}],"curies":[{"name":"wp","href":"https:\/\/api.w.org\/{rel}","templated":true}]}}