{"id":3,"date":"2025-07-30T00:44:59","date_gmt":"2025-07-30T00:44:59","guid":{"rendered":"http:\/\/atlanticmedical.vn\/?page_id=3"},"modified":"2025-08-01T11:39:11","modified_gmt":"2025-08-01T04:39:11","slug":"privacy-policy","status":"publish","type":"page","link":"https:\/\/atlanticmedical.vn\/en\/privacy-policy\/","title":{"rendered":"Ch\u00ednh s\u00e1ch b\u1ea3o m\u1eadt th\u00f4ng tin"},"content":{"rendered":"<div data-elementor-type=\"wp-page\" data-elementor-id=\"3\" class=\"elementor elementor-3\" data-elementor-post-type=\"page\">\n\t\t\t\t<div class=\"elementor-element elementor-element-177c4d6 e-flex e-con-boxed e-con e-parent\" data-id=\"177c4d6\" data-element_type=\"container\" data-settings=\"{&quot;background_background&quot;:&quot;classic&quot;}\">\n\t\t\t\t\t<div class=\"e-con-inner\">\n\t\t\t\t<div class=\"elementor-element elementor-element-76515d6 elementor-widget elementor-widget-woocommerce-breadcrumb\" data-id=\"76515d6\" data-element_type=\"widget\" data-widget_type=\"woocommerce-breadcrumb.default\">\n\t\t\t\t<div class=\"elementor-widget-container\">\n\t\t\t\t\t<nav class=\"woocommerce-breadcrumb\" aria-label=\"Breadcrumb\" data-no-translation=\"\" data-trp-gettext=\"\">Home<\/nav>\t\t\t\t<\/div>\n\t\t\t\t<\/div>\n\t\t\t\t\t<\/div>\n\t\t\t\t<\/div>\n\t\t<div class=\"elementor-element elementor-element-3ccb39 e-flex e-con-boxed e-con e-parent\" data-id=\"3ccb39\" data-element_type=\"container\">\n\t\t\t\t\t<div class=\"e-con-inner\">\n\t\t\t\t<div class=\"elementor-element elementor-element-41241d5 elementor-widget elementor-widget-heading\" data-id=\"41241d5\" data-element_type=\"widget\" data-widget_type=\"heading.default\">\n\t\t\t\t<div class=\"elementor-widget-container\">\n\t\t\t\t\t<h2 class=\"elementor-heading-title elementor-size-default\">Ch\u00ednh s\u00e1ch b\u1ea3o m\u1eadt th\u00f4ng tin<\/h2>\t\t\t\t<\/div>\n\t\t\t\t<\/div>\n\t\t\t\t<div class=\"elementor-element elementor-element-3f1d772b elementor-widget elementor-widget-text-editor\" data-id=\"3f1d772b\" data-element_type=\"widget\" data-widget_type=\"text-editor.default\">\n\t\t\t\t<div class=\"elementor-widget-container\">\n\t\t\t\t\t\t\t\t\t\n<p><strong>1. M\u1ee5c \u0111\u00edch thu th\u1eadp th\u00f4ng tin c\u00e1 nh\u00e2n<\/strong><\/p>\n\n<p>M\u1ee5c \u0111\u00edch c\u1ee7a vi\u1ec7c thu th\u1eadp th\u00f4ng tin kh\u00e1ch h\u00e0ng nh\u1eb1m li\u00ean quan \u0111\u1ebfn c\u00e1c v\u1ea5n \u0111\u1ec1 nh\u01b0:<\/p>\n\n<p>&#8211; H\u1ed7 tr\u1ee3 kh\u00e1ch h\u00e0ng: mua h\u00e0ng, thanh to\u00e1n, giao h\u00e0ng.\u00a0<\/p>\n\n<p>&#8211;\u00a0Cung c\u1ea5p th\u00f4ng tin s\u1ea3n ph\u1ea9m, c\u00e1c d\u1ecbch v\u1ee5 v\u00e0 h\u1ed7 tr\u1ee3 theo y\u00eau c\u1ea7u c\u1ee7a kh\u00e1ch h\u00e0ng.\u00a0<\/p>\n\n<p>&#8211;\u00a0G\u1eedi th\u00f4ng b\u00e1o c\u00e1c ch\u01b0\u01a1ng tr\u00ecnh, s\u1ea3n ph\u1ea9m m\u1edbi nh\u1ea5t c\u1ee7a ch\u00fang t\u00f4i.\u00a0<\/p>\n\n<p>&#8211;\u00a0Gi\u1ea3i quy\u1ebft v\u1ea5n \u0111\u1ec1 ph\u00e1t sinh khi mua h\u00e0ng.\u00a0<\/p>\n\n<p><strong>2. Ph\u1ea1m vi thu th\u1eadp th\u00f4ng tin<\/strong><\/p>\n\n<p>Ch\u00fang t\u00f4i thu th\u1eadp th\u00f4ng tin c\u00e1 nh\u00e2n c\u1ee7a kh\u00e1ch h\u00e0ng khi ti\u1ebfn h\u00e0ng \u0111\u1eb7t h\u00e0ng tr\u00ean website :<\/p>\n\n<p>H\u1ecd\u00a0 t\u00ean :<\/p>\n\n<p>\u0110\u1ecba ch\u1ec9 email :<\/p>\n\n<p>S\u1ed1 \u0111i\u1ec7n tho\u1ea1i :<\/p>\n\n<p>\u0110\u1ecba ch\u1ec9 :<\/p>\n\n<p><strong>3. Th\u1eddi gian l\u01b0u tr\u1eef th\u00f4ng tin<\/strong><\/p>\n\n<p>D\u1eef li\u1ec7u c\u00e1 nh\u00e2n c\u1ee7a Th\u00e0nh vi\u00ean s\u1ebd \u0111\u01b0\u1ee3c l\u01b0u tr\u1eef cho \u0111\u1ebfn khi c\u00f3 y\u00eau c\u1ea7u h\u1ee7y b\u1ecf ho\u1eb7c t\u1ef1 th\u00e0nh vi\u00ean \u0111\u0103ng nh\u1eadp v\u00e0 th\u1ef1c hi\u1ec7n h\u1ee7y b\u1ecf. C\u00f2n l\u1ea1i trong m\u1ecdi tr\u01b0\u1eddng h\u1ee3p th\u00f4ng tin c\u00e1 nh\u00e2n th\u00e0nh vi\u00ean s\u1ebd \u0111\u01b0\u1ee3c b\u1ea3o m\u1eadt tr\u00ean m\u00e1y ch\u1ee7 c\u1ee7a vuoncuabe.vn.<\/p>\n\n<p><strong>\u00a04. Nh\u1eefng ng\u01b0\u1eddi ho\u1eb7c t\u1ed5 ch\u1ee9c c\u00f3 th\u1ec3 \u0111\u01b0\u1ee3c ti\u1ebfp c\u1eadn v\u1edbi th\u00f4ng tin \u0111\u00f3<\/strong><\/p>\n\n<p>\u2013 \u0110\u1ed1i v\u1edbi c\u00e1c b\u00ean v\u1eadn chuy\u1ec3n, s\u1ebd cung c\u1ea5p c\u00e1c th\u00f4ng tin \u0111\u1ec3 ph\u1ee5c v\u1ee5 cho vi\u1ec7c giao nh\u1eadn h\u00e0ng h\u00f3a nh\u01b0 T\u00ean, \u0111\u1ecba ch\u1ec9 v\u00e0 s\u1ed1 \u0111i\u1ec7n tho\u1ea1i.<\/p>\n\n<p>\u2013 \u0110\u1ed1i v\u1edbi nh\u00e2n vi\u00ean c\u00f4ng ty s\u1ebd c\u00f3 c\u00e1c b\u1ed9 ph\u1eadn chuy\u00ean tr\u00e1ch \u0111\u1ec3 ph\u1ee5c v\u1ee5 vi\u1ec7c ch\u0103m s\u00f3c kh\u00e1ch h\u00e0ng trong qu\u00e1 tr\u00ecnh s\u1eed d\u1ee5ng s\u1ea3n ph\u1ea9m.<\/p>\n\n<p>\u2013 C\u00e1c ch\u01b0\u01a1ng tr\u00ecnh c\u00f3 t\u00ednh li\u00ean k\u1ebft, \u0111\u1ed3ng th\u1ef1c hi\u1ec7n, thu\u00ea ngo\u00e0i cho c\u00e1c m\u1ee5c \u0111\u00edch \u0111\u01b0\u1ee3c n\u00eau t\u1ea1i M\u1ee5c 1 v\u00e0 lu\u00f4n \u00e1p d\u1ee5ng c\u00e1c y\u00eau c\u1ea7u b\u1ea3o m\u1eadt th\u00f4ng tin c\u00e1 nh\u00e2n.<\/p>\n\n<p>\u2013 Y\u00eau c\u1ea7u ph\u00e1p l\u00fd: Ch\u00fang t\u00f4i c\u00f3 th\u1ec3 ti\u1ebft l\u1ed9 c\u00e1c th\u00f4ng tin c\u00e1 nh\u00e2n n\u1ebfu \u0111i\u1ec1u \u0111\u00f3 do lu\u1eadt ph\u00e1p y\u00eau c\u1ea7u v\u00e0 vi\u1ec7c ti\u1ebft l\u1ed9 nh\u01b0 v\u1eady l\u00e0 c\u1ea7n thi\u1ebft m\u1ed9t c\u00e1ch h\u1ee3p l\u00fd \u0111\u1ec3 tu\u00e2n th\u1ee7 c\u00e1c quy tr\u00ecnh ph\u00e1p l\u00fd.<\/p>\n\n<p>\u2013 Chuy\u1ec3n giao kinh doanh (n\u1ebfu c\u00f3): trong tr\u01b0\u1eddng h\u1ee3p s\u00e1p nh\u1eadp, h\u1ee3p nh\u1ea5t to\u00e0n b\u1ed9 ho\u1eb7c m\u1ed9t ph\u1ea7n v\u1edbi c\u00f4ng ty kh\u00e1c, ng\u01b0\u1eddi mua s\u1ebd c\u00f3 quy\u1ec1n truy c\u1eadp th\u00f4ng tin \u0111\u01b0\u1ee3c ch\u00fang t\u00f4i l\u01b0u tr\u1eef, duy tr\u00ec trong \u0111\u00f3 bao g\u1ed3m c\u1ea3 th\u00f4ng tin c\u00e1 nh\u00e2n.\u00a0<\/p>\n\n<p><strong>5. \u0110\u1ecba ch\u1ec9 c\u1ee7a \u0111\u01a1n v\u1ecb thu th\u1eadp v\u00e0 qu\u1ea3n l\u00fd th\u00f4ng tin<\/strong><\/p>\n\n<p>&#8211;\u00a0T\u00ean doanh nghi\u1ec7p:\u00a0H\u1ed8 KINH DOANH V\u01af\u1edcN C\u1ee6A B\u00c9 \u2013 \u0110\u00c0O T\u1ea4N<\/p>\n\n<p>\u2013 Th\u00e0nh l\u1eadp v\u00e0 ho\u1ea1t \u0111\u1ed9ng theo Gi\u1ea5y ch\u1ee9ng nh\u1eadn \u0111\u0103ng k\u00fd doanh nghi\u1ec7p s\u1ed1: 01A8025312 do S\u1edf K\u1ebf ho\u1ea1ch v\u00e0 \u0110\u1ea7u t\u01b0 th\u00e0nh ph\u1ed1 H\u00e0 N\u1ed9i c\u1ea5p ng\u00e0y 23 th\u00e1ng 09 n\u0103m 2019.<\/p>\n\n<p>\u2013 Tr\u1ee5 s\u1edf ch\u00ednh: S\u1ed1 15B \u0110\u00e0o T\u1ea5n, ph\u01b0\u1eddng Ng\u1ecdc Kh\u00e1nh, qu\u1eadn Ba \u0110\u00ecnh, th\u00e0nh ph\u1ed1 H\u00e0 N\u1ed9i<\/p>\n\n<p><strong>6. Ph\u01b0\u01a1ng th\u1ee9c v\u00e0 c\u00f4ng c\u1ee5 \u0111\u1ec3 ng\u01b0\u1eddi d\u00f9ng ti\u1ebfp c\u1eadn v\u00e0 ch\u1ec9nh s\u1eeda d\u1eef li\u1ec7u:<\/strong><\/p>\n\n<p>N\u1ebfu qu\u00fd kh\u00e1ch c\u00f3 b\u1ea5t c\u1ee9 v\u1ec1 y\u00eau c\u1ea7u n\u00e0o v\u1ec1 vi\u1ec7c ti\u1ebfp c\u1eadn v\u00e0 ch\u1ec9nh s\u1eeda th\u00f4ng tin c\u00e1 nh\u00e2n \u0111\u00e3 cung c\u1ea5p, qu\u00fd kh\u00e1ch c\u00f3 th\u1ec3:<\/p>\n\n<p>&#8211; G\u1ecdi \u0111i\u1ec7n tr\u1ef1c ti\u1ebfp v\u1ec1 s\u1ed1 \u0111i\u1ec7n tho\u1ea1i: 0912277022<\/p>\n\n<p>&#8211; G\u1eedi mail:\u00a0chief.vuoncuabe@gmail.com<\/p>\n\n<p><strong>C\u01a1 ch\u1ebf ti\u1ebfp nh\u1eadn v\u00e0 gi\u1ea3i quy\u1ebft khi\u1ebfu n\u1ea1i c\u1ee7a ng\u01b0\u1eddi ti\u00eau d\u00f9ng li\u00ean quan \u0111\u1ebfn vi\u1ec7c th\u00f4ng tin c\u00e1 nh\u00e2n b\u1ecb s\u1eed d\u1ee5ng sai m\u1ee5c \u0111\u00edch ho\u1eb7c ph\u1ea1m vi \u0111\u00e3 th\u00f4ng b\u00e1o:<\/strong><\/p>\n\n<p>T\u1ea1i vuoncuabe.vn, vi\u1ec7c b\u1ea3o v\u1ec7 th\u00f4ng tin c\u00e1 nh\u00e2n c\u1ee7a b\u1ea1n l\u00e0 r\u1ea5t quan tr\u1ecdng, b\u1ea1n \u0111\u01b0\u1ee3c \u0111\u1ea3m b\u1ea3o r\u1eb1ng th\u00f4ng tin cung c\u1ea5p cho ch\u00fang t\u00f4i s\u1ebd \u0111\u01b0\u1ee3c m\u1eadt vuoncuabe.vn cam k\u1ebft kh\u00f4ng chia s\u1ebb, b\u00e1n ho\u1eb7c cho thu\u00ea th\u00f4ng tin c\u00e1 nh\u00e2n c\u1ee7a b\u1ea1n cho b\u1ea5t k\u1ef3 ng\u01b0\u1eddi n\u00e0o kh\u00e1c. vuoncuabe.vncam k\u1ebft ch\u1ec9 s\u1eed d\u1ee5ng c\u00e1c th\u00f4ng tin c\u1ee7a b\u1ea1n v\u00e0o c\u00e1c tr\u01b0\u1eddng h\u1ee3p sau:<\/p>\n\n<p>\u2013 N\u00e2ng cao ch\u1ea5t l\u01b0\u1ee3ng d\u1ecbch v\u1ee5 d\u00e0nh cho kh\u00e1ch h\u00e0ng<\/p>\n\n<p>\u2013 Gi\u1ea3i quy\u1ebft c\u00e1c tranh ch\u1ea5p, khi\u1ebfu n\u1ea1i \u2013 Khi c\u01a1 quan ph\u00e1p lu\u1eadt c\u00f3 y\u00eau c\u1ea7u.<br \/>vuoncuabe.vn hi\u1ec3u r\u1eb1ng quy\u1ec1n l\u1ee3i c\u1ee7a b\u1ea1n trong vi\u1ec7c b\u1ea3o v\u1ec7 th\u00f4ng tin c\u00e1 nh\u00e2n c\u0169ng ch\u00ednh l\u00e0 tr\u00e1ch nhi\u1ec7m c\u1ee7a ch\u00fang t\u00f4i n\u00ean trong b\u1ea5t k\u1ef3 tr\u01b0\u1eddng h\u1ee3p c\u00f3 th\u1eafc m\u1eafc, g\u00f3p \u00fd n\u00e0o li\u00ean quan \u0111\u1ebfn ch\u00ednh s\u00e1ch b\u1ea3o m\u1eadt c\u1ee7a vuoncuabe.vn, v\u00e0 li\u00ean quan \u0111\u1ebfn vi\u1ec7c th\u00f4ng tin c\u00e1 nh\u00e2n b\u1ecb s\u1eed d\u1ee5ng sai m\u1ee5c \u0111\u00edch ho\u1eb7c ph\u1ea1m vi \u0111\u00e3 th\u00f4ng b\u00e1o vui l\u00f2ng li\u00ean h\u1ec7 qua s\u1ed1 hotline 0912277022 ho\u1eb7c email: chief.vuoncuabe@gmail.com \u0111\u1ec3 x\u1eed l\u00fd v\u00e0 l\u00e0m vi\u1ec7c tr\u1ef1c ti\u1ebfp v\u1edbi kh\u00e1ch h\u00e0ng.<\/p>\n\t\t\t\t\t\t\t\t<\/div>\n\t\t\t\t<\/div>\n\t\t\t\t\t<\/div>\n\t\t\t\t<\/div>\n\t\t\t\t<\/div>","protected":false},"excerpt":{"rendered":"<p>Ch\u00ednh s\u00e1ch b\u1ea3o m\u1eadt th\u00f4ng tin 1. M\u1ee5c \u0111\u00edch thu th\u1eadp th\u00f4ng tin c\u00e1 nh\u00e2n M\u1ee5c \u0111\u00edch c\u1ee7a vi\u1ec7c thu th\u1eadp th\u00f4ng tin kh\u00e1ch h\u00e0ng nh\u1eb1m li\u00ean quan \u0111\u1ebfn c\u00e1c v\u1ea5n \u0111\u1ec1 nh\u01b0: &#8211; H\u1ed7 tr\u1ee3 kh\u00e1ch h\u00e0ng: mua h\u00e0ng, thanh to\u00e1n, giao h\u00e0ng.\u00a0 &#8211;\u00a0Cung c\u1ea5p th\u00f4ng tin s\u1ea3n ph\u1ea9m, c\u00e1c d\u1ecbch v\u1ee5 v\u00e0 h\u1ed7 [&hellip;]<\/p>","protected":false},"author":1,"featured_media":0,"parent":0,"menu_order":0,"comment_status":"closed","ping_status":"open","template":"","meta":{"_acf_changed":false,"footnotes":""},"class_list":["post-3","page","type-page","status-publish","hentry"],"acf":[],"_links":{"self":[{"href":"https:\/\/atlanticmedical.vn\/en\/wp-json\/wp\/v2\/pages\/3","targetHints":{"allow":["GET"]}}],"collection":[{"href":"https:\/\/atlanticmedical.vn\/en\/wp-json\/wp\/v2\/pages"}],"about":[{"href":"https:\/\/atlanticmedical.vn\/en\/wp-json\/wp\/v2\/types\/page"}],"author":[{"embeddable":true,"href":"https:\/\/atlanticmedical.vn\/en\/wp-json\/wp\/v2\/users\/1"}],"replies":[{"embeddable":true,"href":"https:\/\/atlanticmedical.vn\/en\/wp-json\/wp\/v2\/comments?post=3"}],"version-history":[{"count":0,"href":"https:\/\/atlanticmedical.vn\/en\/wp-json\/wp\/v2\/pages\/3\/revisions"}],"wp:attachment":[{"href":"https:\/\/atlanticmedical.vn\/en\/wp-json\/wp\/v2\/media?parent=3"}],"curies":[{"name":"wp","href":"https:\/\/api.w.org\/{rel}","templated":true}]}}