{"id":154,"date":"2025-07-30T15:38:12","date_gmt":"2025-07-30T08:38:12","guid":{"rendered":"https:\/\/atlanticmedical.vn\/?page_id=154"},"modified":"2026-03-30T08:29:22","modified_gmt":"2026-03-30T01:29:22","slug":"ve-chung-toi","status":"publish","type":"page","link":"https:\/\/atlanticmedical.vn\/en\/ve-chung-toi\/","title":{"rendered":"V\u1ec1 ch\u00fang t\u00f4i"},"content":{"rendered":"<div data-elementor-type=\"wp-page\" data-elementor-id=\"154\" class=\"elementor elementor-154\" data-elementor-post-type=\"page\">\n\t\t\t\t<div class=\"elementor-element elementor-element-a86b639 e-flex e-con-boxed e-con e-parent\" data-id=\"a86b639\" data-element_type=\"container\" data-settings=\"{&quot;background_background&quot;:&quot;classic&quot;}\">\n\t\t\t\t\t<div class=\"e-con-inner\">\n\t\t\t\t<div class=\"elementor-element elementor-element-7fd3d2f elementor-widget elementor-widget-woocommerce-breadcrumb\" data-id=\"7fd3d2f\" data-element_type=\"widget\" data-widget_type=\"woocommerce-breadcrumb.default\">\n\t\t\t\t<div class=\"elementor-widget-container\">\n\t\t\t\t\t<nav class=\"woocommerce-breadcrumb\" aria-label=\"Breadcrumb\" data-no-translation=\"\" data-trp-gettext=\"\">Home<\/nav>\t\t\t\t<\/div>\n\t\t\t\t<\/div>\n\t\t\t\t\t<\/div>\n\t\t\t\t<\/div>\n\t\t<div class=\"elementor-element elementor-element-d353ad2 e-flex e-con-boxed e-con e-parent\" data-id=\"d353ad2\" data-element_type=\"container\" data-settings=\"{&quot;background_background&quot;:&quot;classic&quot;}\">\n\t\t\t\t\t<div class=\"e-con-inner\">\n\t\t<div class=\"elementor-element elementor-element-388b957 e-con-full e-flex e-con e-child\" data-id=\"388b957\" data-element_type=\"container\">\n\t\t\t\t<div class=\"elementor-element elementor-element-499ae1d elementor-widget elementor-widget-heading\" data-id=\"499ae1d\" data-element_type=\"widget\" data-widget_type=\"heading.default\">\n\t\t\t\t<div class=\"elementor-widget-container\">\n\t\t\t\t\t<h2 class=\"elementor-heading-title elementor-size-default\">Atlantic Medical<\/h2>\t\t\t\t<\/div>\n\t\t\t\t<\/div>\n\t\t\t\t<div class=\"elementor-element elementor-element-4caa21e elementor-widget elementor-widget-text-editor\" data-id=\"4caa21e\" data-element_type=\"widget\" data-widget_type=\"text-editor.default\">\n\t\t\t\t<div class=\"elementor-widget-container\">\n\t\t\t\t\t\t\t\t\t<p>C\u00f4ng ty C\u1ed5 ph\u1ea7n \u0110\u1ea7u t\u01b0 Y t\u1ebf Atlantic \u0111\u01b0\u1ee3c th\u00e0nh l\u1eadp b\u1edfi c\u00e1c d\u01b0\u1ee3c s\u1ef9 t\u00e2m huy\u1ebft v\u1edbi ngh\u1ec1. M\u1ee5c ti\u00eau c\u1ee7a ch\u00fang t\u00f4i l\u00e0 cung c\u1ea5p thu\u1ed1c v\u00e0 c\u00e1c ch\u1ebf ph\u1ea9m \u0111i\u1ec1u tr\u1ecb, h\u1ed7 tr\u1ee3 \u0111i\u1ec1u tr\u1ecb m\u1edbi ho\u1eb7c c\u00f3 \u01b0u th\u1ebf tr\u00ean th\u1ecb tr\u01b0\u1eddng, nh\u1eb1m mang l\u1ea1i s\u1ef1 l\u1ef1a ch\u1ecdn t\u1ed1t h\u01a1n cho nh\u00e2n vi\u00ean y t\u1ebf v\u00e0 ng\u01b0\u1eddi b\u1ec7nh trong vi\u1ec7c \u0111i\u1ec1u tr\u1ecb, c\u1ea3i thi\u1ec7n v\u00e0 ch\u0103m s\u00f3c s\u1ee9c kh\u1ecfe.<\/p><p>V\u1edbi m\u1ee5c ti\u00eau \u0111\u00f3, ch\u00fang t\u00f4i \u0111\u00e3 \u0111\u1ea7u t\u01b0 r\u1ea5t m\u1ea1nh v\u00e0o vi\u1ec7c nghi\u00ean c\u1ee9u th\u1ecb tr\u01b0\u1eddng, ph\u00e1t tri\u1ec3n s\u1ea3n ph\u1ea9m, t\u00ecm ki\u1ebfm \u0111\u1ed1i t\u00e1c \u0111\u1ec3 cung \u1ee9ng nh\u1eefng s\u1ea3n ph\u1ea9m ch\u1ea5t l\u01b0\u1ee3ng cho th\u1ecb tr\u01b0\u1eddng Vi\u1ec7t Nam.<\/p>\t\t\t\t\t\t\t\t<\/div>\n\t\t\t\t<\/div>\n\t\t\t\t<\/div>\n\t\t<div class=\"elementor-element elementor-element-294f5bf e-con-full e-flex e-con e-child\" data-id=\"294f5bf\" data-element_type=\"container\">\n\t\t\t\t<div class=\"elementor-element elementor-element-82d1010 elementor-widget elementor-widget-image\" data-id=\"82d1010\" data-element_type=\"widget\" data-widget_type=\"image.default\">\n\t\t\t\t<div class=\"elementor-widget-container\">\n\t\t\t\t\t\t\t\t\t\t\t\t\t\t\t<img fetchpriority=\"high\" decoding=\"async\" width=\"628\" height=\"464\" src=\"https:\/\/atlanticmedical.vn\/wp-content\/uploads\/2025\/07\/Rectangle-53.png\" class=\"attachment-full size-full wp-image-160\" alt=\"\" srcset=\"https:\/\/atlanticmedical.vn\/wp-content\/uploads\/2025\/07\/Rectangle-53.png 628w, https:\/\/atlanticmedical.vn\/wp-content\/uploads\/2025\/07\/Rectangle-53-510x377.png 510w, https:\/\/atlanticmedical.vn\/wp-content\/uploads\/2025\/07\/Rectangle-53-300x222.png 300w\" sizes=\"(max-width: 628px) 100vw, 628px\" \/>\t\t\t\t\t\t\t\t\t\t\t\t\t\t\t<\/div>\n\t\t\t\t<\/div>\n\t\t\t\t<\/div>\n\t\t\t\t\t<\/div>\n\t\t\t\t<\/div>\n\t\t<div class=\"elementor-element elementor-element-dd69998 e-flex e-con-boxed e-con e-parent\" data-id=\"dd69998\" data-element_type=\"container\" data-settings=\"{&quot;background_background&quot;:&quot;classic&quot;}\">\n\t\t\t\t\t<div class=\"e-con-inner\">\n\t\t<div class=\"elementor-element elementor-element-e3082fd e-con-full e-flex e-con e-child\" data-id=\"e3082fd\" data-element_type=\"container\" data-settings=\"{&quot;background_background&quot;:&quot;gradient&quot;}\">\n\t\t\t\t<div class=\"elementor-element elementor-element-7887ff1 elementor-widget elementor-widget-image\" data-id=\"7887ff1\" data-element_type=\"widget\" data-widget_type=\"image.default\">\n\t\t\t\t<div class=\"elementor-widget-container\">\n\t\t\t\t\t\t\t\t\t\t\t\t\t\t\t<img decoding=\"async\" width=\"147\" height=\"147\" src=\"https:\/\/atlanticmedical.vn\/wp-content\/uploads\/2025\/07\/tam-nhin.png\" class=\"attachment-full size-full wp-image-172\" alt=\"\" srcset=\"https:\/\/atlanticmedical.vn\/wp-content\/uploads\/2025\/07\/tam-nhin.png 147w, https:\/\/atlanticmedical.vn\/wp-content\/uploads\/2025\/07\/tam-nhin-100x100.png 100w, https:\/\/atlanticmedical.vn\/wp-content\/uploads\/2025\/07\/elementor\/thumbs\/tam-nhin-r9ihxp6kn9whcgr5ejfkes49x7duhc64uq8csfxgtw.png 50w\" sizes=\"(max-width: 147px) 100vw, 147px\" \/>\t\t\t\t\t\t\t\t\t\t\t\t\t\t\t<\/div>\n\t\t\t\t<\/div>\n\t\t\t\t<div class=\"elementor-element elementor-element-12ddbec elementor-widget elementor-widget-heading\" data-id=\"12ddbec\" data-element_type=\"widget\" data-widget_type=\"heading.default\">\n\t\t\t\t<div class=\"elementor-widget-container\">\n\t\t\t\t\t<h2 class=\"elementor-heading-title elementor-size-default\">T\u1ea6M NH\u00ccN<\/h2>\t\t\t\t<\/div>\n\t\t\t\t<\/div>\n\t\t\t\t<div class=\"elementor-element elementor-element-b2a5319 elementor-widget-divider--view-line elementor-widget elementor-widget-divider\" data-id=\"b2a5319\" data-element_type=\"widget\" data-widget_type=\"divider.default\">\n\t\t\t\t<div class=\"elementor-widget-container\">\n\t\t\t\t\t\t\t<div class=\"elementor-divider\">\n\t\t\t<span class=\"elementor-divider-separator\">\n\t\t\t\t\t\t<\/span>\n\t\t<\/div>\n\t\t\t\t\t\t<\/div>\n\t\t\t\t<\/div>\n\t\t\t\t<div class=\"elementor-element elementor-element-d71d581 elementor-widget elementor-widget-text-editor\" data-id=\"d71d581\" data-element_type=\"widget\" data-widget_type=\"text-editor.default\">\n\t\t\t\t<div class=\"elementor-widget-container\">\n\t\t\t\t\t\t\t\t\t<p>Tr\u1edf th\u00e0nh \u0111\u1ed1i t\u00e1c ph\u00e2n ph\u1ed1i d\u01b0\u1ee3c ph\u1ea9m h\u00e0ng \u0111\u1ea7u<\/p>\t\t\t\t\t\t\t\t<\/div>\n\t\t\t\t<\/div>\n\t\t\t\t<\/div>\n\t\t<div class=\"elementor-element elementor-element-3b7fa9d e-con-full e-flex e-con e-child\" data-id=\"3b7fa9d\" data-element_type=\"container\" data-settings=\"{&quot;background_background&quot;:&quot;gradient&quot;}\">\n\t\t\t\t<div class=\"elementor-element elementor-element-2506dda elementor-widget elementor-widget-image\" data-id=\"2506dda\" data-element_type=\"widget\" data-widget_type=\"image.default\">\n\t\t\t\t<div class=\"elementor-widget-container\">\n\t\t\t\t\t\t\t\t\t\t\t\t\t\t\t<img decoding=\"async\" width=\"147\" height=\"147\" src=\"https:\/\/atlanticmedical.vn\/wp-content\/uploads\/2025\/07\/su-menh.png\" class=\"attachment-large size-large wp-image-170\" alt=\"\" srcset=\"https:\/\/atlanticmedical.vn\/wp-content\/uploads\/2025\/07\/su-menh.png 147w, https:\/\/atlanticmedical.vn\/wp-content\/uploads\/2025\/07\/su-menh-100x100.png 100w\" sizes=\"(max-width: 147px) 100vw, 147px\" \/>\t\t\t\t\t\t\t\t\t\t\t\t\t\t\t<\/div>\n\t\t\t\t<\/div>\n\t\t\t\t<div class=\"elementor-element elementor-element-1349941 elementor-widget elementor-widget-heading\" data-id=\"1349941\" data-element_type=\"widget\" data-widget_type=\"heading.default\">\n\t\t\t\t<div class=\"elementor-widget-container\">\n\t\t\t\t\t<h2 class=\"elementor-heading-title elementor-size-default\">S\u1ee8 M\u1ec6NH<\/h2>\t\t\t\t<\/div>\n\t\t\t\t<\/div>\n\t\t\t\t<div class=\"elementor-element elementor-element-40965ce elementor-widget-divider--view-line elementor-widget elementor-widget-divider\" data-id=\"40965ce\" data-element_type=\"widget\" data-widget_type=\"divider.default\">\n\t\t\t\t<div class=\"elementor-widget-container\">\n\t\t\t\t\t\t\t<div class=\"elementor-divider\">\n\t\t\t<span class=\"elementor-divider-separator\">\n\t\t\t\t\t\t<\/span>\n\t\t<\/div>\n\t\t\t\t\t\t<\/div>\n\t\t\t\t<\/div>\n\t\t\t\t<div class=\"elementor-element elementor-element-884c49b elementor-widget elementor-widget-text-editor\" data-id=\"884c49b\" data-element_type=\"widget\" data-widget_type=\"text-editor.default\">\n\t\t\t\t<div class=\"elementor-widget-container\">\n\t\t\t\t\t\t\t\t\tMang l\u1ea1i s\u1ef1 l\u1ef1a ch\u1ecdn t\u1ed1t h\u01a1n trong \u0111i\u1ec1u tr\u1ecb v\u00e0 ch\u0103m s\u00f3c s\u1ee9c kh\u1ecfe.\t\t\t\t\t\t\t\t<\/div>\n\t\t\t\t<\/div>\n\t\t\t\t<\/div>\n\t\t<div class=\"elementor-element elementor-element-e4c794c e-con-full e-flex e-con e-child\" data-id=\"e4c794c\" data-element_type=\"container\" data-settings=\"{&quot;background_background&quot;:&quot;gradient&quot;}\">\n\t\t\t\t<div class=\"elementor-element elementor-element-df7a586 elementor-widget elementor-widget-image\" data-id=\"df7a586\" data-element_type=\"widget\" data-widget_type=\"image.default\">\n\t\t\t\t<div class=\"elementor-widget-container\">\n\t\t\t\t\t\t\t\t\t\t\t\t\t\t\t<img loading=\"lazy\" decoding=\"async\" width=\"147\" height=\"147\" src=\"https:\/\/atlanticmedical.vn\/wp-content\/uploads\/2025\/07\/gia-tri-cot-loi.png\" class=\"attachment-large size-large wp-image-168\" alt=\"\" srcset=\"https:\/\/atlanticmedical.vn\/wp-content\/uploads\/2025\/07\/gia-tri-cot-loi.png 147w, https:\/\/atlanticmedical.vn\/wp-content\/uploads\/2025\/07\/gia-tri-cot-loi-100x100.png 100w\" sizes=\"(max-width: 147px) 100vw, 147px\" \/>\t\t\t\t\t\t\t\t\t\t\t\t\t\t\t<\/div>\n\t\t\t\t<\/div>\n\t\t\t\t<div class=\"elementor-element elementor-element-23bdec3 elementor-widget elementor-widget-heading\" data-id=\"23bdec3\" data-element_type=\"widget\" data-widget_type=\"heading.default\">\n\t\t\t\t<div class=\"elementor-widget-container\">\n\t\t\t\t\t<h2 class=\"elementor-heading-title elementor-size-default\">GI\u00c1 TR\u1eca C\u1ed0T L\u00d5I<\/h2>\t\t\t\t<\/div>\n\t\t\t\t<\/div>\n\t\t\t\t<div class=\"elementor-element elementor-element-aef324a elementor-widget-divider--view-line elementor-widget elementor-widget-divider\" data-id=\"aef324a\" data-element_type=\"widget\" data-widget_type=\"divider.default\">\n\t\t\t\t<div class=\"elementor-widget-container\">\n\t\t\t\t\t\t\t<div class=\"elementor-divider\">\n\t\t\t<span class=\"elementor-divider-separator\">\n\t\t\t\t\t\t<\/span>\n\t\t<\/div>\n\t\t\t\t\t\t<\/div>\n\t\t\t\t<\/div>\n\t\t\t\t<div class=\"elementor-element elementor-element-2f75ff4 elementor-widget elementor-widget-text-editor\" data-id=\"2f75ff4\" data-element_type=\"widget\" data-widget_type=\"text-editor.default\">\n\t\t\t\t<div class=\"elementor-widget-container\">\n\t\t\t\t\t\t\t\t\t<ul><li>Uy t\u00edn<\/li><li>Tr\u00ed tu\u1ec7<\/li><li>Kh\u00e1c bi\u1ec7t<\/li><\/ul>\t\t\t\t\t\t\t\t<\/div>\n\t\t\t\t<\/div>\n\t\t\t\t<\/div>\n\t\t\t\t\t<\/div>\n\t\t\t\t<\/div>\n\t\t\t\t<\/div>","protected":false},"excerpt":{"rendered":"<p>Atlantic Medical C\u00f4ng ty C\u1ed5 ph\u1ea7n \u0110\u1ea7u t\u01b0 Y t\u1ebf Atlantic \u0111\u01b0\u1ee3c th\u00e0nh l\u1eadp b\u1edfi c\u00e1c d\u01b0\u1ee3c s\u1ef9 t\u00e2m huy\u1ebft v\u1edbi ngh\u1ec1. M\u1ee5c ti\u00eau c\u1ee7a ch\u00fang t\u00f4i l\u00e0 cung c\u1ea5p thu\u1ed1c v\u00e0 c\u00e1c ch\u1ebf ph\u1ea9m \u0111i\u1ec1u tr\u1ecb, h\u1ed7 tr\u1ee3 \u0111i\u1ec1u tr\u1ecb m\u1edbi ho\u1eb7c c\u00f3 \u01b0u th\u1ebf tr\u00ean th\u1ecb tr\u01b0\u1eddng, nh\u1eb1m mang l\u1ea1i s\u1ef1 l\u1ef1a ch\u1ecdn [&hellip;]<\/p>","protected":false},"author":1,"featured_media":0,"parent":0,"menu_order":0,"comment_status":"closed","ping_status":"closed","template":"elementor_header_footer","meta":{"_acf_changed":false,"footnotes":""},"class_list":["post-154","page","type-page","status-publish","hentry"],"acf":[],"_links":{"self":[{"href":"https:\/\/atlanticmedical.vn\/en\/wp-json\/wp\/v2\/pages\/154","targetHints":{"allow":["GET"]}}],"collection":[{"href":"https:\/\/atlanticmedical.vn\/en\/wp-json\/wp\/v2\/pages"}],"about":[{"href":"https:\/\/atlanticmedical.vn\/en\/wp-json\/wp\/v2\/types\/page"}],"author":[{"embeddable":true,"href":"https:\/\/atlanticmedical.vn\/en\/wp-json\/wp\/v2\/users\/1"}],"replies":[{"embeddable":true,"href":"https:\/\/atlanticmedical.vn\/en\/wp-json\/wp\/v2\/comments?post=154"}],"version-history":[{"count":0,"href":"https:\/\/atlanticmedical.vn\/en\/wp-json\/wp\/v2\/pages\/154\/revisions"}],"wp:attachment":[{"href":"https:\/\/atlanticmedical.vn\/en\/wp-json\/wp\/v2\/media?parent=154"}],"curies":[{"name":"wp","href":"https:\/\/api.w.org\/{rel}","templated":true}]}}